{"id":42758,"date":"2023-03-09T18:45:28","date_gmt":"2023-03-09T11:45:28","guid":{"rendered":"https:\/\/mouldking.store\/shop\/zhegao-qj5183-kawasaki-motorcycle-with-888-pieces\/"},"modified":"2023-03-09T18:45:28","modified_gmt":"2023-03-09T11:45:28","slug":"zhegao-qj5183-kawasaki-motorcycle-with-888-pieces","status":"publish","type":"product","link":"https:\/\/mouldking.store\/it\/shop\/zhegao-qj5183-kawasaki-motorcycle-with-888-pieces\/","title":{"rendered":"ZHEGAO QJ5183 Moto Kawasaki con 888 pezzi"},"content":{"rendered":"<div>\u2705 Moto Kawasaki ZHEGAO QJ5183<br \/>&nbsp;<br \/>\u2705Kawasaki \u00e8 una nota casa motociclistica giapponese che produce una vasta gamma di modelli di moto. Fondata nel 1896, Kawasaki produce motociclette dagli anni &#039;60 ed \u00e8 nota per i suoi motori potenti, la tecnologia innovativa e il design elegante.<br \/>&nbsp;<br \/>\ud83d\udeabIMPORTANTE!&nbsp;<br \/>&nbsp;<br \/>Nome prodotto: moto Kawasaki<br \/>&nbsp;<br \/>Categoria: Tecnica&nbsp;<br \/>&nbsp;<br \/>Questo kit contiene: ZHEGAO QJ5183&nbsp;<br \/>&nbsp;<br \/>888 pezzi di mattoni di buona qualit\u00e0&nbsp;<br \/>&nbsp;<br \/>Dimensioni: 34,64 \u00d7 19,76 cm<br \/>&nbsp;<br \/>Istruzioni manuali&nbsp;<br \/>&nbsp;<br \/>\ud83d\udcccNatura del protagonista&nbsp;<br \/>&nbsp;<br \/>Presentazione della nostra orgogliosa collezione denominata &quot;Kawasaki Motorcycle&quot; da non perdere.&nbsp;<br \/>&nbsp;<br \/>La gamma di motociclette Kawasaki comprende moto sportive, moto da turismo, cruiser e motociclette fuoristrada. Alcuni dei loro modelli popolari includono la Kawasaki Ninja, che \u00e8 una serie di moto sportive ad alte prestazioni, la Kawasaki Vulcan, che \u00e8 una linea di motociclette da crociera, e la Kawasaki KX, che \u00e8 una linea di motociclette fuoristrada.<\/div>","protected":false},"excerpt":{"rendered":"<p>Marca: ZHEGAO<br \/>\nGenere: unisex<br \/>\nFascia d&#039;et\u00e0:&gt; 6 anni<br \/>\nNumero modello: QJ5183<br \/>\nClassificazione: assemblaggio<br \/>\nForma del blocco di plastica: mattoni autobloccanti<br \/>\nMateriale: plastica<br \/>\nTipo di plastica: ABS<br \/>\nBlocchi di mattoni: 888 +<br \/>\nPrevendita<\/p>","protected":false},"featured_media":42756,"comment_status":"open","ping_status":"closed","template":"","meta":{"_acf_changed":false},"product_cat":[1357,364],"product_tag":[7857,2449,389,11080],"class_list":["product","first","instock","shipping-taxable","purchasable","product-type-simple"],"acf":[],"_links":{"self":[{"href":"https:\/\/mouldking.store\/it\/wp-json\/wp\/v2\/product\/42758","targetHints":{"allow":["GET"]}}],"collection":[{"href":"https:\/\/mouldking.store\/it\/wp-json\/wp\/v2\/product"}],"about":[{"href":"https:\/\/mouldking.store\/it\/wp-json\/wp\/v2\/types\/product"}],"replies":[{"embeddable":true,"href":"https:\/\/mouldking.store\/it\/wp-json\/wp\/v2\/comments?post=42758"}],"wp:featuredmedia":[{"embeddable":true,"href":"https:\/\/mouldking.store\/it\/wp-json\/wp\/v2\/media\/42756"}],"wp:attachment":[{"href":"https:\/\/mouldking.store\/it\/wp-json\/wp\/v2\/media?parent=42758"}],"wp:term":[{"taxonomy":"product_cat","embeddable":true,"href":"https:\/\/mouldking.store\/it\/wp-json\/wp\/v2\/product_cat?post=42758"},{"taxonomy":"product_tag","embeddable":true,"href":"https:\/\/mouldking.store\/it\/wp-json\/wp\/v2\/product_tag?post=42758"}],"curies":[{"name":"wp","href":"https:\/\/api.w.org\/{rel}","templated":true}]}}