{"id":42880,"date":"2023-03-15T11:20:43","date_gmt":"2023-03-15T04:20:43","guid":{"rendered":"https:\/\/mouldking.store\/shop\/moc-factory-49271-lumber-car-carriage-with-1287-pieces\/"},"modified":"2025-12-16T22:25:10","modified_gmt":"2025-12-16T15:25:10","slug":"moc-factory-49271-lumber-car-carriage-with-1287-pieces","status":"publish","type":"product","link":"https:\/\/mouldking.store\/it\/shop\/moc-factory-49271-lumber-car-carriage-with-1287-pieces\/","title":{"rendered":"MOC Factory 49271 Carrozza per legname con 1287 pezzi"},"content":{"rendered":"<div>\u2705 MOC-49271 Carrozza per legname<\/p>\n<p>\u2705Un vagone per legname, noto anche come pianale, \u00e8 un tipo di vagone ferroviario utilizzato per il trasporto di legname e altri oggetti grandi e pesanti. \u00c8 progettato con un pianale aperto e piatto che consente un facile carico e scarico del carico ed \u00e8 spesso utilizzato per il trasporto di merci che non possono essere sistemate in vagoni chiusi standard.<\/p>\n<p>\ud83d\udeabIMPORTANTE!<\/p>\n<p>Nome del prodotto: trasporto di legname<\/p>\n<p>Categoria: Tecnica<\/p>\n<p>Questo kit contiene: MOC-49271&nbsp;<\/p>\n<p>1287 pezzi di mattoni di buona qualit\u00e0<\/p>\n<p>Peso: 1000 g<\/p>\n<p>PDF Istruzioni<\/p>\n<p>\ud83d\udcccNatura del protagonista<\/p>\n<p>Presentazione della nostra orgogliosa collezione denominata &quot;Lumber Car Carriage&quot; da non perdere.<\/p>\n<p>I vagoni di legname hanno tipicamente tasche per pali e punti di ancoraggio lungo i lati del ponte per fissare il carico durante il trasporto. Alcuni carri per legname possono anche essere dotati di sponde rimovibili, che ne consentono l&#039;utilizzo per il trasporto di altri tipi di merci quando non trasportano legname. I carri per legname sono disponibili in una variet\u00e0 di dimensioni e capacit\u00e0 di peso, a seconda delle esigenze del carico trasportato. Sono comunemente utilizzati nell&#039;industria dei prodotti forestali per il trasporto di tronchi, legname e altri prodotti in legno, nonch\u00e9 in altri settori per il trasporto di macchinari pesanti, tubi di grandi dimensioni e altri oggetti di grandi dimensioni.<\/p><\/div>","protected":false},"excerpt":{"rendered":"<p>Marca: Fabbrica MOC<br \/>\nGenere: unisex<br \/>\nFascia d&#039;et\u00e0:&gt; 12 anni<br \/>\nNumero modello: 49271<br \/>\nClassificazione: assemblaggio<br \/>\nForma del blocco di plastica: mattoni autobloccanti<br \/>\nMateriale: plastica<br \/>\nTipo di plastica: ABS<br \/>\nBlocchi di mattoni: 1287 +<br \/>\nTempo di organizzazione: 4-8 settimane<\/p>","protected":false},"featured_media":42874,"comment_status":"open","ping_status":"closed","template":"","meta":{"_acf_changed":false},"product_cat":[1360,1357,364],"product_tag":[457,991,11525,389,11080],"class_list":["product","first","instock","shipping-taxable","purchasable","product-type-simple"],"acf":[],"_links":{"self":[{"href":"https:\/\/mouldking.store\/it\/wp-json\/wp\/v2\/product\/42880","targetHints":{"allow":["GET"]}}],"collection":[{"href":"https:\/\/mouldking.store\/it\/wp-json\/wp\/v2\/product"}],"about":[{"href":"https:\/\/mouldking.store\/it\/wp-json\/wp\/v2\/types\/product"}],"replies":[{"embeddable":true,"href":"https:\/\/mouldking.store\/it\/wp-json\/wp\/v2\/comments?post=42880"}],"wp:featuredmedia":[{"embeddable":true,"href":"https:\/\/mouldking.store\/it\/wp-json\/wp\/v2\/media\/42874"}],"wp:attachment":[{"href":"https:\/\/mouldking.store\/it\/wp-json\/wp\/v2\/media?parent=42880"}],"wp:term":[{"taxonomy":"product_cat","embeddable":true,"href":"https:\/\/mouldking.store\/it\/wp-json\/wp\/v2\/product_cat?post=42880"},{"taxonomy":"product_tag","embeddable":true,"href":"https:\/\/mouldking.store\/it\/wp-json\/wp\/v2\/product_tag?post=42880"}],"curies":[{"name":"wp","href":"https:\/\/api.w.org\/{rel}","templated":true}]}}