{"id":42900,"date":"2023-03-15T11:52:20","date_gmt":"2023-03-15T04:52:20","guid":{"rendered":"https:\/\/mouldking.store\/shop\/moc-factory-132661-black-falcons-fortress-classic-castle-with-6710-pieces\/"},"modified":"2025-12-16T22:25:10","modified_gmt":"2025-12-16T15:25:10","slug":"moc-factory-132661-black-falcons-fortress-classic-castle-with-6710-pieces","status":"publish","type":"product","link":"https:\/\/mouldking.store\/it\/shop\/moc-factory-132661-black-falcons-fortress-classic-castle-with-6710-pieces\/","title":{"rendered":"MOC Factory 132661 Black Falcon&#039;s Fortress - Castello classico con 6710 pezzi"},"content":{"rendered":"<div>\u2705 MOC-132661 Fortezza del Falco Nero \u2013 Castello Classico<\/p>\n<p>\u2705Black Falcon&#039;s Fortress \u00e8 un set di mattoni Classic Castle che \u00e8 stato rilasciato per la prima volta nel 2023. Fa parte della fazione Black Falcons, che \u00e8 una delle fazioni immaginarie nel tema Classic Castle.<\/p>\n<p>\ud83d\udeabIMPORTANTE!<\/p>\n<p>Nome prodotto: Black Falcon&#039;s Fortress - Castello classico<\/p>\n<p>Categoria: Edificio modulare<\/p>\n<p>Questo kit contiene: MOC-132661&nbsp;<\/p>\n<p>6710 pezzi di mattoni di buona qualit\u00e0<\/p>\n<p>Dimensioni: 53,34 x 53,34 x 45,72 cm<\/p>\n<p>Peso: 5800 g<\/p>\n<p>PDF Istruzioni<\/p>\n<p>\ud83d\udcccNatura del protagonista<\/p>\n<p>Ti presentiamo la nostra orgogliosa collezione chiamata &quot;Black Falcon&#039;s Fortress - Classic Castle&quot; da non perdere.<\/p>\n<p>Il set comprende una grande struttura fortificata con ponte levatoio, portineria, torri e un mastio centrale. Inoltre viene fornito con diversi cavalieri Black Falcons, alcuni arcieri e alcuni accessori come armi e scudi. Black Falcon&#039;s Fortress \u00e8 stato uno dei set pi\u00f9 grandi e impressionanti del tema del castello classico e rimane un set popolare e ricercato tra i collezionisti di mattoni e i fan del tema. Era notevole per le sue dimensioni, il livello di dettaglio e la giocabilit\u00e0 e ha contribuito a stabilire i Black Falcons come una delle fazioni pi\u00f9 iconiche della linea Classic Castle.<\/p><\/div>","protected":false},"excerpt":{"rendered":"<p>Marca: Fabbrica MOC<br \/>\nGenere: unisex<br \/>\nFascia d&#039;et\u00e0:&gt; 12 anni<br \/>\nNumero modello: 132661<br \/>\nClassificazione: assemblaggio<br \/>\nForma del blocco di plastica: mattoni autobloccanti<br \/>\nMateriale: plastica<br \/>\nTipo di plastica: ABS<br \/>\nBlocchi di mattoni: 6710 +<br \/>\nTempo di organizzazione: 4-8 settimane<\/p>","protected":false},"featured_media":42895,"comment_status":"open","ping_status":"closed","template":"","meta":{"_acf_changed":false},"product_cat":[1365,1395,390],"product_tag":[11462,787,11528,8452,5349,8659,11099,392],"class_list":["product","first","instock","shipping-taxable","purchasable","product-type-simple"],"acf":[],"_links":{"self":[{"href":"https:\/\/mouldking.store\/it\/wp-json\/wp\/v2\/product\/42900","targetHints":{"allow":["GET"]}}],"collection":[{"href":"https:\/\/mouldking.store\/it\/wp-json\/wp\/v2\/product"}],"about":[{"href":"https:\/\/mouldking.store\/it\/wp-json\/wp\/v2\/types\/product"}],"replies":[{"embeddable":true,"href":"https:\/\/mouldking.store\/it\/wp-json\/wp\/v2\/comments?post=42900"}],"wp:featuredmedia":[{"embeddable":true,"href":"https:\/\/mouldking.store\/it\/wp-json\/wp\/v2\/media\/42895"}],"wp:attachment":[{"href":"https:\/\/mouldking.store\/it\/wp-json\/wp\/v2\/media?parent=42900"}],"wp:term":[{"taxonomy":"product_cat","embeddable":true,"href":"https:\/\/mouldking.store\/it\/wp-json\/wp\/v2\/product_cat?post=42900"},{"taxonomy":"product_tag","embeddable":true,"href":"https:\/\/mouldking.store\/it\/wp-json\/wp\/v2\/product_tag?post=42900"}],"curies":[{"name":"wp","href":"https:\/\/api.w.org\/{rel}","templated":true}]}}