{"id":42919,"date":"2023-03-15T12:13:34","date_gmt":"2023-03-15T05:13:34","guid":{"rendered":"https:\/\/mouldking.store\/shop\/moc-factory-139581-falcons-keep-with-1207-pieces\/"},"modified":"2025-12-16T22:25:10","modified_gmt":"2025-12-16T15:25:10","slug":"moc-factory-139581-falcons-keep-with-1207-pieces","status":"publish","type":"product","link":"https:\/\/mouldking.store\/it\/shop\/moc-factory-139581-falcons-keep-with-1207-pieces\/","title":{"rendered":"MOC Factory 139581 Falcon&#039;s Keep con 1207 pezzi"},"content":{"rendered":"<div>\u2705 MOC-139581 Fortezza del falco<\/p>\n<p>\u2705Falcon&#039;s Keep \u00e8 un set di edifici in mattoni che faceva parte del tema del castello in mattoni. Il set \u00e8 stato rilasciato per la prima volta nel 2023 ed \u00e8 stato progettato per essere compatibile con altri set di Castle dell&#039;epoca.<\/p>\n<p>\ud83d\udeabIMPORTANTE!<\/p>\n<p>Nome del prodotto: Fortezza del falco<\/p>\n<p>Categoria: Edificio modulare<\/p>\n<p>Questo kit contiene: MOC-139581<\/p>\n<p>1207 pezzi di mattoni di buona qualit\u00e0<\/p>\n<p>Peso: 1000 g<\/p>\n<p>PDF Istruzioni<\/p>\n<p>\ud83d\udcccNatura del protagonista<\/p>\n<p>Presentazione della nostra orgogliosa collezione denominata &quot;Falcon&#039;s Keep&quot; da non perdere.<\/p>\n<p>Falcon&#039;s Keep \u00e8 una fortezza in stile medievale che comprende un corpo di guardia, un ponte levatoio e diverse torri. Il set include anche diverse minifigure che rappresentano i Black Falcons, una fazione di cavalieri introdotta nel tema del Castello di mattoni negli anni &#039;80. I Black Falcons erano caratterizzati dal loro emblema del falco nero e giallo ed erano spesso raffigurati come avversari dei Lion Knights, un&#039;altra fazione di cavalieri nel tema del Castello di mattoni.<\/p><\/div>","protected":false},"excerpt":{"rendered":"<p>Marca: Fabbrica MOC<br \/>\nGenere: unisex<br \/>\nFascia d&#039;et\u00e0:&gt; 12 anni<br \/>\nNumero modello: 139581<br \/>\nClassificazione: assemblaggio<br \/>\nForma del blocco di plastica: mattoni autobloccanti<br \/>\nMateriale: plastica<br \/>\nTipo di plastica: ABS<br \/>\nBlocchi di mattoni: 1207 +<br \/>\nTempo di organizzazione: 4-8 settimane<\/p>","protected":false},"featured_media":42913,"comment_status":"open","ping_status":"closed","template":"","meta":{"_acf_changed":false},"product_cat":[1365,1395,390],"product_tag":[8452,5349,11099,392],"class_list":["product","first","instock","shipping-taxable","purchasable","product-type-simple"],"acf":[],"_links":{"self":[{"href":"https:\/\/mouldking.store\/it\/wp-json\/wp\/v2\/product\/42919","targetHints":{"allow":["GET"]}}],"collection":[{"href":"https:\/\/mouldking.store\/it\/wp-json\/wp\/v2\/product"}],"about":[{"href":"https:\/\/mouldking.store\/it\/wp-json\/wp\/v2\/types\/product"}],"replies":[{"embeddable":true,"href":"https:\/\/mouldking.store\/it\/wp-json\/wp\/v2\/comments?post=42919"}],"wp:featuredmedia":[{"embeddable":true,"href":"https:\/\/mouldking.store\/it\/wp-json\/wp\/v2\/media\/42913"}],"wp:attachment":[{"href":"https:\/\/mouldking.store\/it\/wp-json\/wp\/v2\/media?parent=42919"}],"wp:term":[{"taxonomy":"product_cat","embeddable":true,"href":"https:\/\/mouldking.store\/it\/wp-json\/wp\/v2\/product_cat?post=42919"},{"taxonomy":"product_tag","embeddable":true,"href":"https:\/\/mouldking.store\/it\/wp-json\/wp\/v2\/product_tag?post=42919"}],"curies":[{"name":"wp","href":"https:\/\/api.w.org\/{rel}","templated":true}]}}