{"id":42935,"date":"2023-03-15T12:41:33","date_gmt":"2023-03-15T05:41:33","guid":{"rendered":"https:\/\/mouldking.store\/shop\/moc-factory-41988-eurofighter-typhoon-with-1108-pieces\/"},"modified":"2025-12-16T22:25:10","modified_gmt":"2025-12-16T15:25:10","slug":"moc-factory-41988-eurofighter-typhoon-with-1108-pieces","status":"publish","type":"product","link":"https:\/\/mouldking.store\/it\/shop\/moc-factory-41988-eurofighter-typhoon-with-1108-pieces\/","title":{"rendered":"MOC Factory 41988 Eurofighter Typhoon con 1108 pezzi"},"content":{"rendered":"<div>\u2705 MOC-41988 Eurofighter Typhoon<\/p>\n<p>\u2705Eurofighter Typhoon \u00e8 un aereo da caccia multiruolo bimotore progettato e costruito da un consorzio di aziende aerospaziali europee, tra cui Airbus, BAE Systems e Leonardo. L&#039;aereo \u00e8 utilizzato da diversi paesi europei, tra cui Regno Unito, Germania, Spagna e Italia, nonch\u00e9 da Arabia Saudita e Oman.<\/p>\n<p>\ud83d\udeabIMPORTANTE!<\/p>\n<p>Nome del prodotto: Eurofighter Typhoon<\/p>\n<p>Categoria: Militare<\/p>\n<p>Questo kit contiene: MOC-41988<\/p>\n<p>1108 pezzi di mattoni di buona qualit\u00e0<\/p>\n<p>Peso: 1100 g<\/p>\n<p>PDF Istruzioni<\/p>\n<p>\ud83d\udcccNatura del protagonista<\/p>\n<p>Ti presentiamo la nostra orgogliosa collezione denominata &quot;Eurofighter Typhoon&quot; da non perdere.<\/p>\n<p>L&#039;Eurofighter Typhoon \u00e8 stato progettato per essere un velivolo altamente manovrabile, agile e versatile in grado di svolgere un&#039;ampia gamma di missioni, tra cui combattimento aria-aria, attacco aria-terra e ricognizione. \u00c8 dotato di sistemi avionici e d&#039;arma avanzati, tra cui un sofisticato sistema radar, sistemi missilistici e attrezzature per la guerra elettronica. L&#039;Eurofighter Typhoon \u00e8 stato coinvolto in diverse operazioni militari, comprese le operazioni NATO in Libia e la missione Baltic Air Policing. \u00c8 considerato uno degli aerei da combattimento pi\u00f9 avanzati e capaci al mondo ed \u00e8 spesso paragonato ad altri aerei da combattimento moderni come l&#039;F-22 Raptor e l&#039;F-35 Lightning II.<\/p><\/div>","protected":false},"excerpt":{"rendered":"<p>Marca: Fabbrica MOC<br \/>\nGenere: unisex<br \/>\nFascia d&#039;et\u00e0:&gt; 12 anni<br \/>\nNumero modello: 41988<br \/>\nClassificazione: assemblaggio<br \/>\nForma del blocco di plastica: mattoni autobloccanti<br \/>\nMateriale: plastica<br \/>\nTipo di plastica: ABS<br \/>\nMattoni Blocchi: 1108 +<br \/>\nTempo di organizzazione: 4-8 settimane<\/p>","protected":false},"featured_media":42930,"comment_status":"open","ping_status":"closed","template":"","meta":{"_acf_changed":false},"product_cat":[1350,1357,372,364],"product_tag":[11534,11533,374,389,11535],"class_list":["product","first","instock","shipping-taxable","purchasable","product-type-simple"],"acf":[],"_links":{"self":[{"href":"https:\/\/mouldking.store\/it\/wp-json\/wp\/v2\/product\/42935","targetHints":{"allow":["GET"]}}],"collection":[{"href":"https:\/\/mouldking.store\/it\/wp-json\/wp\/v2\/product"}],"about":[{"href":"https:\/\/mouldking.store\/it\/wp-json\/wp\/v2\/types\/product"}],"replies":[{"embeddable":true,"href":"https:\/\/mouldking.store\/it\/wp-json\/wp\/v2\/comments?post=42935"}],"wp:featuredmedia":[{"embeddable":true,"href":"https:\/\/mouldking.store\/it\/wp-json\/wp\/v2\/media\/42930"}],"wp:attachment":[{"href":"https:\/\/mouldking.store\/it\/wp-json\/wp\/v2\/media?parent=42935"}],"wp:term":[{"taxonomy":"product_cat","embeddable":true,"href":"https:\/\/mouldking.store\/it\/wp-json\/wp\/v2\/product_cat?post=42935"},{"taxonomy":"product_tag","embeddable":true,"href":"https:\/\/mouldking.store\/it\/wp-json\/wp\/v2\/product_tag?post=42935"}],"curies":[{"name":"wp","href":"https:\/\/api.w.org\/{rel}","templated":true}]}}