{"id":42941,"date":"2023-03-15T13:15:56","date_gmt":"2023-03-15T06:15:56","guid":{"rendered":"https:\/\/mouldking.store\/shop\/moc-factory-37497-boeing-mh-47-g-special-ops-chinook-with-1758-pieces\/"},"modified":"2025-12-16T22:25:10","modified_gmt":"2025-12-16T15:25:10","slug":"moc-factory-37497-boeing-mh-47-g-special-ops-chinook-with-1758-pieces","status":"publish","type":"product","link":"https:\/\/mouldking.store\/it\/shop\/moc-factory-37497-boeing-mh-47-g-special-ops-chinook-with-1758-pieces\/","title":{"rendered":"MOC Factory 37497 Boeing MH-47 G Special Ops Chinook con 1758 pezzi"},"content":{"rendered":"<div>\u2705 MOC-37497 Chinook per operazioni speciali Boeing MH-47 G<\/p>\n<p>\u2705Il Boeing MH-47 G Special Ops Chinook \u00e8 una variante dell&#039;elicottero Chinook che \u00e8 stato appositamente modificato per l&#039;uso da parte delle forze operative speciali. L&#039;MH-47 G \u00e8 utilizzato principalmente dal 160\u00b0 reggimento dell&#039;aviazione per le operazioni speciali dell&#039;esercito degli Stati Uniti, noto anche come &quot;Night Stalkers&quot;.<\/p>\n<p>\ud83d\udeabIMPORTANTE!<\/p>\n<p>Nome del prodotto: Boeing MH-47 G Special Ops Chinook<\/p>\n<p>Categoria: Militare<\/p>\n<p>Questo kit contiene: MOC-37497<\/p>\n<p>1758 pezzi di mattoni di buona qualit\u00e0<\/p>\n<p>Peso: 1700 g<\/p>\n<p>PDF Istruzioni<\/p>\n<p>\ud83d\udcccNatura del protagonista<\/p>\n<p>Presentazione della nostra orgogliosa collezione denominata &quot;Boeing MH-47 G Special Ops Chinook&quot; da non perdere.<\/p>\n<p>L&#039;MH-47 G \u00e8 progettato per fornire capacit\u00e0 di trasporto avanzate alle forze operative speciali, consentendo loro di spostare rapidamente e furtivamente il personale e le attrezzature dentro e fuori da ambienti ostili. L&#039;elicottero \u00e8 dotato di avionica e sistemi d&#039;arma avanzati, nonch\u00e9 di un sistema di rifornimento specializzato che gli consente di eseguire missioni a lungo raggio senza la necessit\u00e0 di rifornimenti aggiuntivi.<\/p><\/div>","protected":false},"excerpt":{"rendered":"<p>Marca: Fabbrica MOC<br \/>\nGenere: unisex<br \/>\nFascia d&#039;et\u00e0:&gt; 12 anni<br \/>\nNumero modello: 37497<br \/>\nClassificazione: assemblaggio<br \/>\nForma del blocco di plastica: mattoni autobloccanti<br \/>\nMateriale: plastica<br \/>\nTipo di plastica: ABS<br \/>\nBlocchi di mattoni: 1758 +<br \/>\nTempo di organizzazione: 4-8 settimane<\/p>","protected":false},"featured_media":42936,"comment_status":"open","ping_status":"closed","template":"","meta":{"_acf_changed":false},"product_cat":[1350,1357,372,364],"product_tag":[3191,11537,11536,374,11327,389],"class_list":["product","first","instock","shipping-taxable","purchasable","product-type-simple"],"acf":[],"_links":{"self":[{"href":"https:\/\/mouldking.store\/it\/wp-json\/wp\/v2\/product\/42941","targetHints":{"allow":["GET"]}}],"collection":[{"href":"https:\/\/mouldking.store\/it\/wp-json\/wp\/v2\/product"}],"about":[{"href":"https:\/\/mouldking.store\/it\/wp-json\/wp\/v2\/types\/product"}],"replies":[{"embeddable":true,"href":"https:\/\/mouldking.store\/it\/wp-json\/wp\/v2\/comments?post=42941"}],"wp:featuredmedia":[{"embeddable":true,"href":"https:\/\/mouldking.store\/it\/wp-json\/wp\/v2\/media\/42936"}],"wp:attachment":[{"href":"https:\/\/mouldking.store\/it\/wp-json\/wp\/v2\/media?parent=42941"}],"wp:term":[{"taxonomy":"product_cat","embeddable":true,"href":"https:\/\/mouldking.store\/it\/wp-json\/wp\/v2\/product_cat?post=42941"},{"taxonomy":"product_tag","embeddable":true,"href":"https:\/\/mouldking.store\/it\/wp-json\/wp\/v2\/product_tag?post=42941"}],"curies":[{"name":"wp","href":"https:\/\/api.w.org\/{rel}","templated":true}]}}