{"id":42961,"date":"2023-03-16T09:55:32","date_gmt":"2023-03-16T02:55:32","guid":{"rendered":"https:\/\/mouldking.store\/shop\/moc-factory-32199-sukhoi-su-37-terminator-with-1664-pieces\/"},"modified":"2025-12-16T22:25:09","modified_gmt":"2025-12-16T15:25:09","slug":"moc-factory-32199-sukhoi-su-37-terminator-with-1664-pieces","status":"publish","type":"product","link":"https:\/\/mouldking.store\/it\/shop\/moc-factory-32199-sukhoi-su-37-terminator-with-1664-pieces\/","title":{"rendered":"MOC Factory 32199 Sukhoi SU-37 TERMINATOR con 1664 pezzi"},"content":{"rendered":"<div>\u2705 MOC-32199 Sukhoi SU-37 TERMINATOR<\/p>\n<p>\u2705Il Sukhoi SU-37 Terminator \u00e8 un aereo da combattimento russo sviluppato dal Sukhoi Design Bureau come versione avanzata del SU-27 Flanker. L&#039;SU-37 \u00e8 stato progettato per essere un aereo da combattimento altamente manovrabile, in grado di eseguire manovre aeree avanzate come la manovra &quot;Cobra&quot;, che prevede il beccheggio rapido del muso dell&#039;aereo fino a un elevato angolo di attacco mantenendo la velocit\u00e0.<\/p>\n<p>\ud83d\udeabIMPORTANTE!<\/p>\n<p>Nome prodotto: Sukhoi SU-37 TERMINATOR<\/p>\n<p>Categoria: Militare<\/p>\n<p>Questo kit contiene: MOC-32199<\/p>\n<p>1664 pezzi di mattoni di buona qualit\u00e0<\/p>\n<p>Peso: 1600 g<\/p>\n<p>PDF Istruzioni<\/p>\n<p>\ud83d\udcccNatura del protagonista<\/p>\n<p>Ti presentiamo la nostra orgogliosa collezione denominata &quot;Sukhoi SU-37 TERMINATOR&quot; da non perdere.<\/p>\n<p>L&#039;SU-37 \u00e8 dotato di sistemi avionici e d&#039;arma avanzati, tra cui un sistema radar avanzato e una variet\u00e0 di armi aria-aria e aria-terra. Il velivolo \u00e8 inoltre dotato di motori di spinta vettoriale, che consentono al pilota di controllare la direzione della spinta del velivolo, fornendo maggiore manovrabilit\u00e0 e controllo. L&#039;SU-37 ha volato per la prima volta nel 1996 e sono stati costruiti un totale di due prototipi. Sebbene l&#039;aereo non sia stato messo in produzione, parte della sua tecnologia avanzata \u00e8 stata incorporata in altri aerei da combattimento Sukhoi, inclusi SU-30, SU-35 e SU-57. L&#039;SU-37 rimane un popolare oggetto di interesse tra gli appassionati di aviazione grazie alle sue avanzate capacit\u00e0 di manovra e tecnologia avanzata.<\/p><\/div>","protected":false},"excerpt":{"rendered":"<p>Marca: Fabbrica MOC<br \/>\nGenere: unisex<br \/>\nFascia d&#039;et\u00e0:&gt; 12 anni<br \/>\nNumero modello: 32199<br \/>\nClassificazione: assemblaggio<br \/>\nForma del blocco di plastica: mattoni autobloccanti<br \/>\nMateriale: plastica<br \/>\nTipo di plastica: ABS<br \/>\nBlocchi di mattoni: 1664 +<br \/>\nTempo di organizzazione: 4-8 settimane<\/p>","protected":false},"featured_media":42956,"comment_status":"open","ping_status":"closed","template":"","meta":{"_acf_changed":false},"product_cat":[1350,1357,372,364],"product_tag":[5271,11534,374,11538,389,4198],"class_list":["product","first","instock","shipping-taxable","purchasable","product-type-simple"],"acf":[],"_links":{"self":[{"href":"https:\/\/mouldking.store\/it\/wp-json\/wp\/v2\/product\/42961","targetHints":{"allow":["GET"]}}],"collection":[{"href":"https:\/\/mouldking.store\/it\/wp-json\/wp\/v2\/product"}],"about":[{"href":"https:\/\/mouldking.store\/it\/wp-json\/wp\/v2\/types\/product"}],"replies":[{"embeddable":true,"href":"https:\/\/mouldking.store\/it\/wp-json\/wp\/v2\/comments?post=42961"}],"wp:featuredmedia":[{"embeddable":true,"href":"https:\/\/mouldking.store\/it\/wp-json\/wp\/v2\/media\/42956"}],"wp:attachment":[{"href":"https:\/\/mouldking.store\/it\/wp-json\/wp\/v2\/media?parent=42961"}],"wp:term":[{"taxonomy":"product_cat","embeddable":true,"href":"https:\/\/mouldking.store\/it\/wp-json\/wp\/v2\/product_cat?post=42961"},{"taxonomy":"product_tag","embeddable":true,"href":"https:\/\/mouldking.store\/it\/wp-json\/wp\/v2\/product_tag?post=42961"}],"curies":[{"name":"wp","href":"https:\/\/api.w.org\/{rel}","templated":true}]}}