{"id":42967,"date":"2023-03-16T10:01:18","date_gmt":"2023-03-16T03:01:18","guid":{"rendered":"https:\/\/mouldking.store\/shop\/moc-factory-29950-f-15-e-strike-eagle-with-1261-pieces\/"},"modified":"2025-12-16T22:25:09","modified_gmt":"2025-12-16T15:25:09","slug":"moc-factory-29950-f-15-e-strike-eagle-with-1261-pieces","status":"publish","type":"product","link":"https:\/\/mouldking.store\/it\/shop\/moc-factory-29950-f-15-e-strike-eagle-with-1261-pieces\/","title":{"rendered":"MOC Factory 29950 F-15 E Strike Eagle con 1261 pezzi"},"content":{"rendered":"<div>\u2705 MOC-29950 F-15 E Strike Eagle<\/p>\n<p>\u2705L&#039;F-15E Strike Eagle \u00e8 un aereo da combattimento multiruolo sviluppato da McDonnell Douglas (ora parte di Boeing) per la United States Air Force (USAF). \u00c8 una variante dell&#039;F-15 Eagle, progettato come caccia da superiorit\u00e0 aerea.<\/p>\n<p>\ud83d\udeabIMPORTANTE!<\/p>\n<p>Nome prodotto: F-15 E Strike Eagle<\/p>\n<p>Categoria: Militare<\/p>\n<p>Questo kit contiene: MOC-29950&nbsp;<\/p>\n<p>1261 pezzi di mattoni di buona qualit\u00e0<\/p>\n<p>Peso: 1200 g<\/p>\n<p>PDF Istruzioni<\/p>\n<p>\ud83d\udcccNatura del protagonista<\/p>\n<p>Presentazione della nostra orgogliosa collezione denominata &quot;F-15 E Strike Eagle&quot; da non perdere.<\/p>\n<p>L&#039;F-15E Strike Eagle \u00e8 progettato sia per missioni aria-aria che aria-terra ed \u00e8 in grado di condurre un&#039;ampia gamma di missioni, comprese missioni di attacco in profondit\u00e0, supporto aereo ravvicinato e interdizione aerea. Il velivolo \u00e8 dotato di avionica avanzata e sistemi d&#039;arma, tra cui un potente sistema radar, un sistema di guerra elettronica e una variet\u00e0 di armi aria-aria e aria-terra.<\/p><\/div>","protected":false},"excerpt":{"rendered":"<p>Marca: Fabbrica MOC<br \/>\nGenere: unisex<br \/>\nFascia d&#039;et\u00e0:&gt; 12 anni<br \/>\nNumero modello: 29950<br \/>\nClassificazione: assemblaggio<br \/>\nForma del blocco di plastica: mattoni autobloccanti<br \/>\nMateriale: plastica<br \/>\nTipo di plastica: ABS<br \/>\nBlocchi di mattoni: 1261 +<br \/>\nTempo di organizzazione: 4-8 settimane<\/p>","protected":false},"featured_media":42962,"comment_status":"open","ping_status":"closed","template":"","meta":{"_acf_changed":false},"product_cat":[1350,1357,372,364],"product_tag":[5271,11534,11540,374,11539,389],"class_list":["product","first","instock","shipping-taxable","purchasable","product-type-simple"],"acf":[],"_links":{"self":[{"href":"https:\/\/mouldking.store\/it\/wp-json\/wp\/v2\/product\/42967","targetHints":{"allow":["GET"]}}],"collection":[{"href":"https:\/\/mouldking.store\/it\/wp-json\/wp\/v2\/product"}],"about":[{"href":"https:\/\/mouldking.store\/it\/wp-json\/wp\/v2\/types\/product"}],"replies":[{"embeddable":true,"href":"https:\/\/mouldking.store\/it\/wp-json\/wp\/v2\/comments?post=42967"}],"wp:featuredmedia":[{"embeddable":true,"href":"https:\/\/mouldking.store\/it\/wp-json\/wp\/v2\/media\/42962"}],"wp:attachment":[{"href":"https:\/\/mouldking.store\/it\/wp-json\/wp\/v2\/media?parent=42967"}],"wp:term":[{"taxonomy":"product_cat","embeddable":true,"href":"https:\/\/mouldking.store\/it\/wp-json\/wp\/v2\/product_cat?post=42967"},{"taxonomy":"product_tag","embeddable":true,"href":"https:\/\/mouldking.store\/it\/wp-json\/wp\/v2\/product_tag?post=42967"}],"curies":[{"name":"wp","href":"https:\/\/api.w.org\/{rel}","templated":true}]}}