{"id":42973,"date":"2023-03-16T10:18:47","date_gmt":"2023-03-16T03:18:47","guid":{"rendered":"https:\/\/mouldking.store\/shop\/moc-factory-140506-gimlis-helmet-with-391-pieces\/"},"modified":"2025-12-16T22:25:09","modified_gmt":"2025-12-16T15:25:09","slug":"moc-factory-140506-gimlis-helmet-with-391-pieces","status":"publish","type":"product","link":"https:\/\/mouldking.store\/it\/shop\/moc-factory-140506-gimlis-helmet-with-391-pieces\/","title":{"rendered":"MOC Factory 140506 Elmo di Gimli con 391 pezzi"},"content":{"rendered":"<div>\u2705 MOC-140506 Elmetto di Gimli<\/p>\n<p>\u2705Gimli&#039;s Helmet \u00e8 un elmo immaginario indossato dal personaggio Gimli in &quot;Il Signore degli Anelli&quot; di JRR Tolkien. Gimli \u00e8 un nano e uno dei membri della Compagnia dell&#039;Anello, che si propone di distruggere l&#039;Unico Anello e sconfiggere l&#039;Oscuro Signore Sauron.<\/p>\n<p>\ud83d\udeabIMPORTANTE!<\/p>\n<p>Nome prodotto: Elmo di Gimli<\/p>\n<p>Categoria: film<\/p>\n<p>Questo kit contiene: MOC-140506<\/p>\n<p>391 pezzi di mattoni di buona qualit\u00e0<\/p>\n<p>PDF Istruzioni<\/p>\n<p>\ud83d\udcccNatura del protagonista<\/p>\n<p>Ti presentiamo la nostra orgogliosa collezione chiamata &quot;Gimli&#039;s Helmet&quot; da non perdere.<\/p>\n<p>Nella storia, l&#039;elmo di Gimli \u00e8 descritto come un elmo robusto e ornato, fatto di acciaio e decorato con argento e oro. L&#039;elmo ha una cresta alta e appuntita, adornata con piume di crine di cavallo nei colori del clan di Gimli, i Nani della Montagna Solitaria. L&#039;elmo presenta anche una protezione per il naso incernierata, che pu\u00f2 essere sollevata per rivelare il volto di Gimli. L&#039;elmo \u00e8 un simbolo dell&#039;identit\u00e0 di Gimli come nano e del suo orgoglio per la sua eredit\u00e0. Ha anche uno scopo pratico in battaglia, fornendo protezione per la testa e il viso di Gimli. Nell&#039;adattamento cinematografico di Peter Jackson de &quot;Il Signore degli Anelli&quot;, l&#039;elmo di Gimli \u00e8 ricreato fedelmente, con intricati dettagli e l&#039;aggiunta di una cuffia di cotta di maglia per proteggere il collo.<\/p><\/div>","protected":false},"excerpt":{"rendered":"<p>Marca: Fabbrica MOC<br \/>\nGenere: unisex<br \/>\nFascia d&#039;et\u00e0:&gt; 12 anni<br \/>\nNumero modello: 140506<br \/>\nClassificazione: assemblaggio<br \/>\nForma del blocco di plastica: mattoni autobloccanti<br \/>\nMateriale: plastica<br \/>\nTipo di plastica: ABS<br \/>\nMattoni Blocchi: 391 +<br \/>\nTempo di organizzazione: 4-8 settimane<\/p>","protected":false},"featured_media":42971,"comment_status":"open","ping_status":"closed","template":"","meta":{"_acf_changed":false},"product_cat":[1365,581,1408],"product_tag":[8452,11542,8047,434,6169],"class_list":["product","first","instock","shipping-taxable","purchasable","product-type-simple"],"acf":[],"_links":{"self":[{"href":"https:\/\/mouldking.store\/it\/wp-json\/wp\/v2\/product\/42973","targetHints":{"allow":["GET"]}}],"collection":[{"href":"https:\/\/mouldking.store\/it\/wp-json\/wp\/v2\/product"}],"about":[{"href":"https:\/\/mouldking.store\/it\/wp-json\/wp\/v2\/types\/product"}],"replies":[{"embeddable":true,"href":"https:\/\/mouldking.store\/it\/wp-json\/wp\/v2\/comments?post=42973"}],"wp:featuredmedia":[{"embeddable":true,"href":"https:\/\/mouldking.store\/it\/wp-json\/wp\/v2\/media\/42971"}],"wp:attachment":[{"href":"https:\/\/mouldking.store\/it\/wp-json\/wp\/v2\/media?parent=42973"}],"wp:term":[{"taxonomy":"product_cat","embeddable":true,"href":"https:\/\/mouldking.store\/it\/wp-json\/wp\/v2\/product_cat?post=42973"},{"taxonomy":"product_tag","embeddable":true,"href":"https:\/\/mouldking.store\/it\/wp-json\/wp\/v2\/product_tag?post=42973"}],"curies":[{"name":"wp","href":"https:\/\/api.w.org\/{rel}","templated":true}]}}