{"id":42978,"date":"2023-03-16T10:28:26","date_gmt":"2023-03-16T03:28:26","guid":{"rendered":"https:\/\/mouldking.store\/shop\/moc-factory-127524-sw-sith-temple-with-2519-pieces\/"},"modified":"2025-12-16T22:25:09","modified_gmt":"2025-12-16T15:25:09","slug":"moc-factory-127524-sw-sith-temple-with-2519-pieces","status":"publish","type":"product","link":"https:\/\/mouldking.store\/it\/shop\/moc-factory-127524-sw-sith-temple-with-2519-pieces\/","title":{"rendered":"Fabbrica MOC 127524 SW - Tempio Sith con 2519 pezzi"},"content":{"rendered":"<div>\u2705 MOC-127524 SW \u2013 Tempio Sith<\/p>\n<p>\u2705Nell&#039;universo di Star Wars, il Tempio Sith si riferisce a vari luoghi che sono stati i centri del potere e della conoscenza dei Sith nel corso della storia millenaria dell&#039;Ordine Sith. L&#039;esatto aspetto e la natura di questi templi variavano a seconda del tempo e del luogo in cui furono costruiti.<\/p>\n<p>\ud83d\udeabIMPORTANTE!<\/p>\n<p>Nome prodotto: SW \u2013 Tempio Sith<\/p>\n<p>Categoria: Guerre stellari<\/p>\n<p>Questo kit contiene: MOC-127524<\/p>\n<p>2519 pezzi di mattoni di buona qualit\u00e0<\/p>\n<p>Dimensioni: 24,6 x 66 x 34,8 (borchie)<\/p>\n<p>PDF Istruzioni<\/p>\n<p>\ud83d\udcccNatura del protagonista<\/p>\n<p>Presentazione della nostra orgogliosa collezione denominata &quot;SW - Sith Temple&quot; da non perdere.<\/p>\n<p>Un notevole esempio di Tempio Sith \u00e8 il Tempio sul pianeta di Malachor, che \u00e8 stato presentato nella serie TV animata &quot;Star Wars Rebels&quot;. Il Tempio di Malachor era un&#039;imponente struttura in grado di imbrigliare e concentrare il potere del lato oscuro della Forza. Fu anche il luogo di una devastante battaglia tra Jedi e Sith, che lasci\u00f2 il tempio in rovina e l&#039;area circostante senza vita. Un altro esempio \u00e8 il Tempio Sith sul pianeta Exegol, che \u00e8 apparso nel film del 2019 &quot;Star Wars: The Rise of Skywalker&quot;. Questo tempio era un&#039;enorme struttura sotterranea che fungeva da roccaforte segreta dei Sith Eternal, un culto che cercava di ripristinare il potere dei Sith e governare la galassia.<\/p><\/div>","protected":false},"excerpt":{"rendered":"<p>Marca: Fabbrica MOC<br \/>\nGenere: unisex<br \/>\nFascia d&#039;et\u00e0:&gt; 12 anni<br \/>\nNumero modello: 127524<br \/>\nClassificazione: assemblaggio<br \/>\nForma del blocco di plastica: mattoni autobloccanti<br \/>\nMateriale: plastica<br \/>\nTipo di plastica: ABS<br \/>\nBlocchi di mattoni: 2519 +<br \/>\nTempo di organizzazione: 4-8 settimane<\/p>","protected":false},"featured_media":42977,"comment_status":"open","ping_status":"closed","template":"","meta":{"_acf_changed":false},"product_cat":[1395,390,581,415,1408],"product_tag":[11099,392,434,11546,436,11001],"class_list":["product","first","instock","shipping-taxable","purchasable","product-type-simple"],"acf":[],"_links":{"self":[{"href":"https:\/\/mouldking.store\/it\/wp-json\/wp\/v2\/product\/42978","targetHints":{"allow":["GET"]}}],"collection":[{"href":"https:\/\/mouldking.store\/it\/wp-json\/wp\/v2\/product"}],"about":[{"href":"https:\/\/mouldking.store\/it\/wp-json\/wp\/v2\/types\/product"}],"replies":[{"embeddable":true,"href":"https:\/\/mouldking.store\/it\/wp-json\/wp\/v2\/comments?post=42978"}],"wp:featuredmedia":[{"embeddable":true,"href":"https:\/\/mouldking.store\/it\/wp-json\/wp\/v2\/media\/42977"}],"wp:attachment":[{"href":"https:\/\/mouldking.store\/it\/wp-json\/wp\/v2\/media?parent=42978"}],"wp:term":[{"taxonomy":"product_cat","embeddable":true,"href":"https:\/\/mouldking.store\/it\/wp-json\/wp\/v2\/product_cat?post=42978"},{"taxonomy":"product_tag","embeddable":true,"href":"https:\/\/mouldking.store\/it\/wp-json\/wp\/v2\/product_tag?post=42978"}],"curies":[{"name":"wp","href":"https:\/\/api.w.org\/{rel}","templated":true}]}}