{"id":43102,"date":"2023-03-17T09:42:41","date_gmt":"2023-03-17T02:42:41","guid":{"rendered":"https:\/\/mouldking.store\/shop\/moc-factory-89438-alphabet-lore-van-with-331-pieces\/"},"modified":"2025-12-16T22:25:08","modified_gmt":"2025-12-16T15:25:08","slug":"moc-factory-89438-alphabet-lore-van-with-331-pieces","status":"publish","type":"product","link":"https:\/\/mouldking.store\/it\/shop\/moc-factory-89438-alphabet-lore-van-with-331-pieces\/","title":{"rendered":"MOC Factory 89438 Alphabet Lore VAN con 331 pezzi"},"content":{"rendered":"<div>\u2705 MOC-89438 Alfabeto Lore VAN<\/p>\n<p>\u2705Prova l&#039;ultima creazione di giocattoli con Alphabet Lore VAN! Questo furgone elegante ed elegante vanta 331 mattoncini, realizzati in plastica ABS di alta qualit\u00e0 che garantisce durata e longevit\u00e0. Misurando 17,7 x 9 x 11,7 cm, questo furgone \u00e8 perfetto per le fantasiose avventure di costruzione del mondo di ogni piccolo creatore!<\/p>\n<p>\ud83d\udeabIMPORTANTE!<\/p>\n<p>Nome del prodotto: Alfabeto Lore VAN<\/p>\n<p>Categoria: Creatore<\/p>\n<p>Questo kit contiene: C9239Y32<\/p>\n<p>331 pezzi di mattoni di buona qualit\u00e0<\/p>\n<p>Dimensioni: 17,7 x 9 x 11,7 cm<\/p>\n<p>Peso: 0,27 kg<\/p>\n<p>PDF Istruzioni<\/p>\n<p>\ud83d\udcccNatura del protagonista<\/p>\n<p>Presentazione della nostra orgogliosa collezione denominata &quot;Alphabet Lore VAN&quot; da non perdere.<\/p>\n<p>Con i suoi vivaci disegni alfabetici, i bambini possono imparare mentre giocano, rendendolo un&#039;ottima aggiunta a qualsiasi ambiente educativo o ricreativo. Quindi non aspettare oltre; prendi il tuo Alphabet Lore VAN oggi e lascia che il tuo costruttore interiore si scateni!<\/p><\/div>","protected":false},"excerpt":{"rendered":"<p>Marca: Fabbrica MOC<br \/>\nGenere: unisex<br \/>\nFascia d&#039;et\u00e0:&gt; 6 anni<br \/>\nNumero modello: 89438<br \/>\nClassificazione: assemblaggio<br \/>\nForma del blocco di plastica: mattoni autobloccanti<br \/>\nMateriale: plastica<br \/>\nTipo di plastica: ABS<br \/>\nBlocchi di mattoni: 331 +<br \/>\nNessuna scatola originale<\/p>","protected":false},"featured_media":43093,"comment_status":"open","ping_status":"closed","template":"","meta":{"_acf_changed":false},"product_cat":[1365,1360,371],"product_tag":[457,11072,8452,10852,11571],"class_list":["product","first","instock","shipping-taxable","purchasable","product-type-simple"],"acf":[],"_links":{"self":[{"href":"https:\/\/mouldking.store\/it\/wp-json\/wp\/v2\/product\/43102","targetHints":{"allow":["GET"]}}],"collection":[{"href":"https:\/\/mouldking.store\/it\/wp-json\/wp\/v2\/product"}],"about":[{"href":"https:\/\/mouldking.store\/it\/wp-json\/wp\/v2\/types\/product"}],"replies":[{"embeddable":true,"href":"https:\/\/mouldking.store\/it\/wp-json\/wp\/v2\/comments?post=43102"}],"wp:featuredmedia":[{"embeddable":true,"href":"https:\/\/mouldking.store\/it\/wp-json\/wp\/v2\/media\/43093"}],"wp:attachment":[{"href":"https:\/\/mouldking.store\/it\/wp-json\/wp\/v2\/media?parent=43102"}],"wp:term":[{"taxonomy":"product_cat","embeddable":true,"href":"https:\/\/mouldking.store\/it\/wp-json\/wp\/v2\/product_cat?post=43102"},{"taxonomy":"product_tag","embeddable":true,"href":"https:\/\/mouldking.store\/it\/wp-json\/wp\/v2\/product_tag?post=43102"}],"curies":[{"name":"wp","href":"https:\/\/api.w.org\/{rel}","templated":true}]}}