{"id":43191,"date":"2023-03-17T11:12:36","date_gmt":"2023-03-17T04:12:36","guid":{"rendered":"https:\/\/mouldking.store\/shop\/moc-factory-136302-mass-effect-2-normandy-sr-2-with-3895-pieces\/"},"modified":"2025-12-16T22:25:07","modified_gmt":"2025-12-16T15:25:07","slug":"moc-factory-136302-mass-effect-2-normandy-sr-2-with-3895-pieces","status":"publish","type":"product","link":"https:\/\/mouldking.store\/it\/shop\/moc-factory-136302-mass-effect-2-normandy-sr-2-with-3895-pieces\/","title":{"rendered":"Fabbrica MOC 136302 Mass Effect 2 Normandy SR-2 con 3895 pezzi"},"content":{"rendered":"<div>\u2705 MOC-136302 Mass Effect 2 Normandia SR-2<\/p>\n<\/div>\n<div>\u2705 La Normandy SR-2 \u00e8 un&#039;astronave immaginaria nel videogioco di fantascienza &quot;Mass Effect 2&quot;. Serve come nave principale del personaggio del giocatore, il Comandante Shepard, e della sua squadra mentre viaggiano attraverso la galassia in varie missioni.<\/p>\n<\/div>\n<div>\ud83d\udeabIMPORTANTE!<\/p>\n<p>Nome del prodotto: Mass Effect 2 Normandia SR-2<\/p>\n<p>Categoria: Spazio<\/p>\n<p>Questo kit contiene: C9383<\/p>\n<p>3895 pezzi di mattoni di buona qualit\u00e0<\/p>\n<p>Dimensioni: 112 x 51 x 24 cm<\/p>\n<p>Peso: 3,72 kg<\/p>\n<p>PDF Istruzioni<\/p>\n<p>\ud83d\udcccNatura del protagonista<\/p>\n<p>Ti presentiamo la nostra orgogliosa collezione chiamata &quot;Mass Effect 2 Normandy SR-2&quot; da non perdere.<\/p>\n<p>La Normandy SR-2 \u00e8 una versione aggiornata dell&#039;originale Normandy SR-1, che \u00e8 stata distrutta negli eventi del primo gioco &quot;Mass Effect&quot;. L&#039;SR-2 \u00e8 pi\u00f9 grande e pi\u00f9 pesantemente armato del suo predecessore ed \u00e8 dotato di un&#039;avanzata tecnologia stealth che gli consente di evitare il rilevamento da parte delle navi nemiche. Nel gioco, la Normandy SR-2 funge da fulcro delle operazioni per il Comandante Shepard e la sua squadra. Contiene varie strutture e risorse, tra cui un ponte, un armadietto per le armi, un&#039;infermeria, un&#039;infermeria e una navetta. La nave \u00e8 inoltre dotata di un sistema di intelligenza artificiale chiamato EDI, che fornisce supporto logistico e informazioni all&#039;equipaggio.<\/p><\/div>","protected":false},"excerpt":{"rendered":"<p>Marca: Fabbrica MOC<br \/>\nGenere: unisex<br \/>\nFascia d&#039;et\u00e0:&gt; 12 anni<br \/>\nNumero modello: 136302<br \/>\nClassificazione: assemblaggio<br \/>\nForma del blocco di plastica: mattoni autobloccanti<br \/>\nMateriale: plastica<br \/>\nTipo di plastica: ABS<br \/>\nBlocchi di mattoni: 3895 +<br \/>\nNessuna scatola originale<\/p>","protected":false},"featured_media":43183,"comment_status":"open","ping_status":"closed","template":"","meta":{"_acf_changed":false},"product_cat":[1357,6016,364],"product_tag":[6559,6561,2276,389],"class_list":["product","first","instock","shipping-taxable","purchasable","product-type-simple"],"acf":[],"_links":{"self":[{"href":"https:\/\/mouldking.store\/it\/wp-json\/wp\/v2\/product\/43191","targetHints":{"allow":["GET"]}}],"collection":[{"href":"https:\/\/mouldking.store\/it\/wp-json\/wp\/v2\/product"}],"about":[{"href":"https:\/\/mouldking.store\/it\/wp-json\/wp\/v2\/types\/product"}],"replies":[{"embeddable":true,"href":"https:\/\/mouldking.store\/it\/wp-json\/wp\/v2\/comments?post=43191"}],"wp:featuredmedia":[{"embeddable":true,"href":"https:\/\/mouldking.store\/it\/wp-json\/wp\/v2\/media\/43183"}],"wp:attachment":[{"href":"https:\/\/mouldking.store\/it\/wp-json\/wp\/v2\/media?parent=43191"}],"wp:term":[{"taxonomy":"product_cat","embeddable":true,"href":"https:\/\/mouldking.store\/it\/wp-json\/wp\/v2\/product_cat?post=43191"},{"taxonomy":"product_tag","embeddable":true,"href":"https:\/\/mouldking.store\/it\/wp-json\/wp\/v2\/product_tag?post=43191"}],"curies":[{"name":"wp","href":"https:\/\/api.w.org\/{rel}","templated":true}]}}