{"id":43205,"date":"2023-03-17T11:38:45","date_gmt":"2023-03-17T04:38:45","guid":{"rendered":"https:\/\/mouldking.store\/shop\/sembo-ab0004-yu-gi-oh-blue-eyes-white-dragon-with-2000-pieces\/"},"modified":"2023-03-17T11:38:45","modified_gmt":"2023-03-17T04:38:45","slug":"sembo-ab0004-yu-gi-oh-blue-eyes-white-dragon-with-2000-pieces","status":"publish","type":"product","link":"https:\/\/mouldking.store\/it\/shop\/sembo-ab0004-yu-gi-oh-blue-eyes-white-dragon-with-2000-pieces\/","title":{"rendered":"SEMBO AB0004 Yu-Gi-Oh: Drago Bianco Occhi Blu con 2000 Pezzi"},"content":{"rendered":"<div>\u2705 SEMBO AB0004 Yu-Gi-Oh: Drago Bianco Occhi Blu<br \/>&nbsp;<br \/>\u2705&quot;Blue-Eyes White Dragon&quot; \u00e8 una carta del gioco di carte collezionabili e della serie anime &quot;Yu-Gi-Oh!&quot;. \u00c8 una delle carte pi\u00f9 iconiche e riconoscibili del gioco, ed \u00e8 spesso associata al protagonista della serie, Yugi Moto.<br \/>&nbsp;<br \/>\ud83d\udeabIMPORTANTE!&nbsp;<br \/>&nbsp;<br \/>Nome del prodotto: Yu-Gi-Oh: Drago Bianco Occhi Blu<br \/>&nbsp;<br \/>Categoria: Creatore&nbsp;<br \/>&nbsp;<br \/>Questo kit contiene: SEMBO AB0004<br \/>&nbsp;<br \/>2000 pezzi di mattoni di buona qualit\u00e0&nbsp;<br \/>&nbsp;<br \/>Dimensioni: 51,2 \u00d7 38,4 \u00d7 28,8 cm<br \/>&nbsp;<br \/>Istruzioni manuali&nbsp;<br \/>&nbsp;<br \/>\ud83d\udcccNatura del protagonista&nbsp;<br \/>&nbsp;<br \/>Presentazione della nostra orgogliosa collezione chiamata &quot;Yu-Gi-Oh: Blue-Eyes White Dragon&quot; da non perdere.&nbsp;<br \/>&nbsp;<br \/>Il drago bianco occhi blu \u00e8 un potente mostro di tipo drago con 3000 punti di attacco e 2500 punti di difesa, che lo rendono uno dei mostri pi\u00f9 forti del gioco. \u00c8 anche notevole per il suo aspetto sorprendente, caratterizzato da squame blu, ali bianche e penetranti occhi azzurri. Nello Yu-Gi-Oh! serie anime, il drago bianco occhi blu \u00e8 una delle carte distintive di Seto Kaiba, un alleato rivale e occasionale di Yugi Moto. Kaiba \u00e8 ossessionato dal drago bianco occhi blu e il suo mazzo include spesso pi\u00f9 copie della carta.<\/div>","protected":false},"excerpt":{"rendered":"<p>Marca: SEMBO<br \/>\nGenere: unisex<br \/>\nFascia d&#039;et\u00e0:&gt; 6 anni<br \/>\nNumero modello: AB0004<br \/>\nClassificazione: assemblaggio<br \/>\nForma del blocco di plastica: mattoni autobloccanti<br \/>\nMateriale: plastica<br \/>\nTipo di plastica: ABS<br \/>\nBlocchi di mattoni: 2000 +<br \/>\nNessuna scatola originale<\/p>","protected":false},"featured_media":43200,"comment_status":"open","ping_status":"closed","template":"","meta":{"_acf_changed":false},"product_cat":[1365,371],"product_tag":[11587,11072,8452,1771,1461,11586],"class_list":["product","first","instock","shipping-taxable","purchasable","product-type-simple"],"acf":[],"_links":{"self":[{"href":"https:\/\/mouldking.store\/it\/wp-json\/wp\/v2\/product\/43205","targetHints":{"allow":["GET"]}}],"collection":[{"href":"https:\/\/mouldking.store\/it\/wp-json\/wp\/v2\/product"}],"about":[{"href":"https:\/\/mouldking.store\/it\/wp-json\/wp\/v2\/types\/product"}],"replies":[{"embeddable":true,"href":"https:\/\/mouldking.store\/it\/wp-json\/wp\/v2\/comments?post=43205"}],"wp:featuredmedia":[{"embeddable":true,"href":"https:\/\/mouldking.store\/it\/wp-json\/wp\/v2\/media\/43200"}],"wp:attachment":[{"href":"https:\/\/mouldking.store\/it\/wp-json\/wp\/v2\/media?parent=43205"}],"wp:term":[{"taxonomy":"product_cat","embeddable":true,"href":"https:\/\/mouldking.store\/it\/wp-json\/wp\/v2\/product_cat?post=43205"},{"taxonomy":"product_tag","embeddable":true,"href":"https:\/\/mouldking.store\/it\/wp-json\/wp\/v2\/product_tag?post=43205"}],"curies":[{"name":"wp","href":"https:\/\/api.w.org\/{rel}","templated":true}]}}