{"id":43227,"date":"2023-03-17T17:47:58","date_gmt":"2023-03-17T10:47:58","guid":{"rendered":"https:\/\/mouldking.store\/shop\/sluban-m38-b1181-mech-master-hulk-the-lonely-brave-with-588-pieces\/"},"modified":"2023-03-17T17:47:58","modified_gmt":"2023-03-17T10:47:58","slug":"sluban-m38-b1181-mech-master-hulk-the-lonely-brave-with-588-pieces","status":"publish","type":"product","link":"https:\/\/mouldking.store\/it\/shop\/sluban-m38-b1181-mech-master-hulk-the-lonely-brave-with-588-pieces\/","title":{"rendered":"Sluban M38-B1181 Mech Master: Hulk il coraggioso solitario con 588 pezzi"},"content":{"rendered":"<div>\u2705 Sluban M38-B1181 Mech Master: Hulk il coraggioso solitario<br \/>&nbsp;<br \/>\u2705Preparati ad assemblare l&#039;ultimo eroe robotico con Mech Master: Hulk the Lonely Brave. Con 588 particelle di blocchi da costruzione, darai vita a una macchina feroce e senza paura che resister\u00e0 a qualsiasi sfida.<br \/>&nbsp;<br \/>\ud83d\udeabIMPORTANTE!&nbsp;<br \/>&nbsp;<br \/>Nome del prodotto: Mech Master: Hulk il coraggioso solitario<br \/>&nbsp;<br \/>Categoria: Creatore&nbsp;<br \/>&nbsp;<br \/>Questo kit contiene: Sluban M38-B1181<br \/>&nbsp;<br \/>588 pezzi di mattoni di buona qualit\u00e0&nbsp;<br \/>&nbsp;<br \/>Dimensioni: 23,7 \u00d7 23 \u00d7 11,8 cm<br \/>&nbsp;<br \/>Istruzioni manuali&nbsp;<br \/>&nbsp;<br \/>\ud83d\udcccNatura del protagonista&nbsp;<br \/>&nbsp;<br \/>Presentazione della nostra orgogliosa collezione chiamata &quot;Mech Master: Hulk the Lonely Brave&quot; da non perdere.&nbsp;<br \/>&nbsp;<br \/>Rilasciato nel 2023, Robot: The Lone Hulk non \u00e8 solo un altro set: \u00e8 un&#039;opportunit\u00e0 per liberare la tua creativit\u00e0 e costruire qualcosa di veramente straordinario. Quindi non perderti questa avventura epica: metti le mani su Robot: The Lone Hulk oggi!<\/div>","protected":false},"excerpt":{"rendered":"<p>Marca: Sluban<br \/>\nGenere: unisex<br \/>\nFascia d&#039;et\u00e0:&gt; 6 anni<br \/>\nNumero modello: M38-B1181<br \/>\nClassificazione: assemblaggio<br \/>\nForma del blocco di plastica: mattoni autobloccanti<br \/>\nMateriale: plastica<br \/>\nTipo di plastica: ABS<br \/>\nMattoni Blocchi: 588 +<br \/>\nPREVENDITA<br \/>\nESAURITO<\/p>","protected":false},"featured_media":43224,"comment_status":"open","ping_status":"closed","template":"","meta":{"_acf_changed":false},"product_cat":[1365,371],"product_tag":[4712,11072,8452,11591,7133,11233,590],"class_list":["product","first","instock","shipping-taxable","purchasable","product-type-simple"],"acf":[],"_links":{"self":[{"href":"https:\/\/mouldking.store\/it\/wp-json\/wp\/v2\/product\/43227","targetHints":{"allow":["GET"]}}],"collection":[{"href":"https:\/\/mouldking.store\/it\/wp-json\/wp\/v2\/product"}],"about":[{"href":"https:\/\/mouldking.store\/it\/wp-json\/wp\/v2\/types\/product"}],"replies":[{"embeddable":true,"href":"https:\/\/mouldking.store\/it\/wp-json\/wp\/v2\/comments?post=43227"}],"wp:featuredmedia":[{"embeddable":true,"href":"https:\/\/mouldking.store\/it\/wp-json\/wp\/v2\/media\/43224"}],"wp:attachment":[{"href":"https:\/\/mouldking.store\/it\/wp-json\/wp\/v2\/media?parent=43227"}],"wp:term":[{"taxonomy":"product_cat","embeddable":true,"href":"https:\/\/mouldking.store\/it\/wp-json\/wp\/v2\/product_cat?post=43227"},{"taxonomy":"product_tag","embeddable":true,"href":"https:\/\/mouldking.store\/it\/wp-json\/wp\/v2\/product_tag?post=43227"}],"curies":[{"name":"wp","href":"https:\/\/api.w.org\/{rel}","templated":true}]}}