{"id":43231,"date":"2023-03-17T17:53:09","date_gmt":"2023-03-17T10:53:09","guid":{"rendered":"https:\/\/mouldking.store\/shop\/sluban-m38-b1180-mech-master-cyber-wukong-with-755-pieces\/"},"modified":"2023-03-17T17:53:09","modified_gmt":"2023-03-17T10:53:09","slug":"sluban-m38-b1180-mech-master-cyber-wukong-with-755-pieces","status":"publish","type":"product","link":"https:\/\/mouldking.store\/it\/shop\/sluban-m38-b1180-mech-master-cyber-wukong-with-755-pieces\/","title":{"rendered":"Sluban M38-B1180 Mech Master: Cyber \u200b\u200b\u200b\u200bWukong con 755 pezzi"},"content":{"rendered":"<div>\u2705 Sluban M38-B1180 Mech Master: Cyber \u200b\u200b\u200b\u200bWukong<br \/>&nbsp;<br \/>\u2705Preparati a liberare la tua creativit\u00e0 interiore con Mech Master: Cyber \u200b\u200b\u200b\u200bWukong, l&#039;ultima aggiunta alla nostra popolare serie di blocchi da costruzione.<br \/>&nbsp;<br \/>\ud83d\udeabIMPORTANTE!&nbsp;<br \/>&nbsp;<br \/>Nome prodotto: Mech Master: Cyber \u200b\u200b\u200b\u200bWukong<br \/>&nbsp;<br \/>Categoria: Creatore&nbsp;<br \/>&nbsp;<br \/>Questo kit contiene: Sluban M38-B1180<br \/>&nbsp;<br \/>755 pezzi di mattoni di buona qualit\u00e0&nbsp;<br \/>&nbsp;<br \/>Dimensioni: 11,8 \u00d7 23 \u00d7 23,7 cm<br \/>&nbsp;<br \/>Istruzioni manuali&nbsp;<br \/>&nbsp;<br \/>\ud83d\udcccNatura del protagonista&nbsp;<br \/>&nbsp;<br \/>Ti presentiamo la nostra orgogliosa collezione chiamata &quot;Mech Master: Cyber \u200b\u200b\u200b\u200bWukong&quot; da non perdere.&nbsp;<br \/>&nbsp;<br \/>Questo incredibile robot vanta ben 755 particelle ed \u00e8 sicuro di sfidare anche i costruttori pi\u00f9 abili l\u00e0 fuori. Con il suo design elegante e le funzionalit\u00e0 all&#039;avanguardia, Robot: Cyber \u200b\u200b\u200b\u200bWukong \u00e8 un must per tutti gli amanti della creazione alla ricerca del loro prossimo grande progetto. Non perdere questa nuova entusiasmante versione nel 2023!<\/div>","protected":false},"excerpt":{"rendered":"<p>Marca: Sluban<br \/>\nGenere: unisex<br \/>\nFascia d&#039;et\u00e0:&gt; 6 anni<br \/>\nNumero modello: M38-B1180<br \/>\nClassificazione: assemblaggio<br \/>\nForma del blocco di plastica: mattoni autobloccanti<br \/>\nMateriale: plastica<br \/>\nTipo di plastica: ABS<br \/>\nBlocchi di mattoni: 755 +<br \/>\nPREVENDITA<br \/>\nESAURITO<\/p>","protected":false},"featured_media":43228,"comment_status":"open","ping_status":"closed","template":"","meta":{"_acf_changed":false},"product_cat":[1365,371],"product_tag":[11072,8452,11592,7133,11233,590,11593],"class_list":["product","first","instock","shipping-taxable","purchasable","product-type-simple"],"acf":[],"_links":{"self":[{"href":"https:\/\/mouldking.store\/it\/wp-json\/wp\/v2\/product\/43231","targetHints":{"allow":["GET"]}}],"collection":[{"href":"https:\/\/mouldking.store\/it\/wp-json\/wp\/v2\/product"}],"about":[{"href":"https:\/\/mouldking.store\/it\/wp-json\/wp\/v2\/types\/product"}],"replies":[{"embeddable":true,"href":"https:\/\/mouldking.store\/it\/wp-json\/wp\/v2\/comments?post=43231"}],"wp:featuredmedia":[{"embeddable":true,"href":"https:\/\/mouldking.store\/it\/wp-json\/wp\/v2\/media\/43228"}],"wp:attachment":[{"href":"https:\/\/mouldking.store\/it\/wp-json\/wp\/v2\/media?parent=43231"}],"wp:term":[{"taxonomy":"product_cat","embeddable":true,"href":"https:\/\/mouldking.store\/it\/wp-json\/wp\/v2\/product_cat?post=43231"},{"taxonomy":"product_tag","embeddable":true,"href":"https:\/\/mouldking.store\/it\/wp-json\/wp\/v2\/product_tag?post=43231"}],"curies":[{"name":"wp","href":"https:\/\/api.w.org\/{rel}","templated":true}]}}