{"id":43239,"date":"2023-03-17T18:10:06","date_gmt":"2023-03-17T11:10:06","guid":{"rendered":"https:\/\/mouldking.store\/shop\/zhegao-00416-tree-house-with-3380-pieces\/"},"modified":"2023-03-23T16:19:13","modified_gmt":"2023-03-23T09:19:13","slug":"zhegao-00416-tree-house-with-3380-pieces","status":"publish","type":"product","link":"https:\/\/mouldking.store\/it\/shop\/zhegao-00416-tree-house-with-3380-pieces\/","title":{"rendered":"ZHEGAO 00416 Casa sull&#039;albero con 3380 pezzi"},"content":{"rendered":"<div>\u2705 ZHEGAO 00416 Casa sull&#039;albero<\/p>\n<p>\u2705Una casa sull&#039;albero \u00e8 una piccola struttura costruita su un albero, tipicamente per scopi ricreativi o di gioco. Pu\u00f2 essere utilizzato come luogo per rilassarsi, leggere, giocare o persino dormire. Le case sugli alberi sono spesso costruite dai bambini o come progetto familiare, ma possono anche essere progettate e costruite professionalmente da architetti e costruttori.<\/p>\n<p>\ud83d\udeabIMPORTANTE!<\/p>\n<p>Nome prodotto: casa sull&#039;albero<\/p>\n<p>Categoria: Creatore<\/p>\n<p>Questo kit contiene: ZHEGAO 00416<\/p>\n<p>3380 pezzi di mattoni di buona qualit\u00e0<\/p>\n<p>Dimensioni: 30,6 \u00d7 26,8 \u00d7 41,6 cm<\/p>\n<p>Istruzioni manuali<\/p>\n<p>\ud83d\udcccNatura del protagonista<\/p>\n<p>Ti presentiamo la nostra orgogliosa collezione chiamata &quot;Tree House&quot; da non perdere.<\/p>\n<p>Le case sugli alberi possono variare in dimensioni e complessit\u00e0, da semplici piattaforme con poche assi e corde a strutture elaborate con pi\u00f9 stanze, finestre e servizi. Possono essere realizzati in legno, metallo o altri materiali e possono essere sostenuti da un singolo albero o da pi\u00f9 alberi. La progettazione di una casa sull&#039;albero tiene spesso conto delle caratteristiche naturali dell&#039;albero, come le dimensioni, la forma e i rami, nonch\u00e9 di considerazioni di sicurezza come la capacit\u00e0 di carico e la stabilit\u00e0 strutturale.<\/p><\/div>","protected":false},"excerpt":{"rendered":"<p>Marca: ZHEGAO<br \/>\nGenere: unisex<br \/>\nFascia d&#039;et\u00e0:&gt; 6 anni<br \/>\nNumero modello: 00416<br \/>\nClassificazione: assemblaggio<br \/>\nForma del blocco di plastica: mattoni autobloccanti<br \/>\nMateriale: plastica<br \/>\nTipo di plastica: ABS<br \/>\nBlocchi di mattoni: 3380 +<br \/>\nNessuna scatola originale<\/p>","protected":false},"featured_media":43238,"comment_status":"open","ping_status":"closed","template":"","meta":{"_acf_changed":false},"product_cat":[1365,371],"product_tag":[11072,8452,548],"class_list":["product","first","instock","shipping-taxable","purchasable","product-type-simple"],"acf":[],"_links":{"self":[{"href":"https:\/\/mouldking.store\/it\/wp-json\/wp\/v2\/product\/43239","targetHints":{"allow":["GET"]}}],"collection":[{"href":"https:\/\/mouldking.store\/it\/wp-json\/wp\/v2\/product"}],"about":[{"href":"https:\/\/mouldking.store\/it\/wp-json\/wp\/v2\/types\/product"}],"replies":[{"embeddable":true,"href":"https:\/\/mouldking.store\/it\/wp-json\/wp\/v2\/comments?post=43239"}],"wp:featuredmedia":[{"embeddable":true,"href":"https:\/\/mouldking.store\/it\/wp-json\/wp\/v2\/media\/43238"}],"wp:attachment":[{"href":"https:\/\/mouldking.store\/it\/wp-json\/wp\/v2\/media?parent=43239"}],"wp:term":[{"taxonomy":"product_cat","embeddable":true,"href":"https:\/\/mouldking.store\/it\/wp-json\/wp\/v2\/product_cat?post=43239"},{"taxonomy":"product_tag","embeddable":true,"href":"https:\/\/mouldking.store\/it\/wp-json\/wp\/v2\/product_tag?post=43239"}],"curies":[{"name":"wp","href":"https:\/\/api.w.org\/{rel}","templated":true}]}}