{"id":43293,"date":"2023-03-20T11:03:48","date_gmt":"2023-03-20T04:03:48","guid":{"rendered":"https:\/\/mouldking.store\/shop\/nicebricks-200618-famous-einstein-with-2368-pieces\/"},"modified":"2023-03-20T11:03:48","modified_gmt":"2023-03-20T04:03:48","slug":"nicebricks-200618-famous-einstein-with-2368-pieces","status":"publish","type":"product","link":"https:\/\/mouldking.store\/it\/shop\/nicebricks-200618-famous-einstein-with-2368-pieces\/","title":{"rendered":"NiceBricks 200618 Famoso Einstein con 2368 pezzi"},"content":{"rendered":"<div>\u2705 NiceBricks 200618 Famoso Einstein<br \/>&nbsp;<br \/>\u2705Albert Einstein era un fisico teorico di origine tedesca che \u00e8 ampiamente considerato come uno degli scienziati pi\u00f9 influenti del 20\u00b0 secolo. \u00c8 meglio conosciuto per aver sviluppato la teoria della relativit\u00e0, che ha rivoluzionato la nostra comprensione dello spazio, del tempo e della gravit\u00e0.<br \/>&nbsp;<br \/>\ud83d\udeabIMPORTANTE!&nbsp;<br \/>&nbsp;<br \/>Nome prodotto: Famoso Einstein<br \/>&nbsp;<br \/>Categoria: Creatore&nbsp;<br \/>&nbsp;<br \/>Questo kit contiene: NiceBricks 200618<br \/>&nbsp;<br \/>2368 pezzi di mattoni di buona qualit\u00e0&nbsp;<br \/>&nbsp;<br \/>Dimensioni: 24 \u00d7 19,3 \u00d7 16 cm<br \/>&nbsp;<br \/>Istruzioni manuali&nbsp;<br \/>&nbsp;<br \/>\ud83d\udcccNatura del protagonista&nbsp;<br \/>&nbsp;<br \/>Presentazione della nostra orgogliosa collezione chiamata &quot;Famous Einstein&quot; da non perdere.&nbsp;<br \/>&nbsp;<br \/>Nel corso della sua carriera, Einstein ha dato contributi significativi a molte aree della fisica, tra cui la meccanica quantistica e la meccanica statistica. Era anche un pacifista e schietto sostenitore dei diritti civili. I contributi di Einstein alla scienza hanno rivoluzionato la nostra comprensione del mondo fisico e continuano a influenzare la ricerca scientifica e il pensiero di oggi. Fu insignito del Premio Nobel per la Fisica nel 1921 per il suo lavoro sulla fisica teorica.<\/div>","protected":false},"excerpt":{"rendered":"<p>Marca: NiceBricks<br \/>\nGenere: unisex<br \/>\nFascia d&#039;et\u00e0:&gt; 6 anni<br \/>\nNumero modello: 200618<br \/>\nClassificazione: assemblaggio<br \/>\nForma del blocco di plastica: mattoni autobloccanti<br \/>\nMateriale: plastica<br \/>\nTipo di plastica: ABS<br \/>\nBlocchi di mattoni: 2368 +<br \/>\nNessuna scatola originale<\/p>","protected":false},"featured_media":43289,"comment_status":"open","ping_status":"closed","template":"","meta":{"_acf_changed":false},"product_cat":[1365,371],"product_tag":[11072,8452,11604],"class_list":["product","first","instock","shipping-taxable","purchasable","product-type-simple"],"acf":[],"_links":{"self":[{"href":"https:\/\/mouldking.store\/it\/wp-json\/wp\/v2\/product\/43293","targetHints":{"allow":["GET"]}}],"collection":[{"href":"https:\/\/mouldking.store\/it\/wp-json\/wp\/v2\/product"}],"about":[{"href":"https:\/\/mouldking.store\/it\/wp-json\/wp\/v2\/types\/product"}],"replies":[{"embeddable":true,"href":"https:\/\/mouldking.store\/it\/wp-json\/wp\/v2\/comments?post=43293"}],"wp:featuredmedia":[{"embeddable":true,"href":"https:\/\/mouldking.store\/it\/wp-json\/wp\/v2\/media\/43289"}],"wp:attachment":[{"href":"https:\/\/mouldking.store\/it\/wp-json\/wp\/v2\/media?parent=43293"}],"wp:term":[{"taxonomy":"product_cat","embeddable":true,"href":"https:\/\/mouldking.store\/it\/wp-json\/wp\/v2\/product_cat?post=43293"},{"taxonomy":"product_tag","embeddable":true,"href":"https:\/\/mouldking.store\/it\/wp-json\/wp\/v2\/product_tag?post=43293"}],"curies":[{"name":"wp","href":"https:\/\/api.w.org\/{rel}","templated":true}]}}