{"id":43412,"date":"2023-03-24T10:51:06","date_gmt":"2023-03-24T03:51:06","guid":{"rendered":"https:\/\/mouldking.store\/shop\/moc-factory-133774-sentry-scrounger-from-horizon-forbidden-west-with-881-pieces\/"},"modified":"2025-12-16T22:25:07","modified_gmt":"2025-12-16T15:25:07","slug":"moc-factory-133774-sentry-scrounger-from-horizon-forbidden-west-with-881-pieces","status":"publish","type":"product","link":"https:\/\/mouldking.store\/it\/shop\/moc-factory-133774-sentry-scrounger-from-horizon-forbidden-west-with-881-pieces\/","title":{"rendered":"MOC Factory 133774 Sentry Scrounger da Horizon: Forbidden West con 881 pezzi"},"content":{"rendered":"<div>\u2705 MOC-133774 Sentry Scrounger da Horizon: Forbidden West<\/p>\n<p>\u2705Horizon: Forbidden West \u00e8 un gioco di ruolo d&#039;azione sviluppato da Guerrilla Games e la cui uscita \u00e8 prevista per febbraio 2022 per le console PlayStation 4 e PlayStation 5. Il gioco \u00e8 un sequel di Horizon Zero Dawn ed \u00e8 ambientato in un mondo post-apocalittico in cui uomini e macchine coesistono, ma sono minacciati da una nuova minaccia.<\/p>\n<p>\ud83d\udeabIMPORTANTE!<\/p>\n<p>Nome del prodotto: Sentry Scrounger da Horizon: Forbidden West<\/p>\n<p>Categoria: film<\/p>\n<p>Questo kit contiene: C9348<\/p>\n<p>881 pezzi di mattoni di buona qualit\u00e0<\/p>\n<p>Dimensioni: 34 x 14 x 28 cm<\/p>\n<p>Peso: 0,45 kg<\/p>\n<p>PDF Istruzioni<\/p>\n<p>\ud83d\udcccNatura del protagonista<\/p>\n<p>Presentazione della nostra orgogliosa collezione chiamata &quot;Sentry Scrounger from Horizon: Forbidden West&quot; da non perdere.<\/p>\n<p>Lo Scrounger \u00e8 una macchina in Horizon Forbidden West. \u00c8 una piccola macchina di classe Acquisition molto simile nell&#039;aspetto e nella funzione agli Scrapper e strappa rapidamente pezzi di macchine morte per raccogliere e riciclare risorse. \u00c8 dotato di armi offensive da utilizzare contro le minacce.<\/p><\/div>","protected":false},"excerpt":{"rendered":"<p>Marca: Fabbrica MOC<br \/>\nGenere: unisex<br \/>\nFascia d&#039;et\u00e0:&gt; 6 anni<br \/>\nNumero modello: 133774<br \/>\nClassificazione: assemblaggio<br \/>\nForma del blocco di plastica: mattoni autobloccanti<br \/>\nMateriale: plastica<br \/>\nTipo di plastica: ABS<br \/>\nBlocchi di mattoni: 881 +<br \/>\nNessuna scatola originale<\/p>","protected":false},"featured_media":43409,"comment_status":"open","ping_status":"closed","template":"","meta":{"_acf_changed":false},"product_cat":[1365,371,581,1408],"product_tag":[11072,8452,9815,8168,434,11627,8833,8965],"class_list":["product","first","instock","shipping-taxable","purchasable","product-type-simple"],"acf":[],"_links":{"self":[{"href":"https:\/\/mouldking.store\/it\/wp-json\/wp\/v2\/product\/43412","targetHints":{"allow":["GET"]}}],"collection":[{"href":"https:\/\/mouldking.store\/it\/wp-json\/wp\/v2\/product"}],"about":[{"href":"https:\/\/mouldking.store\/it\/wp-json\/wp\/v2\/types\/product"}],"replies":[{"embeddable":true,"href":"https:\/\/mouldking.store\/it\/wp-json\/wp\/v2\/comments?post=43412"}],"wp:featuredmedia":[{"embeddable":true,"href":"https:\/\/mouldking.store\/it\/wp-json\/wp\/v2\/media\/43409"}],"wp:attachment":[{"href":"https:\/\/mouldking.store\/it\/wp-json\/wp\/v2\/media?parent=43412"}],"wp:term":[{"taxonomy":"product_cat","embeddable":true,"href":"https:\/\/mouldking.store\/it\/wp-json\/wp\/v2\/product_cat?post=43412"},{"taxonomy":"product_tag","embeddable":true,"href":"https:\/\/mouldking.store\/it\/wp-json\/wp\/v2\/product_tag?post=43412"}],"curies":[{"name":"wp","href":"https:\/\/api.w.org\/{rel}","templated":true}]}}