{"id":43467,"date":"2023-03-24T12:37:22","date_gmt":"2023-03-24T05:37:22","guid":{"rendered":"https:\/\/mouldking.store\/shop\/moc-factory-14123-the-lounge-10253-big-ben-alternate-model-modular-with-3802-pieces\/"},"modified":"2025-12-16T22:25:06","modified_gmt":"2025-12-16T15:25:06","slug":"moc-factory-14123-the-lounge-10253-big-ben-alternate-model-modular-with-3802-pieces","status":"publish","type":"product","link":"https:\/\/mouldking.store\/it\/shop\/moc-factory-14123-the-lounge-10253-big-ben-alternate-model-modular-with-3802-pieces\/","title":{"rendered":"MOC Factory 14123 The Lounge (10253 Big Ben modello alternativo modulare) con 3802 pezzi"},"content":{"rendered":"<div>\u2705 MOC-14123 The Lounge (10253 Big Ben modello alternativo modulare)<\/p>\n<p>\u2705The Lounge \u00e8 un club o lounge privato che si rivolge a persone facoltose o influenti. Questi tipi di lounge offrono spesso servizi come comodi posti a sedere, cibi e bevande raffinati e altri lussi che non sono generalmente disponibili negli spazi pubblici. Possono anche offrire opportunit\u00e0 di networking e la possibilit\u00e0 per i membri di socializzare con altri nei loro circoli sociali o professionali.<\/p>\n<p>\ud83d\udeabIMPORTANTE!<\/p>\n<p>Nome prodotto: The Lounge (10253 Big Ben modello alternativo modulare)<\/p>\n<p>Categoria: Edificio modulare<\/p>\n<p>Questo kit contiene: MOC-14123<\/p>\n<p>3802 pezzi di mattoni di buona qualit\u00e0<\/p>\n<p>PDF Istruzioni<\/p>\n<p>\ud83d\udcccNatura del protagonista<\/p>\n<p>Presentazione della nostra orgogliosa collezione denominata &quot;The Lounge (10253 Big Ben Alternate Model Modular)&quot; da non perdere.<\/p>\n<p>The Lounge \u00e8 un luogo dove la classe superiore viene a rilassarsi dopo una dura giornata. Con una vista mozzafiato sul mare e una squisita aura di esclusivit\u00e0, questo modulare di fascia alta sar\u00e0 un punto culminante di qualsiasi citt\u00e0. Fornisce un ottimo modo per terminare una fila di case senza ricorrere alle noiose lastre stradali.<\/p><\/div>","protected":false},"excerpt":{"rendered":"<p>Marca: Fabbrica MOC<br \/>\nGenere: unisex<br \/>\nFascia d&#039;et\u00e0:&gt; 6 anni<br \/>\nNumero modello: 14123<br \/>\nClassificazione: assemblaggio<br \/>\nForma del blocco di plastica: mattoni autobloccanti<br \/>\nMateriale: plastica<br \/>\nTipo di plastica: ABS<br \/>\nBlocchi di mattoni: 3802 +<br \/>\nTempo di organizzazione: 4-8 settimane<\/p>","protected":false},"featured_media":43464,"comment_status":"open","ping_status":"closed","template":"","meta":{"_acf_changed":false},"product_cat":[1395,390],"product_tag":[11635,4883,392],"class_list":["product","first","instock","shipping-taxable","purchasable","product-type-simple"],"acf":[],"_links":{"self":[{"href":"https:\/\/mouldking.store\/it\/wp-json\/wp\/v2\/product\/43467","targetHints":{"allow":["GET"]}}],"collection":[{"href":"https:\/\/mouldking.store\/it\/wp-json\/wp\/v2\/product"}],"about":[{"href":"https:\/\/mouldking.store\/it\/wp-json\/wp\/v2\/types\/product"}],"replies":[{"embeddable":true,"href":"https:\/\/mouldking.store\/it\/wp-json\/wp\/v2\/comments?post=43467"}],"wp:featuredmedia":[{"embeddable":true,"href":"https:\/\/mouldking.store\/it\/wp-json\/wp\/v2\/media\/43464"}],"wp:attachment":[{"href":"https:\/\/mouldking.store\/it\/wp-json\/wp\/v2\/media?parent=43467"}],"wp:term":[{"taxonomy":"product_cat","embeddable":true,"href":"https:\/\/mouldking.store\/it\/wp-json\/wp\/v2\/product_cat?post=43467"},{"taxonomy":"product_tag","embeddable":true,"href":"https:\/\/mouldking.store\/it\/wp-json\/wp\/v2\/product_tag?post=43467"}],"curies":[{"name":"wp","href":"https:\/\/api.w.org\/{rel}","templated":true}]}}