{"id":43552,"date":"2023-03-27T17:08:29","date_gmt":"2023-03-27T10:08:29","guid":{"rendered":"https:\/\/mouldking.store\/shop\/decool-jisi-16810-espresso-mocha-coffee-maker-with-612-pieces\/"},"modified":"2025-12-16T22:25:06","modified_gmt":"2025-12-16T15:25:06","slug":"decool-jisi-16810-espresso-mocha-coffee-maker-with-612-pieces","status":"publish","type":"product","link":"https:\/\/mouldking.store\/it\/shop\/decool-jisi-16810-espresso-mocha-coffee-maker-with-612-pieces\/","title":{"rendered":"DECOOL \/ JiSi 16810 Caffettiera Espresso Moka con 612 pezzi"},"content":{"rendered":"<div>\u2705 DECOOL 16810 Caffettiera Espresso Moka<br \/>&nbsp;<br \/>\u2705Una caffettiera moka espresso, nota anche come moka o caffettiera da piano cottura, \u00e8 un tipo di caffettiera che prepara il caff\u00e8 utilizzando la pressione del vapore. Si compone di tre parti: una camera inferiore, un cestello centrale del filtro e una camera superiore.<br \/>&nbsp;<br \/>\ud83d\udeabIMPORTANTE!&nbsp;<br \/>&nbsp;<br \/>Nome prodotto: caffettiera espresso moka<br \/>&nbsp;<br \/>Categoria: Creatore&nbsp;<br \/>&nbsp;<br \/>Questo kit contiene: DECOOL 16810<br \/>&nbsp;<br \/>612 pezzi di mattoni di buona qualit\u00e0&nbsp;<br \/>&nbsp;<br \/>Istruzioni manuali&nbsp;<br \/>&nbsp;<br \/>\ud83d\udcccNatura del protagonista&nbsp;<br \/>&nbsp;<br \/>Ti presentiamo la nostra orgogliosa collezione denominata &quot;Espresso Mocha Coffee Maker&quot; da non perdere.&nbsp;<br \/>&nbsp;<br \/>Per utilizzare una caffettiera Moka, l&#039;acqua viene aggiunta nella camera inferiore e il caff\u00e8 macinato fine viene posto nel cestello del filtro. La pentola viene quindi posta sul fornello e riscaldata, facendo bollire l&#039;acqua e creando pressione di vapore. La pressione del vapore spinge l&#039;acqua calda attraverso i fondi di caff\u00e8 e verso l&#039;alto nella camera superiore, dove viene raccolto il caff\u00e8 preparato. Il caff\u00e8 risultante \u00e8 simile per intensit\u00e0 e sapore all&#039;espresso, ma con un profilo di gusto leggermente diverso a causa del metodo di erogazione. Le macchine per caff\u00e8 espresso moka sono popolari in Italia e in altre parti d&#039;Europa, dove sono comunemente utilizzate per preparare caff\u00e8 forte e saporito in casa.<\/div>","protected":false},"excerpt":{"rendered":"<p>Marca: DECOOL \/ JiSi<br \/>\nGenere: unisex<br \/>\nFascia d&#039;et\u00e0:&gt; 8 anni<br \/>\nNumero modello: 16810<br \/>\nClassificazione: assemblaggio<br \/>\nForma del blocco di plastica: mattoni autobloccanti<br \/>\nMateriale: plastica<br \/>\nTipo di plastica: ABS<br \/>\nBlocchi di mattoni: 612 +<br \/>\nNessuna scatola originale<\/p>","protected":false},"featured_media":43547,"comment_status":"open","ping_status":"closed","template":"","meta":{"_acf_changed":false},"product_cat":[1365,371],"product_tag":[5228,11072,8452,11638,11637],"class_list":["product","first","instock","shipping-taxable","purchasable","product-type-simple"],"acf":[],"_links":{"self":[{"href":"https:\/\/mouldking.store\/it\/wp-json\/wp\/v2\/product\/43552","targetHints":{"allow":["GET"]}}],"collection":[{"href":"https:\/\/mouldking.store\/it\/wp-json\/wp\/v2\/product"}],"about":[{"href":"https:\/\/mouldking.store\/it\/wp-json\/wp\/v2\/types\/product"}],"replies":[{"embeddable":true,"href":"https:\/\/mouldking.store\/it\/wp-json\/wp\/v2\/comments?post=43552"}],"wp:featuredmedia":[{"embeddable":true,"href":"https:\/\/mouldking.store\/it\/wp-json\/wp\/v2\/media\/43547"}],"wp:attachment":[{"href":"https:\/\/mouldking.store\/it\/wp-json\/wp\/v2\/media?parent=43552"}],"wp:term":[{"taxonomy":"product_cat","embeddable":true,"href":"https:\/\/mouldking.store\/it\/wp-json\/wp\/v2\/product_cat?post=43552"},{"taxonomy":"product_tag","embeddable":true,"href":"https:\/\/mouldking.store\/it\/wp-json\/wp\/v2\/product_tag?post=43552"}],"curies":[{"name":"wp","href":"https:\/\/api.w.org\/{rel}","templated":true}]}}