{"id":43558,"date":"2023-03-27T17:16:55","date_gmt":"2023-03-27T10:16:55","guid":{"rendered":"https:\/\/mouldking.store\/shop\/decool-jisi-16809-coffee-machine-with-678-pieces\/"},"modified":"2023-03-27T17:16:55","modified_gmt":"2023-03-27T10:16:55","slug":"decool-jisi-16809-coffee-machine-with-678-pieces","status":"publish","type":"product","link":"https:\/\/mouldking.store\/it\/shop\/decool-jisi-16809-coffee-machine-with-678-pieces\/","title":{"rendered":"Macchina da caff\u00e8 DECOOL \/ JiSi 16809 con 678 pezzi"},"content":{"rendered":"<div>\u2705 DECOOL 16809 Macchina da caff\u00e8<br \/>&nbsp;<br \/>\u2705Una macchina da caff\u00e8 \u00e8 un dispositivo progettato per erogare il caff\u00e8 automaticamente, con il minimo sforzo manuale. Sono disponibili molti tipi diversi di macchine da caff\u00e8, ognuna con caratteristiche e metodi di erogazione unici.<br \/>&nbsp;<br \/>\ud83d\udeabIMPORTANTE!&nbsp;<br \/>&nbsp;<br \/>Nome prodotto: macchina da caff\u00e8<br \/>&nbsp;<br \/>Categoria: Creatore&nbsp;<br \/>&nbsp;<br \/>Questo kit contiene: DECOOL 16809&nbsp;<br \/>&nbsp;<br \/>678 pezzi di mattoni di buona qualit\u00e0&nbsp;<br \/>&nbsp;<br \/>Dimensioni: 11 \u00d7 16 \u00d7 19 cm<br \/>&nbsp;<br \/>Istruzioni manuali&nbsp;<br \/>&nbsp;<br \/>\ud83d\udcccNatura del protagonista&nbsp;<br \/>&nbsp;<br \/>Ti presentiamo la nostra orgogliosa collezione denominata &quot;Macchina da caff\u00e8&quot; da non perdere.&nbsp;<br \/>&nbsp;<br \/>Il funzionamento di una macchina da caff\u00e8 dipende dal tipo di macchina. In generale, le macchine da caff\u00e8 funzionano utilizzando acqua calda e fondi di caff\u00e8 per estrarre il sapore e l&#039;aroma del caff\u00e8. La meccanica specifica della macchina dipender\u00e0 dal suo design e dal suo tipo.<\/div>","protected":false},"excerpt":{"rendered":"<p>Marca: DECOOL \/ JiSi<br \/>\nGenere: unisex<br \/>\nFascia d&#039;et\u00e0:&gt; 8 anni<br \/>\nNumero modello: 16809<br \/>\nClassificazione: assemblaggio<br \/>\nForma del blocco di plastica: mattoni autobloccanti<br \/>\nMateriale: plastica<br \/>\nTipo di plastica: ABS<br \/>\nMattoni Blocchi: 678 +<br \/>\nNessuna scatola originale<\/p>","protected":false},"featured_media":43553,"comment_status":"open","ping_status":"closed","template":"","meta":{"_acf_changed":false},"product_cat":[1365,371],"product_tag":[5228,7821,11072,8452],"class_list":["product","first","instock","shipping-taxable","purchasable","product-type-simple"],"acf":[],"_links":{"self":[{"href":"https:\/\/mouldking.store\/it\/wp-json\/wp\/v2\/product\/43558","targetHints":{"allow":["GET"]}}],"collection":[{"href":"https:\/\/mouldking.store\/it\/wp-json\/wp\/v2\/product"}],"about":[{"href":"https:\/\/mouldking.store\/it\/wp-json\/wp\/v2\/types\/product"}],"replies":[{"embeddable":true,"href":"https:\/\/mouldking.store\/it\/wp-json\/wp\/v2\/comments?post=43558"}],"wp:featuredmedia":[{"embeddable":true,"href":"https:\/\/mouldking.store\/it\/wp-json\/wp\/v2\/media\/43553"}],"wp:attachment":[{"href":"https:\/\/mouldking.store\/it\/wp-json\/wp\/v2\/media?parent=43558"}],"wp:term":[{"taxonomy":"product_cat","embeddable":true,"href":"https:\/\/mouldking.store\/it\/wp-json\/wp\/v2\/product_cat?post=43558"},{"taxonomy":"product_tag","embeddable":true,"href":"https:\/\/mouldking.store\/it\/wp-json\/wp\/v2\/product_tag?post=43558"}],"curies":[{"name":"wp","href":"https:\/\/api.w.org\/{rel}","templated":true}]}}