{"id":43977,"date":"2023-04-05T10:04:22","date_gmt":"2023-04-05T03:04:22","guid":{"rendered":"https:\/\/mouldking.store\/shop\/pantasy-86309-the-little-prince-toys-with-1000-pieces\/"},"modified":"2023-04-05T10:04:22","modified_gmt":"2023-04-05T03:04:22","slug":"pantasy-86309-the-little-prince-toys-with-1000-pieces","status":"publish","type":"product","link":"https:\/\/mouldking.store\/it\/shop\/pantasy-86309-the-little-prince-toys-with-1000-pieces\/","title":{"rendered":"Pantasy 86309 Il Piccolo Principe Giocattoli con 1000 Pezzi"},"content":{"rendered":"<div>\u2705 Pantasy 86309 Il Piccolo Principe Giocattoli<br \/>&nbsp;<br \/>\u2705 &quot;Il piccolo principe&quot; \u00e8 una novella scritta da Antoine de Saint-Exup\u00e9ry e pubblicata per la prima volta nel 1943. \u00c8 un&#039;opera letteraria famosa e amata che \u00e8 stata tradotta in numerose lingue e ha venduto milioni di copie in tutto il mondo.<br \/>&nbsp;<br \/>\ud83d\udeabIMPORTANTE!&nbsp;<br \/>&nbsp;<br \/>Nome del prodotto: i giocattoli del piccolo principe<br \/>&nbsp;<br \/>Categoria: Creatore&nbsp;<br \/>&nbsp;<br \/>Questo kit contiene: Pantasy 86309<br \/>&nbsp;<br \/>1000 pezzi di mattoni di buona qualit\u00e0&nbsp;<br \/>&nbsp;<br \/>Dimensioni: 12,6 \u00d7 8 \u00d7 17,8 cm<br \/>&nbsp;<br \/>Istruzioni manuali&nbsp;<br \/>&nbsp;<br \/>\ud83d\udcccNatura del protagonista&nbsp;<br \/>&nbsp;<br \/>Ti presentiamo la nostra orgogliosa collezione chiamata &quot;The Little Prince Toys&quot; da non perdere.&nbsp;<br \/>&nbsp;<br \/>La storia segue un ragazzo, chiamato &quot;il piccolo principe&quot;, che viaggia di pianeta in pianeta, incontrando vari personaggi lungo la strada. Attraverso i suoi viaggi, il piccolo principe impara importanti lezioni sulla vita, l&#039;amore e l&#039;amicizia. La storia \u00e8 spesso interpretata come un&#039;allegoria filosofica, con il piccolo principe che rappresenta l&#039;innocenza e lo spirito umano, e il suo viaggio che simboleggia la ricerca di significato e comprensione nella vita. Il libro esplora temi come l&#039;importanza dell&#039;immaginazione, i pericoli della ristrettezza mentale e del conformismo e la bellezza della semplicit\u00e0 e della connessione umana.<\/div>","protected":false},"excerpt":{"rendered":"<p>Marca: Pantasie<br \/>\nGenere: unisex<br \/>\nFascia d&#039;et\u00e0:&gt; 6 anni<br \/>\nNumero modello: 86309<br \/>\nClassificazione: assemblaggio<br \/>\nForma del blocco di plastica: mattoni autobloccanti<br \/>\nMateriale: plastica<br \/>\nTipo di plastica: ABS<br \/>\nBlocchi di mattoni: 1000 +<br \/>\nNessuna scatola originale<\/p>","protected":false},"author":83,"featured_media":43972,"comment_status":"open","ping_status":"closed","template":"","meta":{"_acf_changed":false},"product_cat":[1365,371],"product_tag":[11072,8452,11607],"class_list":["product","first","instock","shipping-taxable","purchasable","product-type-simple"],"acf":[],"_links":{"self":[{"href":"https:\/\/mouldking.store\/it\/wp-json\/wp\/v2\/product\/43977","targetHints":{"allow":["GET"]}}],"collection":[{"href":"https:\/\/mouldking.store\/it\/wp-json\/wp\/v2\/product"}],"about":[{"href":"https:\/\/mouldking.store\/it\/wp-json\/wp\/v2\/types\/product"}],"author":[{"embeddable":true,"href":"https:\/\/mouldking.store\/it\/wp-json\/wp\/v2\/users\/83"}],"replies":[{"embeddable":true,"href":"https:\/\/mouldking.store\/it\/wp-json\/wp\/v2\/comments?post=43977"}],"wp:featuredmedia":[{"embeddable":true,"href":"https:\/\/mouldking.store\/it\/wp-json\/wp\/v2\/media\/43972"}],"wp:attachment":[{"href":"https:\/\/mouldking.store\/it\/wp-json\/wp\/v2\/media?parent=43977"}],"wp:term":[{"taxonomy":"product_cat","embeddable":true,"href":"https:\/\/mouldking.store\/it\/wp-json\/wp\/v2\/product_cat?post=43977"},{"taxonomy":"product_tag","embeddable":true,"href":"https:\/\/mouldking.store\/it\/wp-json\/wp\/v2\/product_tag?post=43977"}],"curies":[{"name":"wp","href":"https:\/\/api.w.org\/{rel}","templated":true}]}}