{"id":43986,"date":"2023-04-05T10:25:09","date_gmt":"2023-04-05T03:25:09","guid":{"rendered":"https:\/\/mouldking.store\/shop\/mj-13023-blue-rose-with-77-pieces\/"},"modified":"2023-04-05T10:25:09","modified_gmt":"2023-04-05T03:25:09","slug":"mj-13023-blue-rose-with-77-pieces","status":"publish","type":"product","link":"https:\/\/mouldking.store\/it\/shop\/mj-13023-blue-rose-with-77-pieces\/","title":{"rendered":"MJ 13023 Rosa blu con 77 pezzi"},"content":{"rendered":"<div>\u2705 MJ 13023 Rosa Blu (Solo 1 Rosa)<\/p>\n<p>\u2705Le rose blu, pur non essendo presenti naturalmente in natura, sono spesso associate a mistero, intrigo e irraggiungibile. La loro rarit\u00e0 e colorazione unica hanno dato loro vari significati simbolici nel corso della storia e attraverso le culture.&nbsp;<br \/>&nbsp;<br \/>\ud83d\udeabIMPORTANTE!&nbsp;<br \/>&nbsp;<br \/>Nome del prodotto: rosa blu<br \/>&nbsp;<br \/>Categoria: Creatore&nbsp;<br \/>&nbsp;<br \/>Questo kit contiene: MJ 13023&nbsp;<br \/>&nbsp;<br \/>77 pezzi di mattoni di buona qualit\u00e0 &nbsp;<br \/>&nbsp;<br \/>Istruzioni manuali&nbsp;<br \/>&nbsp;<br \/>\ud83d\udcccNatura del protagonista&nbsp;<br \/>&nbsp;<br \/>Ti presentiamo la nostra orgogliosa collezione chiamata &quot;Blue Rose&quot; da non perdere.&nbsp;<br \/>&nbsp;<br \/>Le rose blu sono spesso associate a mistero e intrigo, forse a causa della loro rarit\u00e0 e del loro colore non convenzionale. In alcuni contesti, possono rappresentare l&#039;ignoto o il nascosto. Poich\u00e9 le rose blu non esistono in natura e devono essere create artificialmente, possono simboleggiare qualcosa che \u00e8 impossibile da raggiungere o raggiungere. Le rose blu possono anche essere associate alla fantasia o all&#039;altro mondo, forse a causa della loro rarit\u00e0 e del loro aspetto ultraterreno. In alcuni contesti, le rose blu possono rappresentare nuovi inizi o nuovi inizi. Ci\u00f2 pu\u00f2 essere dovuto al fatto che sono una variazione rara e unica di un fiore comune, che rappresenta una nuova interpretazione di qualcosa di familiare.<\/div>","protected":false},"excerpt":{"rendered":"<p>Marca: M.J<br \/>\nGenere: unisex<br \/>\nFascia d&#039;et\u00e0:&gt; 6 anni<br \/>\nNumero modello: 13023<br \/>\nClassificazione: assemblaggio<br \/>\nForma del blocco di plastica: mattoni autobloccanti<br \/>\nMateriale: plastica<br \/>\nTipo di plastica: ABS<br \/>\nBlocchi di mattoni: 77 +<br \/>\nNessuna scatola originale<br \/>\nSolo una rosa<\/p>","protected":false},"featured_media":43984,"comment_status":"open","ping_status":"closed","template":"","meta":{"_acf_changed":false},"product_cat":[1365,371],"product_tag":[11072,8452,10868],"class_list":["product","first","instock","shipping-taxable","purchasable","product-type-simple"],"acf":[],"_links":{"self":[{"href":"https:\/\/mouldking.store\/it\/wp-json\/wp\/v2\/product\/43986","targetHints":{"allow":["GET"]}}],"collection":[{"href":"https:\/\/mouldking.store\/it\/wp-json\/wp\/v2\/product"}],"about":[{"href":"https:\/\/mouldking.store\/it\/wp-json\/wp\/v2\/types\/product"}],"replies":[{"embeddable":true,"href":"https:\/\/mouldking.store\/it\/wp-json\/wp\/v2\/comments?post=43986"}],"wp:featuredmedia":[{"embeddable":true,"href":"https:\/\/mouldking.store\/it\/wp-json\/wp\/v2\/media\/43984"}],"wp:attachment":[{"href":"https:\/\/mouldking.store\/it\/wp-json\/wp\/v2\/media?parent=43986"}],"wp:term":[{"taxonomy":"product_cat","embeddable":true,"href":"https:\/\/mouldking.store\/it\/wp-json\/wp\/v2\/product_cat?post=43986"},{"taxonomy":"product_tag","embeddable":true,"href":"https:\/\/mouldking.store\/it\/wp-json\/wp\/v2\/product_tag?post=43986"}],"curies":[{"name":"wp","href":"https:\/\/api.w.org\/{rel}","templated":true}]}}