{"id":43998,"date":"2023-04-05T10:45:23","date_gmt":"2023-04-05T03:45:23","guid":{"rendered":"https:\/\/mouldking.store\/shop\/panlosbrick-880018-kumamon-japanese-house-with-1099-pieces\/"},"modified":"2023-04-05T10:45:23","modified_gmt":"2023-04-05T03:45:23","slug":"panlosbrick-880018-kumamon-japanese-house-with-1099-pieces","status":"publish","type":"product","link":"https:\/\/mouldking.store\/it\/shop\/panlosbrick-880018-kumamon-japanese-house-with-1099-pieces\/","title":{"rendered":"PANLOSBRICK 880018 Casa giapponese Kumamon con 1099 pezzi"},"content":{"rendered":"<div>\u2705 PANLOS 880018 Casa giapponese Kumamon<br \/>&nbsp;<br \/>\u2705Kumamon \u00e8 un personaggio mascotte creato dal governo della prefettura di Kumamoto, in Giappone. Il personaggio \u00e8 un orso nero con guance rosee e un&#039;espressione amichevole, ed \u00e8 stato creato nel 2010 come parte di una campagna per promuovere il turismo e i prodotti locali di Kumamoto.<br \/>&nbsp;<br \/>\ud83d\udeabIMPORTANTE!&nbsp;<br \/>&nbsp;<br \/>Nome prodotto: casa giapponese Kumamon<br \/>&nbsp;<br \/>Categoria: Edificio modulare<br \/>&nbsp;<br \/>Questo kit contiene: PANLOS 880018<br \/>&nbsp;<br \/>1099 pezzi di mattoni di buona qualit\u00e0&nbsp;<br \/>&nbsp;<br \/>Dimensioni: 27,2 \u00d7 14,4 \u00d7 21,3 cm<br \/>&nbsp;<br \/>Istruzioni manuali&nbsp;<br \/>&nbsp;<br \/>\ud83d\udcccNatura del protagonista&nbsp;<br \/>&nbsp;<br \/>Ti presentiamo la nostra orgogliosa collezione chiamata &quot;Kumamon Japanese House&quot; da non perdere.&nbsp;<\/p>\n<p>Le case tradizionali giapponesi sono caratterizzate dalle loro caratteristiche architettoniche uniche che riflettono la storia, la cultura e il clima del paese. Le case tradizionali giapponesi sono tipicamente costruite con materiali naturali come legno, bamb\u00f9 e carta. L&#039;uso di questi materiali contribuisce a creare un&#039;atmosfera calda e accogliente. Le case giapponesi hanno tipicamente un tetto a falde ripide ricoperto di piastrelle di ceramica o paglia. Le gronde a strapiombo forniscono ombra e protezione dalla pioggia, mentre la pendenza ripida aiuta a prevenire l&#039;accumulo di neve.<\/p><\/div>","protected":false},"excerpt":{"rendered":"<p>Marca: PANLOSBRICK<br \/>\nGenere: unisex<br \/>\nFascia d&#039;et\u00e0:&gt; 6 anni<br \/>\nNumero modello: 880018<br \/>\nClassificazione: assemblaggio<br \/>\nForma del blocco di plastica: mattoni autobloccanti<br \/>\nMateriale: plastica<br \/>\nTipo di plastica: ABS<br \/>\nBlocchi di mattoni: 1099 +<br \/>\nNessuna scatola originale<\/p>","protected":false},"featured_media":43993,"comment_status":"open","ping_status":"closed","template":"","meta":{"_acf_changed":false},"product_cat":[1365,1395,371,390],"product_tag":[11072,8452,2318,5434,10990,392],"class_list":["product","first","instock","shipping-taxable","purchasable","product-type-simple"],"acf":[],"_links":{"self":[{"href":"https:\/\/mouldking.store\/it\/wp-json\/wp\/v2\/product\/43998","targetHints":{"allow":["GET"]}}],"collection":[{"href":"https:\/\/mouldking.store\/it\/wp-json\/wp\/v2\/product"}],"about":[{"href":"https:\/\/mouldking.store\/it\/wp-json\/wp\/v2\/types\/product"}],"replies":[{"embeddable":true,"href":"https:\/\/mouldking.store\/it\/wp-json\/wp\/v2\/comments?post=43998"}],"wp:featuredmedia":[{"embeddable":true,"href":"https:\/\/mouldking.store\/it\/wp-json\/wp\/v2\/media\/43993"}],"wp:attachment":[{"href":"https:\/\/mouldking.store\/it\/wp-json\/wp\/v2\/media?parent=43998"}],"wp:term":[{"taxonomy":"product_cat","embeddable":true,"href":"https:\/\/mouldking.store\/it\/wp-json\/wp\/v2\/product_cat?post=43998"},{"taxonomy":"product_tag","embeddable":true,"href":"https:\/\/mouldking.store\/it\/wp-json\/wp\/v2\/product_tag?post=43998"}],"curies":[{"name":"wp","href":"https:\/\/api.w.org\/{rel}","templated":true}]}}