{"id":44017,"date":"2023-04-10T09:44:06","date_gmt":"2023-04-10T02:44:06","guid":{"rendered":"https:\/\/mouldking.store\/shop\/moc-factory-85569-battlestar-galactica-mk-ii-cylon-raider-minifig-scale-with-670-pieces\/"},"modified":"2025-12-16T22:25:05","modified_gmt":"2025-12-16T15:25:05","slug":"moc-factory-85569-battlestar-galactica-mk-ii-cylon-raider-minifig-scale-with-670-pieces","status":"publish","type":"product","link":"https:\/\/mouldking.store\/it\/shop\/moc-factory-85569-battlestar-galactica-mk-ii-cylon-raider-minifig-scale-with-670-pieces\/","title":{"rendered":"MOC Factory 85569 Battlestar Galactica MK II Cylon Raider Minifig Scala con 670 pezzi"},"content":{"rendered":"<div>\u2705 MOC-85569 Scala Minifig Battlestar Galactica MK II Cylon Raider<\/p>\n<p>\u2705Il Battlestar Galactica MK II Cylon Raider \u00e8 un&#039;astronave immaginaria della serie TV di fantascienza Battlestar Galactica. Nello spettacolo, il Cylon Raider \u00e8 un velivolo da combattimento avanzato utilizzato dai Cylon, una razza di robot senzienti che sono i principali antagonisti della serie.<\/p>\n<p>\ud83d\udeabIMPORTANTE!<\/p>\n<p>Nome del prodotto: Battlestar Galactica MK II Cylon Raider Minifig Scale<\/p>\n<p>Categoria: Spazio<\/p>\n<p>Questo kit contiene: C9346<\/p>\n<p>670 pezzi di mattoni di buona qualit\u00e0<\/p>\n<p>Dimensioni: 40 x 20 x 12 cm<\/p>\n<p>Peso: 0,58 kg<\/p>\n<p>PDF Istruzioni<\/p>\n<p>\ud83d\udcccNatura del protagonista<\/p>\n<p>Presentazione della nostra orgogliosa collezione denominata &quot;Battlestar Galactica MK II Cylon Raider Minifig Scale&quot; da non perdere.<\/p>\n<p>La versione MK II del Cylon Raider \u00e8 una versione aggiornata del Raider originale, con armi, motori e altre funzionalit\u00e0 migliorate. \u00c8 un velivolo da combattimento monoposto tipicamente utilizzato per ricognizioni, intercettazioni e altre operazioni militari. I Cylon Raiders sono noti per il loro design distintivo, con uno scafo elegante e dall&#039;aspetto organico e un caratteristico occhio rosso al centro della sezione anteriore.<\/p><\/div>","protected":false},"excerpt":{"rendered":"<p>Marca: Fabbrica MOC<br \/>\nGenere: unisex<br \/>\nFascia d&#039;et\u00e0:&gt; 6 anni<br \/>\nNumero modello: 85569<br \/>\nClassificazione: assemblaggio<br \/>\nForma del blocco di plastica: mattoni autobloccanti<br \/>\nMateriale: plastica<br \/>\nTipo di plastica: ABS<br \/>\nBlocchi di mattoni: 670 +<br \/>\nNessuna scatola originale<\/p>","protected":false},"featured_media":44013,"comment_status":"open","ping_status":"closed","template":"","meta":{"_acf_changed":false},"product_cat":[1357,6016,364],"product_tag":[5328,11689,5329,11341,2276,9002,389],"class_list":["product","first","instock","shipping-taxable","purchasable","product-type-simple"],"acf":[],"_links":{"self":[{"href":"https:\/\/mouldking.store\/it\/wp-json\/wp\/v2\/product\/44017","targetHints":{"allow":["GET"]}}],"collection":[{"href":"https:\/\/mouldking.store\/it\/wp-json\/wp\/v2\/product"}],"about":[{"href":"https:\/\/mouldking.store\/it\/wp-json\/wp\/v2\/types\/product"}],"replies":[{"embeddable":true,"href":"https:\/\/mouldking.store\/it\/wp-json\/wp\/v2\/comments?post=44017"}],"wp:featuredmedia":[{"embeddable":true,"href":"https:\/\/mouldking.store\/it\/wp-json\/wp\/v2\/media\/44013"}],"wp:attachment":[{"href":"https:\/\/mouldking.store\/it\/wp-json\/wp\/v2\/media?parent=44017"}],"wp:term":[{"taxonomy":"product_cat","embeddable":true,"href":"https:\/\/mouldking.store\/it\/wp-json\/wp\/v2\/product_cat?post=44017"},{"taxonomy":"product_tag","embeddable":true,"href":"https:\/\/mouldking.store\/it\/wp-json\/wp\/v2\/product_tag?post=44017"}],"curies":[{"name":"wp","href":"https:\/\/api.w.org\/{rel}","templated":true}]}}