{"id":44063,"date":"2023-04-10T10:16:36","date_gmt":"2023-04-10T03:16:36","guid":{"rendered":"https:\/\/mouldking.store\/shop\/moc-factory-89419-suzumes-chair-sota-munakata-with-119-pieces\/"},"modified":"2025-12-16T22:25:05","modified_gmt":"2025-12-16T15:25:05","slug":"moc-factory-89419-suzumes-chair-sota-munakata-with-119-pieces","status":"publish","type":"product","link":"https:\/\/mouldking.store\/it\/shop\/moc-factory-89419-suzumes-chair-sota-munakata-with-119-pieces\/","title":{"rendered":"MOC Factory 89419 Sedia di Suzume Sota Munakata con 119 pezzi"},"content":{"rendered":"<div>\u2705 MOC-89419 Sedia Sota Munakata di Suzume<\/p>\n<p>\u2705&quot;Suzume&quot; \u00e8 un personaggio del film d&#039;avventura fantasy animato giapponese del 2022 prodotto da CoMix Wave Films, intitolato &quot;Suzume no Gakko no Cinderella&quot; (La scuola di Cenerentola di Suzume) in Giappone e &quot;Belle&quot; nei mercati internazionali. Il personaggio Suzume \u00e8 il protagonista del film ed \u00e8 doppiato dall&#039;attrice e cantante Kaho Nakamura.<\/p>\n<p>\ud83d\udeabIMPORTANTE!<\/p>\n<p>Nome del prodotto: sedia di Suzume Sota Munakata<\/p>\n<p>Categoria: Creatore<\/p>\n<p>Questo kit contiene: C9417<\/p>\n<p>119 pezzi di mattoni di buona qualit\u00e0<\/p>\n<p>Dimensioni: 9,7 x 8,5 x 14,1 cm<\/p>\n<p>Peso: 0,14 kg<\/p>\n<p>PDF Istruzioni<\/p>\n<p>\ud83d\udcccNatura del protagonista<\/p>\n<p>Vi presentiamo la nostra orgogliosa collezione chiamata &quot;Suzume&#039;s Chair Sota Munakata&quot; da non perdere.<\/p>\n<p>Il film racconta la storia di una giovane ragazza di nome Suzume che vive in una cittadina rurale del Giappone e sogna di diventare una cantante. Le viene data l&#039;opportunit\u00e0 di partecipare a un concorso musicale di realt\u00e0 virtuale, dove crea un avatar digitale chiamato &quot;Belle&quot; che diventa una sensazione mondiale. Man mano che la popolarit\u00e0 di Belle cresce, Suzume deve affrontare le sfide della fama e della propria identit\u00e0. Il film \u00e8 stato elogiato per la sua animazione, la musica e i temi della scoperta di s\u00e9 e dell&#039;empowerment. \u00c8 stato diretto dall&#039;acclamato regista Mamoru Hosoda e distribuito in Giappone nel luglio 2021, con un&#039;uscita internazionale all&#039;inizio del 2022.<\/p><\/div>","protected":false},"excerpt":{"rendered":"<p>Marca: Fabbrica MOC<br \/>\nGenere: unisex<br \/>\nFascia d&#039;et\u00e0:&gt; 6 anni<br \/>\nNumero modello: 89419<br \/>\nClassificazione: assemblaggio<br \/>\nForma del blocco di plastica: mattoni autobloccanti<br \/>\nMateriale: plastica<br \/>\nTipo di plastica: ABS<br \/>\nMattoni Blocchi: 119 +<br \/>\nNessuna scatola originale<\/p>","protected":false},"featured_media":44053,"comment_status":"open","ping_status":"closed","template":"","meta":{"_acf_changed":false},"product_cat":[1365,371],"product_tag":[11113,11072,8452,11694,11693,11692],"class_list":["product","first","instock","shipping-taxable","purchasable","product-type-simple"],"acf":[],"_links":{"self":[{"href":"https:\/\/mouldking.store\/it\/wp-json\/wp\/v2\/product\/44063","targetHints":{"allow":["GET"]}}],"collection":[{"href":"https:\/\/mouldking.store\/it\/wp-json\/wp\/v2\/product"}],"about":[{"href":"https:\/\/mouldking.store\/it\/wp-json\/wp\/v2\/types\/product"}],"replies":[{"embeddable":true,"href":"https:\/\/mouldking.store\/it\/wp-json\/wp\/v2\/comments?post=44063"}],"wp:featuredmedia":[{"embeddable":true,"href":"https:\/\/mouldking.store\/it\/wp-json\/wp\/v2\/media\/44053"}],"wp:attachment":[{"href":"https:\/\/mouldking.store\/it\/wp-json\/wp\/v2\/media?parent=44063"}],"wp:term":[{"taxonomy":"product_cat","embeddable":true,"href":"https:\/\/mouldking.store\/it\/wp-json\/wp\/v2\/product_cat?post=44063"},{"taxonomy":"product_tag","embeddable":true,"href":"https:\/\/mouldking.store\/it\/wp-json\/wp\/v2\/product_tag?post=44063"}],"curies":[{"name":"wp","href":"https:\/\/api.w.org\/{rel}","templated":true}]}}