{"id":44105,"date":"2023-04-10T11:08:59","date_gmt":"2023-04-10T04:08:59","guid":{"rendered":"https:\/\/mouldking.store\/shop\/mj-13018-black-magic-castle-book-with-969-pieces\/"},"modified":"2023-04-10T11:08:59","modified_gmt":"2023-04-10T04:08:59","slug":"mj-13018-black-magic-castle-book-with-969-pieces","status":"publish","type":"product","link":"https:\/\/mouldking.store\/it\/shop\/mj-13018-black-magic-castle-book-with-969-pieces\/","title":{"rendered":"MJ 13018 Black Magic Castle Libro con 969 pezzi"},"content":{"rendered":"<div>\u2705 MJI 13018 Libro del castello di magia nera<br \/>&nbsp;<br \/>\u2705Barad-d\u00fbr \u00e8 una torre immaginaria nell&#039;universo della Terra di Mezzo di JRR Tolkien e appare nel suo romanzo &quot;Il Signore degli Anelli&quot;. Era la fortezza del Signore Oscuro Sauron e si trovava nella terra di Mordor.<br \/>&nbsp;<br \/>\ud83d\udeabIMPORTANTE!&nbsp;<br \/>&nbsp;<br \/>Nome del prodotto: Black Magic Castle Libro<br \/>&nbsp;<br \/>Categoria: film<\/p>\n<p>Questo kit contiene: MJI 13018&nbsp;<br \/>&nbsp;<br \/>969 pezzi di mattoni di buona qualit\u00e0&nbsp;<br \/>&nbsp;<br \/>Istruzioni manuali&nbsp;<br \/>&nbsp;<br \/>\ud83d\udcccNatura del protagonista&nbsp;<br \/>&nbsp;<br \/>Ti presentiamo la nostra orgogliosa collezione chiamata &quot;Black Magic Castle Book&quot; da non perdere.&nbsp;<br \/>&nbsp;<br \/>Barad-d\u00fbr fu costruito da Sauron durante la Seconda Era e fu inizialmente distrutto dall&#039;Ultima Alleanza di Elfi e Uomini, guidata da Gil-galad ed Elendil, alla fine della Seconda Era. Tuttavia, Sauron ricostru\u00ec la torre durante la Terza Era e la us\u00f2 come base operativa nei suoi sforzi per conquistare la Terra di Mezzo. La torre \u00e8 stata descritta come incredibilmente alta e imponente, con pareti impermeabili alle armi convenzionali. Barad-d\u00fbr fu infine distrutto alla fine della Guerra dell&#039;Anello quando Frodo Baggins distrusse l&#039;Unico Anello nelle fiamme del Monte Fato, causando la distruzione del potere di Sauron e il crollo della torre.<\/div>","protected":false},"excerpt":{"rendered":"<p>Marca: M.J<br \/>\nGenere: unisex<br \/>\nFascia d&#039;et\u00e0:&gt; 13 anni<br \/>\nNumero modello: 13018<br \/>\nClassificazione: assemblaggio<br \/>\nForma del blocco di plastica: mattoni autobloccanti<br \/>\nMateriale: plastica<br \/>\nTipo di plastica: ABS<br \/>\nBlocchi di mattoni: 969 +<br \/>\nNessuna scatola originale<\/p>","protected":false},"featured_media":44101,"comment_status":"open","ping_status":"closed","template":"","meta":{"_acf_changed":false},"product_cat":[1365,1395,390,581,1408],"product_tag":[787,8452,8858,392,434],"class_list":["product","first","instock","shipping-taxable","purchasable","product-type-simple"],"acf":[],"_links":{"self":[{"href":"https:\/\/mouldking.store\/it\/wp-json\/wp\/v2\/product\/44105","targetHints":{"allow":["GET"]}}],"collection":[{"href":"https:\/\/mouldking.store\/it\/wp-json\/wp\/v2\/product"}],"about":[{"href":"https:\/\/mouldking.store\/it\/wp-json\/wp\/v2\/types\/product"}],"replies":[{"embeddable":true,"href":"https:\/\/mouldking.store\/it\/wp-json\/wp\/v2\/comments?post=44105"}],"wp:featuredmedia":[{"embeddable":true,"href":"https:\/\/mouldking.store\/it\/wp-json\/wp\/v2\/media\/44101"}],"wp:attachment":[{"href":"https:\/\/mouldking.store\/it\/wp-json\/wp\/v2\/media?parent=44105"}],"wp:term":[{"taxonomy":"product_cat","embeddable":true,"href":"https:\/\/mouldking.store\/it\/wp-json\/wp\/v2\/product_cat?post=44105"},{"taxonomy":"product_tag","embeddable":true,"href":"https:\/\/mouldking.store\/it\/wp-json\/wp\/v2\/product_tag?post=44105"}],"curies":[{"name":"wp","href":"https:\/\/api.w.org\/{rel}","templated":true}]}}