{"id":44123,"date":"2023-04-10T11:36:55","date_gmt":"2023-04-10T04:36:55","guid":{"rendered":"https:\/\/mouldking.store\/shop\/moc-factory-41221-oshkosh-m911-red-version-het-with-1815-pieces\/"},"modified":"2025-12-16T22:25:04","modified_gmt":"2025-12-16T15:25:04","slug":"moc-factory-41221-oshkosh-m911-red-version-het-with-1815-pieces","status":"publish","type":"product","link":"https:\/\/mouldking.store\/it\/shop\/moc-factory-41221-oshkosh-m911-red-version-het-with-1815-pieces\/","title":{"rendered":"MOC Factory 41221 Oshkosh M911 Versione rossa HET con 1815 pezzi"},"content":{"rendered":"<div>\u2705 MOC-41221 Oshkosh M911 Versione Rossa HET<\/p>\n<p>\u2705L&#039;Oshkosh M911 \u00e8 un camion militare per impieghi gravosi prodotto da Oshkosh Corporation per le forze armate degli Stati Uniti. \u00c8 stato progettato come un trasportatore di attrezzature pesanti (HET) ed \u00e8 stato utilizzato per trasportare carri armati, veicoli blindati e altre attrezzature pesanti.<\/p>\n<p>\ud83d\udeabIMPORTANTE!<\/p>\n<p>Nome prodotto: Oshkosh M911 Versione rossa HET<\/p>\n<p>Categoria: Tecnica<\/p>\n<p>Questo kit contiene: MOC-41221<\/p>\n<p>1815 pezzi di mattoni di buona qualit\u00e0<\/p>\n<p>PDF Istruzioni<\/p>\n<p>\ud83d\udcccNatura del protagonista<\/p>\n<p>Presentazione della nostra orgogliosa collezione denominata &quot;Oshkosh M911 Red Version HET&quot; da non perdere.<\/p>\n<p>L&#039;M911 \u00e8 stato introdotto negli anni &#039;70 ed \u00e8 stato successivamente aggiornato con un motore pi\u00f9 potente e altri miglioramenti per creare l&#039;M911A1. \u00c8 stato poi ulteriormente aggiornato con una &quot;versione rossa&quot; che includeva un motore Detroit Diesel 8V92TA da 740 cavalli e alcuni altri miglioramenti minori. L&#039;M911 Red Version HET aveva un peso lordo del veicolo (GVWR) di 120.000 libbre ed era in grado di trainare fino a 70 tonnellate. Disponeva di un potente argano e di una rampa di carico idraulica per facilitare il carico e lo scarico di attrezzature pesanti. Il camion veniva spesso utilizzato in combinazione con un rimorchio specializzato noto come M747 Heavy Equipment Trailer.<\/p><\/div>","protected":false},"excerpt":{"rendered":"<p>Marca: Fabbrica MOC<br \/>\nGenere: unisex<br \/>\nFascia d&#039;et\u00e0:&gt; 6 anni<br \/>\nNumero modello: 41221<br \/>\nClassificazione: assemblaggio<br \/>\nForma del blocco di plastica: mattoni autobloccanti<br \/>\nMateriale: plastica<br \/>\nTipo di plastica: ABS<br \/>\nBlocchi di mattoni: 1815 +<br \/>\nOrganizza il tempo; 4-8 settimane<\/p>","protected":false},"featured_media":44119,"comment_status":"open","ping_status":"closed","template":"","meta":{"_acf_changed":false},"product_cat":[1357,364],"product_tag":[11702,11701,389,11080,7879],"class_list":["product","first","instock","shipping-taxable","purchasable","product-type-simple"],"acf":[],"_links":{"self":[{"href":"https:\/\/mouldking.store\/it\/wp-json\/wp\/v2\/product\/44123","targetHints":{"allow":["GET"]}}],"collection":[{"href":"https:\/\/mouldking.store\/it\/wp-json\/wp\/v2\/product"}],"about":[{"href":"https:\/\/mouldking.store\/it\/wp-json\/wp\/v2\/types\/product"}],"replies":[{"embeddable":true,"href":"https:\/\/mouldking.store\/it\/wp-json\/wp\/v2\/comments?post=44123"}],"wp:featuredmedia":[{"embeddable":true,"href":"https:\/\/mouldking.store\/it\/wp-json\/wp\/v2\/media\/44119"}],"wp:attachment":[{"href":"https:\/\/mouldking.store\/it\/wp-json\/wp\/v2\/media?parent=44123"}],"wp:term":[{"taxonomy":"product_cat","embeddable":true,"href":"https:\/\/mouldking.store\/it\/wp-json\/wp\/v2\/product_cat?post=44123"},{"taxonomy":"product_tag","embeddable":true,"href":"https:\/\/mouldking.store\/it\/wp-json\/wp\/v2\/product_tag?post=44123"}],"curies":[{"name":"wp","href":"https:\/\/api.w.org\/{rel}","templated":true}]}}