{"id":44140,"date":"2023-04-10T12:06:51","date_gmt":"2023-04-10T05:06:51","guid":{"rendered":"https:\/\/mouldking.store\/shop\/moc-factory-122577-ultimate-lord-vaders-castle-with-10166-pieces\/"},"modified":"2025-12-16T22:25:04","modified_gmt":"2025-12-16T15:25:04","slug":"moc-factory-122577-ultimate-lord-vaders-castle-with-10166-pieces","status":"publish","type":"product","link":"https:\/\/mouldking.store\/it\/shop\/moc-factory-122577-ultimate-lord-vaders-castle-with-10166-pieces\/","title":{"rendered":"MOC Factory 122577 Ultimate Lord Vader&#039;s Castle con 10166 pezzi"},"content":{"rendered":"<div>\u2705 MOC-122577 L&#039;ultimo castello di Lord Vader<\/p>\n<p>\u2705&quot;Ultimate Lord Vader&#039;s Castle&quot; \u00e8 una creazione di mattoncini personalizzata progettata da un appassionato di mattoncini e condivisa online. Non \u00e8 un set di mattoncini o un prodotto ufficiale.<\/p>\n<p>\ud83d\udeabIMPORTANTE!<\/p>\n<p>Nome prodotto: Ultimate Lord Vader&#039;s Castle<\/p>\n<p>Categoria: Guerre stellari<\/p>\n<p>Questo kit contiene: MOC-122577<\/p>\n<p>10166 pezzi di mattoni di buona qualit\u00e0<\/p>\n<p>Dimensioni: 20,2 x 30,2 x 45,4 (pollici)<\/p>\n<p>PDF Istruzioni<\/p>\n<p>\ud83d\udcccNatura del protagonista<\/p>\n<p>Presentazione della nostra orgogliosa collezione chiamata &quot;Ultimate Lord Vader&#039;s Castle&quot; da non perdere.<\/p>\n<p>Il design di Ultimate Lord Vader&#039;s Castle si ispira alla fortezza vista nel film &quot;Rogue One: A Star Wars Story&quot;, che era il castello personale del famigerato Darth Vader. Il modello in mattoncini presenta un grande e imponente castello con una combinazione di colori neri e vari dettagli come una piattaforma di atterraggio, una sala del trono e una camera di meditazione. Il modello \u00e8 progettato per essere costruito utilizzando mattoncini e altri pezzi compatibili e include istruzioni dettagliate per il montaggio. \u00c8 progettato per essere un pezzo da esposizione piuttosto che un set giocabile ed \u00e8 destinato a costruttori di mattoni pi\u00f9 esperti a causa della sua complessit\u00e0 e dimensione.<\/p><\/div>","protected":false},"excerpt":{"rendered":"<p>Marca: Fabbrica MOC<br \/>\nGenere: unisex<br \/>\nFascia d&#039;et\u00e0:&gt; 6 anni<br \/>\nNumero modello: 122577<br \/>\nClassificazione: assemblaggio<br \/>\nForma del blocco di plastica: mattoni autobloccanti<br \/>\nMateriale: plastica<br \/>\nTipo di plastica: ABS<br \/>\nBlocchi di mattoni: 10166 +<br \/>\nTempo di organizzazione: 4-8 settimane<\/p>","protected":false},"featured_media":44135,"comment_status":"open","ping_status":"closed","template":"","meta":{"_acf_changed":false},"product_cat":[1395,390,581,415,1408],"product_tag":[787,4883,392,434,436,11245],"class_list":["product","first","instock","shipping-taxable","purchasable","product-type-simple"],"acf":[],"_links":{"self":[{"href":"https:\/\/mouldking.store\/it\/wp-json\/wp\/v2\/product\/44140","targetHints":{"allow":["GET"]}}],"collection":[{"href":"https:\/\/mouldking.store\/it\/wp-json\/wp\/v2\/product"}],"about":[{"href":"https:\/\/mouldking.store\/it\/wp-json\/wp\/v2\/types\/product"}],"replies":[{"embeddable":true,"href":"https:\/\/mouldking.store\/it\/wp-json\/wp\/v2\/comments?post=44140"}],"wp:featuredmedia":[{"embeddable":true,"href":"https:\/\/mouldking.store\/it\/wp-json\/wp\/v2\/media\/44135"}],"wp:attachment":[{"href":"https:\/\/mouldking.store\/it\/wp-json\/wp\/v2\/media?parent=44140"}],"wp:term":[{"taxonomy":"product_cat","embeddable":true,"href":"https:\/\/mouldking.store\/it\/wp-json\/wp\/v2\/product_cat?post=44140"},{"taxonomy":"product_tag","embeddable":true,"href":"https:\/\/mouldking.store\/it\/wp-json\/wp\/v2\/product_tag?post=44140"}],"curies":[{"name":"wp","href":"https:\/\/api.w.org\/{rel}","templated":true}]}}