{"id":44198,"date":"2023-04-12T10:59:50","date_gmt":"2023-04-12T03:59:50","guid":{"rendered":"https:\/\/mouldking.store\/shop\/mork-20114-city-restaurant-with-1489-pieces\/"},"modified":"2023-04-12T10:59:50","modified_gmt":"2023-04-12T03:59:50","slug":"mork-20114-city-restaurant-with-1489-pieces","status":"publish","type":"product","link":"https:\/\/mouldking.store\/it\/shop\/mork-20114-city-restaurant-with-1489-pieces\/","title":{"rendered":"MORK 20114 Ristorante cittadino con 1489 pezzi"},"content":{"rendered":"<div>\u2705Mork 20114 Ristorante cittadino<br \/>&nbsp;<br \/>\u2705Il Mork 20114 Creator Expert City Restaurant Block Module \u00e8 un set di blocchi modulari che ti consente di costruire un modello dettagliato di un ristorante. Il set fa parte della serie Mork Creator Expert, che presenta una variet\u00e0 di diversi set di edifici che ti consentono di costruire modelli su piccola scala di diversi edifici e strutture.<br \/>&nbsp;<br \/>\ud83d\udeabIMPORTANTE!&nbsp;<br \/>&nbsp;<br \/>Nome prodotto: ristorante cittadino<br \/>&nbsp;<br \/>Categoria: Edificio modulare<br \/>&nbsp;<br \/>Questo kit contiene: Mork 20114&nbsp;<br \/>&nbsp;<br \/>1489 pezzi di mattoni di buona qualit\u00e0&nbsp;<br \/>&nbsp;<br \/>Dimensioni: 29,8 \u00d7 25,5 \u00d7 17,5 cm<br \/>&nbsp;<br \/>Istruzioni manuali&nbsp;<br \/>&nbsp;<br \/>\ud83d\udcccNatura del protagonista&nbsp;<br \/>&nbsp;<br \/>Presentazione della nostra orgogliosa collezione denominata &quot;City Restaurant&quot; da non perdere.&nbsp;<\/p>\n<p>Il set include mattoncini da 1489 \u00b1 pezzi e altri componenti che possono essere assemblati per creare il modello del ristorante. Il modello completato presenta un design dettagliato e realistico, con una variet\u00e0 di caratteristiche e accessori diversi tipici di un ristorante moderno. Il modello del ristorante \u00e8 modulare, il che significa che pu\u00f2 essere combinato con altri set di edifici modulari per creare un paesaggio urbano pi\u00f9 ampio e complesso. Ci\u00f2 consente di creare una scena cittadina unica e personalizzabile che pu\u00f2 essere organizzata e riorganizzata a piacere. Il modulo Mork 20114 Creator Expert City Restaurant Block \u00e8 progettato per essere stimolante e coinvolgente per i costruttori di tutte le et\u00e0 e potrebbe richiedere un certo grado di abilit\u00e0 e pazienza per essere completato. Il modello completato pu\u00f2 essere esposto su uno scaffale o utilizzato come divertente set da gioco per miniature o giocattoli. \u00c8 una scelta popolare tra gli appassionati di giocattoli da costruzione e set di costruzioni modulari.<\/p><\/div>","protected":false},"excerpt":{"rendered":"<p>Marca: MORK<br \/>\nGenere: unisex<br \/>\nFascia d&#039;et\u00e0:&gt; 6 anni<br \/>\nNumero modello: 20114<br \/>\nClassificazione: assemblaggio<br \/>\nForma del blocco di plastica: mattoni autobloccanti<br \/>\nMateriale: plastica<br \/>\nTipo di plastica: ABS<br \/>\nBlocchi di mattoni: 1489 +<br \/>\nCon Luce<\/p>","protected":false},"featured_media":44192,"comment_status":"open","ping_status":"closed","template":"","meta":{"_acf_changed":false},"product_cat":[1365,1395,390],"product_tag":[727,4883,8452,5679,392,2870,8697,9100],"class_list":["product","first","instock","shipping-taxable","purchasable","product-type-simple"],"acf":[],"_links":{"self":[{"href":"https:\/\/mouldking.store\/it\/wp-json\/wp\/v2\/product\/44198","targetHints":{"allow":["GET"]}}],"collection":[{"href":"https:\/\/mouldking.store\/it\/wp-json\/wp\/v2\/product"}],"about":[{"href":"https:\/\/mouldking.store\/it\/wp-json\/wp\/v2\/types\/product"}],"replies":[{"embeddable":true,"href":"https:\/\/mouldking.store\/it\/wp-json\/wp\/v2\/comments?post=44198"}],"wp:featuredmedia":[{"embeddable":true,"href":"https:\/\/mouldking.store\/it\/wp-json\/wp\/v2\/media\/44192"}],"wp:attachment":[{"href":"https:\/\/mouldking.store\/it\/wp-json\/wp\/v2\/media?parent=44198"}],"wp:term":[{"taxonomy":"product_cat","embeddable":true,"href":"https:\/\/mouldking.store\/it\/wp-json\/wp\/v2\/product_cat?post=44198"},{"taxonomy":"product_tag","embeddable":true,"href":"https:\/\/mouldking.store\/it\/wp-json\/wp\/v2\/product_tag?post=44198"}],"curies":[{"name":"wp","href":"https:\/\/api.w.org\/{rel}","templated":true}]}}