{"id":45054,"date":"2023-05-09T19:05:09","date_gmt":"2023-05-09T12:05:09","guid":{"rendered":"https:\/\/mouldking.store\/shop\/moc-factory-89394-my-singing-monsters-wubbox-with-300-pieces\/"},"modified":"2025-12-16T22:25:00","modified_gmt":"2025-12-16T15:25:00","slug":"moc-factory-89394-my-singing-monsters-wubbox-with-300-pieces","status":"publish","type":"product","link":"https:\/\/mouldking.store\/it\/shop\/moc-factory-89394-my-singing-monsters-wubbox-with-300-pieces\/","title":{"rendered":"MOC Factory 89394 My Singing Monsters Wubbox con 300 pezzi"},"content":{"rendered":"<div>\u2705 MOC-89394 La mia scatola dei mostri canterini<\/p>\n<p>\u2705Wubbox \u00e8 un personaggio mostruoso unico e potente del gioco per dispositivi mobili &quot;My Singing Monsters&quot; sviluppato da Big Blue Bubble. Wubbox \u00e8 un grande mostro carico di elettricit\u00e0 che ricorda un jukebox o un sistema di altoparlanti. Ha un corpo cubico con quattro gambe e un grande altoparlante rotondo su ciascuno dei quattro lati. La sua testa \u00e8 un piccolo cubo metallico con un occhio rosso luminoso.<\/p>\n<p>\ud83d\udeabIMPORTANTE!<\/p>\n<p>Nome del prodotto: My Singing Monsters Wubbox<\/p>\n<p>Categoria: film<\/p>\n<p>Questo kit contiene: C9445Y02<\/p>\n<p>300 pezzi di mattoni di buona qualit\u00e0<\/p>\n<p>Dimensioni: 16,1 x 7,4 x 18,8 cm<\/p>\n<p>Peso: 0,15 kg<\/p>\n<p>PDF Istruzioni<\/p>\n<p>\ud83d\udcccNatura del protagonista<\/p>\n<p>Vi presentiamo la nostra orgogliosa collezione chiamata &quot;My Singing Monsters Wubbox&quot;, da non perdere.<\/p>\n<p>Nel gioco, Wubbox \u00e8 un mostro leggendario che pu\u00f2 essere ottenuto solo collezionando e allevando una specifica serie di mostri. Quando posizionato sull&#039;isola di un giocatore, Wubbox generer\u00e0 un&#039;enorme quantit\u00e0 di monete e produrr\u00e0 un suono potente ed elettrizzato che contribuir\u00e0 alla composizione musicale dell&#039;isola. Wubbox \u00e8 anche in grado di ospitare altri mostri al suo interno, il che lo rende uno strumento utile per organizzare e massimizzare il potenziale dell&#039;isola di un giocatore. Wubbox \u00e8 uno dei mostri pi\u00f9 costosi e difficili da ottenere nel gioco, ma \u00e8 anche uno dei pi\u00f9 potenti e preziosi. Il suo aspetto e le sue abilit\u00e0 uniche lo rendono uno dei preferiti da molti giocatori, ed \u00e8 spesso visto come un simbolo di prestigio e successo all&#039;interno della community del gioco.<\/p><\/div>","protected":false},"excerpt":{"rendered":"<p>Marca: Fabbrica MOC<br \/>\nGenere: unisex<br \/>\nFascia d&#039;et\u00e0:&gt; 6 anni<br \/>\nNumero modello: 89394<br \/>\nClassificazione: assemblaggio<br \/>\nForma del blocco di plastica: mattoni autobloccanti<br \/>\nMateriale: plastica<br \/>\nTipo di plastica: ABS<br \/>\nMattoni Blocchi: 300 +<br \/>\nNessuna scatola originale<\/p>","protected":false},"featured_media":45049,"comment_status":"open","ping_status":"closed","template":"","meta":{"_acf_changed":false},"product_cat":[1365,371,581,1408],"product_tag":[11072,8452,9139,434,11859,11860],"class_list":["product","first","instock","shipping-taxable","purchasable","product-type-simple"],"acf":[],"_links":{"self":[{"href":"https:\/\/mouldking.store\/it\/wp-json\/wp\/v2\/product\/45054","targetHints":{"allow":["GET"]}}],"collection":[{"href":"https:\/\/mouldking.store\/it\/wp-json\/wp\/v2\/product"}],"about":[{"href":"https:\/\/mouldking.store\/it\/wp-json\/wp\/v2\/types\/product"}],"replies":[{"embeddable":true,"href":"https:\/\/mouldking.store\/it\/wp-json\/wp\/v2\/comments?post=45054"}],"wp:featuredmedia":[{"embeddable":true,"href":"https:\/\/mouldking.store\/it\/wp-json\/wp\/v2\/media\/45049"}],"wp:attachment":[{"href":"https:\/\/mouldking.store\/it\/wp-json\/wp\/v2\/media?parent=45054"}],"wp:term":[{"taxonomy":"product_cat","embeddable":true,"href":"https:\/\/mouldking.store\/it\/wp-json\/wp\/v2\/product_cat?post=45054"},{"taxonomy":"product_tag","embeddable":true,"href":"https:\/\/mouldking.store\/it\/wp-json\/wp\/v2\/product_tag?post=45054"}],"curies":[{"name":"wp","href":"https:\/\/api.w.org\/{rel}","templated":true}]}}