{"id":50692,"date":"2023-09-25T16:29:39","date_gmt":"2023-09-25T09:29:39","guid":{"rendered":"https:\/\/mouldking.store\/shop\/custom-3301-iron-book-marvel-super-heroes-with-2009-pieces\/"},"modified":"2023-09-25T16:29:39","modified_gmt":"2023-09-25T09:29:39","slug":"custom-3301-iron-book-marvel-super-heroes-with-2009-pieces","status":"publish","type":"product","link":"https:\/\/mouldking.store\/it\/shop\/custom-3301-iron-book-marvel-super-heroes-with-2009-pieces\/","title":{"rendered":"Libro di ferro personalizzato 3301 Marvel Super Heroes con 2009 pezzi"},"content":{"rendered":"<div>\u2705 Libro di ferro personalizzato 3301 J15 Marvel Super Heroes<br \/>&nbsp;<br \/>\u2705Iron Man, il cui vero nome \u00e8 Tony Stark, \u00e8 un personaggio di spicco dell&#039;Universo Marvel, noto per le sue armature e il suo genio tecnologico. \u00c8 apparso in numerose serie a fumetti, archi narrativi e graphic novel nel corso degli anni.<br \/>&nbsp;<br \/>\ud83d\udeabIMPORTANTE!&nbsp;<br \/>&nbsp;<br \/>Nome del prodotto: Iron Book Marvel Super Heroes<br \/>&nbsp;<br \/>Categoria: Creatore&nbsp;<br \/>&nbsp;<br \/>Questo kit contiene: Custom 3301<br \/>&nbsp;<br \/>2009 pezzi di mattoni di buona qualit\u00e0&nbsp;<br \/>&nbsp;<br \/>Dimensioni: 57 \u00d7 26,6 cm<br \/>&nbsp;<br \/>Istruzioni manuali&nbsp;<br \/>&nbsp;<br \/>\ud83d\udcccNatura del protagonista&nbsp;<br \/>&nbsp;<br \/>Vi presentiamo la nostra orgogliosa collezione chiamata &quot;Iron Book Marvel Super Heroes&quot;, da non perdere.&nbsp;<br \/>&nbsp;<br \/>Iron Man \u00e8 stato un personaggio centrale in numerose serie di fumetti, cos\u00ec come nel Marvel Cinematic Universe (MCU), dove \u00e8 interpretato dall&#039;attore Robert Downey Jr. in diversi film.&nbsp;<\/div>","protected":false},"excerpt":{"rendered":"<p>Marca: personalizzata<br \/>\nGenere: unisex<br \/>\nFascia d&#039;et\u00e0:&gt; 6 anni<br \/>\nNumero modello: 3301<br \/>\nClassificazione: assemblaggio<br \/>\nForma del blocco di plastica: mattoni autobloccanti<br \/>\nMateriale: plastica<br \/>\nTipo di plastica: ABS<br \/>\nMattoni Blocchi: 2009 +<br \/>\nNessuna scatola originale<\/p>","protected":false},"featured_media":50687,"comment_status":"open","ping_status":"closed","template":"","meta":{"_acf_changed":false},"product_cat":[1365,1373,1848,371,581,1408],"product_tag":[1411,11072,8452,8789,1496,434,1498],"class_list":["product","first","instock","shipping-taxable","purchasable","product-type-simple"],"acf":[],"_links":{"self":[{"href":"https:\/\/mouldking.store\/it\/wp-json\/wp\/v2\/product\/50692","targetHints":{"allow":["GET"]}}],"collection":[{"href":"https:\/\/mouldking.store\/it\/wp-json\/wp\/v2\/product"}],"about":[{"href":"https:\/\/mouldking.store\/it\/wp-json\/wp\/v2\/types\/product"}],"replies":[{"embeddable":true,"href":"https:\/\/mouldking.store\/it\/wp-json\/wp\/v2\/comments?post=50692"}],"wp:featuredmedia":[{"embeddable":true,"href":"https:\/\/mouldking.store\/it\/wp-json\/wp\/v2\/media\/50687"}],"wp:attachment":[{"href":"https:\/\/mouldking.store\/it\/wp-json\/wp\/v2\/media?parent=50692"}],"wp:term":[{"taxonomy":"product_cat","embeddable":true,"href":"https:\/\/mouldking.store\/it\/wp-json\/wp\/v2\/product_cat?post=50692"},{"taxonomy":"product_tag","embeddable":true,"href":"https:\/\/mouldking.store\/it\/wp-json\/wp\/v2\/product_tag?post=50692"}],"curies":[{"name":"wp","href":"https:\/\/api.w.org\/{rel}","templated":true}]}}