{"id":60795,"date":"2024-08-28T18:15:04","date_gmt":"2024-08-28T11:15:04","guid":{"rendered":"https:\/\/mouldking.store\/shop\/mould-king-17071-liebherr-r-9800-excavator-with-motor-with-4767-pieces\/"},"modified":"2024-08-28T18:15:10","modified_gmt":"2024-08-28T11:15:10","slug":"mould-king-17071-liebherr-r-9800-excavator-with-motor-with-4767-pieces","status":"publish","type":"product","link":"https:\/\/mouldking.store\/it\/shop\/mould-king-17071-liebherr-r-9800-excavator-with-motor-with-4767-pieces\/","title":{"rendered":"MOULD KING 17071 Liebherr R 9800 Excavator With Motor with 4767 Pieces"},"content":{"rendered":"<div>\u2705MouldKing 17071 Liebherr R 9800 Excavator With Motor<\/p>\n<p>\u2705 Il Liebherr R 9800 \u00e8 uno degli escavatori idraulici per miniere pi\u00f9 grandi e potenti al mondo. Prodotto da Liebherr, azienda leader nella produzione di macchinari pesanti, l&#039;R 9800 \u00e8 progettato principalmente per operazioni minerarie su larga scala.&nbsp;<\/p>\n<p>\ud83d\udeabIMPORTANTE!<\/p>\n<p>Nome prodotto: Escavatore Liebherr R 9800 con motore<\/p>\n<p>Categoria: Tecnica<\/p>\n<p>This Kit Contains: MouldKing 17071<\/p>\n<p>4767 pezzi Mattoni di buona qualit\u00e0<\/p>\n<p>Dimensioni: 65,7 \u00d7 30,4 \u00d7 40 cm<\/p>\n<p>Istruzioni manuali<\/p>\n<p>\ud83d\udcccNatura del protagonista<\/p>\n<p>Vi presentiamo la nostra orgogliosa collezione denominata &quot;Escavatore Liebherr R 9800 con motore&quot;, da non perdere.<\/p>\n<p>&nbsp;L&#039;R 9800 \u00e8 noto per la sua costruzione robusta, i sistemi idraulici avanzati e la gestione efficiente della potenza, che garantiscono sia un&#039;elevata produttivit\u00e0 che un basso consumo di carburante. \u00c8 inoltre dotato di moderne funzionalit\u00e0 e tecnologie di sicurezza per migliorare il comfort e la sicurezza dell&#039;operatore, tra cui cabine spaziose con comandi avanzati, aria condizionata e visibilit\u00e0 eccellente.&nbsp;<\/p><\/div>","protected":false},"excerpt":{"rendered":"<p>Marca: STAMPO KING<br \/>\nGenere: unisex<br \/>\nFascia d&#039;et\u00e0:&gt; 12 anni<br \/>\nModel Number: 17071<br \/>\nClassificazione: assemblaggio<br \/>\nForma del blocco di plastica: mattoni autobloccanti<br \/>\nMateriale: plastica<br \/>\nTipo di plastica: ABS<br \/>\nMattoni Blocchi: 4767 +<br \/>\nNessuna scatola originale<br \/>\nIl prodotto non include ADESIVO e parti STAMPATE. Tutte le parti stampate saranno sostituite da parti standard e non verranno fornite con accessori di terze parti.<\/p>","protected":false},"featured_media":60794,"comment_status":"open","ping_status":"closed","template":"","meta":{"_acf_changed":false},"product_cat":[1357,371,372,390,581,6016,415,364],"product_tag":[755,11648,12647,12847,366,389,11080],"class_list":["product","first","instock","shipping-taxable","purchasable","product-type-simple"],"acf":[],"_links":{"self":[{"href":"https:\/\/mouldking.store\/it\/wp-json\/wp\/v2\/product\/60795","targetHints":{"allow":["GET"]}}],"collection":[{"href":"https:\/\/mouldking.store\/it\/wp-json\/wp\/v2\/product"}],"about":[{"href":"https:\/\/mouldking.store\/it\/wp-json\/wp\/v2\/types\/product"}],"replies":[{"embeddable":true,"href":"https:\/\/mouldking.store\/it\/wp-json\/wp\/v2\/comments?post=60795"}],"wp:featuredmedia":[{"embeddable":true,"href":"https:\/\/mouldking.store\/it\/wp-json\/wp\/v2\/media\/60794"}],"wp:attachment":[{"href":"https:\/\/mouldking.store\/it\/wp-json\/wp\/v2\/media?parent=60795"}],"wp:term":[{"taxonomy":"product_cat","embeddable":true,"href":"https:\/\/mouldking.store\/it\/wp-json\/wp\/v2\/product_cat?post=60795"},{"taxonomy":"product_tag","embeddable":true,"href":"https:\/\/mouldking.store\/it\/wp-json\/wp\/v2\/product_tag?post=60795"}],"curies":[{"name":"wp","href":"https:\/\/api.w.org\/{rel}","templated":true}]}}