{"id":51833,"date":"2023-10-18T12:38:00","date_gmt":"2023-10-18T05:38:00","guid":{"rendered":"https:\/\/mouldking.store\/shop\/keeppley-20211-pokemon-music-box-with-500-pieces\/"},"modified":"2023-10-18T12:38:00","modified_gmt":"2023-10-18T05:38:00","slug":"keeppley-20211-pokemon-music-box-with-500-pieces","status":"publish","type":"product","link":"https:\/\/mouldking.store\/ja\/shop\/keeppley-20211-pokemon-music-box-with-500-pieces\/","title":{"rendered":"\u30ad\u30fc\u30d7\u30ea\u30fc 20211 \u30dd\u30b1\u30e2\u30f3 \u30aa\u30eb\u30b4\u30fc\u30eb 500\u30d4\u30fc\u30b9\u5165\u308a"},"content":{"rendered":"<div>\u2705 Keeppley 20211 Pokemon Music Box<br \/>&nbsp;<br \/>\u2705A &#8220;Pokemon Music Box&#8221; is a music box that features melodies, tunes, or themes from the Pok\u00e9mon franchise. Music boxes are mechanical devices that play music when wound up, often using a rotating cylinder or disc with pins that pluck tuned metal teeth or prongs.<br \/>&nbsp;<br \/>\ud83d\udeab\u91cd\u8981\uff01&nbsp;<br \/>&nbsp;<br \/>Product Name: Pokemon Music Box<br \/>&nbsp;<br \/>\u30ab\u30c6\u30b4\u30ea: \u30af\u30ea\u30a8\u30a4\u30bf\u30fc&nbsp;<br \/>&nbsp;<br \/>This Kit Contains: Keeppley 20211<br \/>&nbsp;<br \/>500 \u500b\u306e\u9ad8\u54c1\u8cea\u306e\u30ec\u30f3\u30ac&nbsp;<br \/>&nbsp;<br \/>Size:&nbsp; 9 \u00d7 9 \u00d7 17 cm<br \/>&nbsp;<br \/>\u30de\u30cb\u30e5\u30a2\u30eb\u306e\u8aac\u660e&nbsp;<br \/>&nbsp;<br \/>\ud83d\udccc\u4e3b\u4eba\u516c\u306e\u6027\u683c&nbsp;<br \/>&nbsp;<br \/>Introducing our proud collection named \u201cPokemon Music Box\u201d you should not miss.&nbsp;<br \/>&nbsp;<br \/>The specific tunes or themes played in a Pok\u00e9mon music box may vary, but some common choices might include the main Pok\u00e9mon theme song, various music from the Pok\u00e9mon video games or animated series, or iconic tunes associated with specific Pok\u00e9mon characters.<\/div>","protected":false},"excerpt":{"rendered":"<p>\u30d6\u30e9\u30f3\u30c9: \u30ad\u30fc\u30d7\u30d7\u30ec\u30a4<br \/>\n\u6027\u5225: \u30e6\u30cb\u30bb\u30c3\u30af\u30b9<br \/>\n\u5e74\u9f62\u5e45: &gt; 6 \u6b73<br \/>\nModel Number: 20211<br \/>\n\u5206\u985e: \u96c6\u5408<br \/>\n\u30d7\u30e9\u30b9\u30c1\u30c3\u30af \u30d6\u30ed\u30c3\u30af\u306e\u5f62\u72b6: \u30bb\u30eb\u30d5\u30ed\u30c3\u30af \u30ec\u30f3\u30ac<br \/>\n\u7d20\u6750: \u30d7\u30e9\u30b9\u30c1\u30c3\u30af<br \/>\n\u30d7\u30e9\u30b9\u30c1\u30c3\u30af\u306e\u7a2e\u985e: ABS<br \/>\n\u30ec\u30f3\u30ac\u30d6\u30ed\u30c3\u30af: 500 +<br \/>\n\u5143\u7bb1\u306a\u3057<\/p>","protected":false},"featured_media":51828,"comment_status":"open","ping_status":"closed","template":"","meta":{"_acf_changed":false},"product_cat":[1365,1769,371,581,1408],"product_tag":[11072,8452,9139,434,1465,1370,11454,12779],"class_list":["product","first","instock","shipping-taxable","purchasable","product-type-simple"],"acf":[],"_links":{"self":[{"href":"https:\/\/mouldking.store\/ja\/wp-json\/wp\/v2\/product\/51833","targetHints":{"allow":["GET"]}}],"collection":[{"href":"https:\/\/mouldking.store\/ja\/wp-json\/wp\/v2\/product"}],"about":[{"href":"https:\/\/mouldking.store\/ja\/wp-json\/wp\/v2\/types\/product"}],"replies":[{"embeddable":true,"href":"https:\/\/mouldking.store\/ja\/wp-json\/wp\/v2\/comments?post=51833"}],"wp:featuredmedia":[{"embeddable":true,"href":"https:\/\/mouldking.store\/ja\/wp-json\/wp\/v2\/media\/51828"}],"wp:attachment":[{"href":"https:\/\/mouldking.store\/ja\/wp-json\/wp\/v2\/media?parent=51833"}],"wp:term":[{"taxonomy":"product_cat","embeddable":true,"href":"https:\/\/mouldking.store\/ja\/wp-json\/wp\/v2\/product_cat?post=51833"},{"taxonomy":"product_tag","embeddable":true,"href":"https:\/\/mouldking.store\/ja\/wp-json\/wp\/v2\/product_tag?post=51833"}],"curies":[{"name":"wp","href":"https:\/\/api.w.org\/{rel}","templated":true}]}}