{"id":54299,"date":"2024-01-04T18:58:06","date_gmt":"2024-01-04T11:58:06","guid":{"rendered":"https:\/\/mouldking.store\/shop\/xingbao-06024-across-the-battlefield-vbl-with-451-pieces\/"},"modified":"2024-01-04T18:58:06","modified_gmt":"2024-01-04T11:58:06","slug":"xingbao-06024-across-the-battlefield-vbl-with-451-pieces","status":"publish","type":"product","link":"https:\/\/mouldking.store\/ja\/shop\/xingbao-06024-across-the-battlefield-vbl-with-451-pieces\/","title":{"rendered":"XINGBAO 06024 Across The Battlefield VBL with 451 Pieces"},"content":{"rendered":"<div>\u2705 XINGBAO 06024 Across The Battlefield VBL<br \/>&nbsp;<br \/>\u2705The term &#8220;VBL&#8221; in the context of a wheeled armored vehicle typically refers to the &#8220;V\u00e9hicule Blind\u00e9 L\u00e9ger&#8221; (Light Armored Vehicle) used by the French military. The VBL is a versatile wheeled armored vehicle designed for various roles, including reconnaissance, scouting, and patrol missions.&nbsp;<br \/>&nbsp;<br \/>\ud83d\udeab\u91cd\u8981\uff01&nbsp;<br \/>&nbsp;<br \/>Product Name: Across The Battlefield VBL<br \/>&nbsp;<br \/>\u30ab\u30c6\u30b4\u30ea\u30fc: \u30df\u30ea\u30bf\u30ea\u30fc<br \/>&nbsp;<br \/>This Kit Contains:&nbsp; XINGBAO 06024&nbsp;<br \/>&nbsp;<br \/>451 pcs Good Quality Bricks&nbsp;<br \/>&nbsp;<br \/>\u30de\u30cb\u30e5\u30a2\u30eb\u306e\u8aac\u660e&nbsp;<br \/>&nbsp;<br \/>\ud83d\udccc\u4e3b\u4eba\u516c\u306e\u6027\u683c&nbsp;<br \/>&nbsp;<br \/>Introducing our proud collection named \u201cAcross The Battlefield VBL\u201d you should not miss.&nbsp;<br \/>&nbsp;<br \/>The VBL is manufactured by the French company Panhard (now a part of Renault Trucks Defense).&nbsp; It is a compact and lightweight armored vehicle with a 4&#215;4 configuration, providing good mobility both on and off-road. The VBL is equipped with armor to protect its occupants from small arms fire and shell splinters.<\/div>","protected":false},"excerpt":{"rendered":"<p>Brand: XINGBAO<br \/>\n\u6027\u5225: \u30e6\u30cb\u30bb\u30c3\u30af\u30b9<br \/>\n\u5e74\u9f62\u5e45: &gt; 6 \u6b73<br \/>\nModel Number: 06024<br \/>\n\u5206\u985e: \u96c6\u5408<br \/>\n\u30d7\u30e9\u30b9\u30c1\u30c3\u30af \u30d6\u30ed\u30c3\u30af\u306e\u5f62\u72b6: \u30bb\u30eb\u30d5\u30ed\u30c3\u30af \u30ec\u30f3\u30ac<br \/>\n\u7d20\u6750: \u30d7\u30e9\u30b9\u30c1\u30c3\u30af<br \/>\n\u30d7\u30e9\u30b9\u30c1\u30c3\u30af\u306e\u7a2e\u985e: ABS<br \/>\nBricks Blocks: 451 +<br \/>\n\u5143\u7bb1\u306a\u3057<\/p>","protected":false},"featured_media":54297,"comment_status":"open","ping_status":"closed","template":"","meta":{"_acf_changed":false},"product_cat":[1384,1350,1357,372,364],"product_tag":[11753,374,389,12978,2803,12979],"class_list":["product","first","instock","shipping-taxable","purchasable","product-type-simple"],"acf":[],"_links":{"self":[{"href":"https:\/\/mouldking.store\/ja\/wp-json\/wp\/v2\/product\/54299","targetHints":{"allow":["GET"]}}],"collection":[{"href":"https:\/\/mouldking.store\/ja\/wp-json\/wp\/v2\/product"}],"about":[{"href":"https:\/\/mouldking.store\/ja\/wp-json\/wp\/v2\/types\/product"}],"replies":[{"embeddable":true,"href":"https:\/\/mouldking.store\/ja\/wp-json\/wp\/v2\/comments?post=54299"}],"wp:featuredmedia":[{"embeddable":true,"href":"https:\/\/mouldking.store\/ja\/wp-json\/wp\/v2\/media\/54297"}],"wp:attachment":[{"href":"https:\/\/mouldking.store\/ja\/wp-json\/wp\/v2\/media?parent=54299"}],"wp:term":[{"taxonomy":"product_cat","embeddable":true,"href":"https:\/\/mouldking.store\/ja\/wp-json\/wp\/v2\/product_cat?post=54299"},{"taxonomy":"product_tag","embeddable":true,"href":"https:\/\/mouldking.store\/ja\/wp-json\/wp\/v2\/product_tag?post=54299"}],"curies":[{"name":"wp","href":"https:\/\/api.w.org\/{rel}","templated":true}]}}