{"id":20555,"date":"2021-10-09T04:51:34","date_gmt":"2021-10-09T04:51:34","guid":{"rendered":"https:\/\/mouldking.store\/shop\/moc-90006-pokeball-creator-moc-factory\/"},"modified":"2025-12-25T09:25:09","modified_gmt":"2025-12-25T02:25:09","slug":"moc-90006-pokeball-creator-moc-factory","status":"publish","type":"product","link":"https:\/\/mouldking.store\/ko\/shop\/moc-90006-pokeball-creator-moc-factory\/","title":{"rendered":"MOC-90006 Pokeball Creator MOC \uacf5\uc7a5"},"content":{"rendered":"<p>A Pok\u00e9 Ball (Japanese: \u30e2\u30f3\u30b9\u30bf\u30fc\u30dc\u30fc\u30eb Monster Ball) is a kind of thing that is basic to a Trainer&#8217;s mission, utilized for getting and putting away Pok\u00e9mon. Both an overall term used to depict the different sorts just as a particular term to allude to the most essential among these varieties, Pok\u00e9 Balls are pervasive in the cutting edge Pok\u00e9mon world. Up to six Pok\u00e9mon can be conveyed with a Trainer in Pok\u00e9 Balls, while more Pok\u00e9 Balls can be held in the Bag for sometime in the future. These six Pok\u00e9mon in the Pok\u00e9 Balls can be appended to the client&#8217;s belt for hefting them around.<\/p>\n<p>&nbsp;<\/p>\n<p><img fetchpriority=\"high\" decoding=\"async\" class=\"alignnone size-full wp-image-194337\" src=\"https:\/\/pay.lpwstore.com\/wp-content\/uploads\/2020\/08\/New-Project-2020-08-01T145544.889.png\" alt=\"MOC-90006 Pokeball Creator MOC FACTORY\" width=\"800\" height=\"800\" title=\"-\"><\/p>","protected":false},"excerpt":{"rendered":"<ul>\n<li>\ud3ec\ud568\ud558\ub2e4\u00a0<strong>158+<\/strong>\u00a0\uac1c<\/li>\n<li>PDF \uc9c0\uce68\uc11c<\/li>\n<li>\uace0\ud488\uc9c8 ABS \ube14\ub85d<\/li>\n<\/ul>","protected":false},"featured_media":20554,"comment_status":"open","ping_status":"closed","template":"","meta":{"_acf_changed":false},"product_cat":[371],"product_tag":[],"class_list":["product","first","outofstock","shipping-taxable","purchasable","product-type-simple"],"acf":[],"_links":{"self":[{"href":"https:\/\/mouldking.store\/ko\/wp-json\/wp\/v2\/product\/20555","targetHints":{"allow":["GET"]}}],"collection":[{"href":"https:\/\/mouldking.store\/ko\/wp-json\/wp\/v2\/product"}],"about":[{"href":"https:\/\/mouldking.store\/ko\/wp-json\/wp\/v2\/types\/product"}],"replies":[{"embeddable":true,"href":"https:\/\/mouldking.store\/ko\/wp-json\/wp\/v2\/comments?post=20555"}],"wp:featuredmedia":[{"embeddable":true,"href":"https:\/\/mouldking.store\/ko\/wp-json\/wp\/v2\/media\/20554"}],"wp:attachment":[{"href":"https:\/\/mouldking.store\/ko\/wp-json\/wp\/v2\/media?parent=20555"}],"wp:term":[{"taxonomy":"product_cat","embeddable":true,"href":"https:\/\/mouldking.store\/ko\/wp-json\/wp\/v2\/product_cat?post=20555"},{"taxonomy":"product_tag","embeddable":true,"href":"https:\/\/mouldking.store\/ko\/wp-json\/wp\/v2\/product_tag?post=20555"}],"curies":[{"name":"wp","href":"https:\/\/api.w.org\/{rel}","templated":true}]}}