{"id":49880,"date":"2023-08-25T10:12:39","date_gmt":"2023-08-25T03:12:39","guid":{"rendered":"https:\/\/mouldking.store\/shop\/wange-5223-arc-de-triomphe-paris-france-with-1399-pieces\/"},"modified":"2023-08-25T10:12:39","modified_gmt":"2023-08-25T03:12:39","slug":"wange-5223-arc-de-triomphe-paris-france-with-1399-pieces","status":"publish","type":"product","link":"https:\/\/mouldking.store\/ko\/shop\/wange-5223-arc-de-triomphe-paris-france-with-1399-pieces\/","title":{"rendered":"WANGE 5223 Arc de Triomphe Paris France with 1399 Pieces"},"content":{"rendered":"<div>\u2705 Wange 5223 Arc de Triomphe Paris France<br \/>&nbsp;<br \/>\u2705The Arc de Triomphe is an iconic monument located in the heart of Paris, France. It is one of the most famous landmarks in the city and holds significant historical and cultural importance.<br \/>&nbsp;<br \/>\ud83d\udeab \uc911\uc694!&nbsp;<br \/>&nbsp;<br \/>Product Name: Arc de Triomphe Paris France<br \/>&nbsp;<br \/>\ubc94\uc8fc: \ubaa8\ub4c8\uc2dd \uac74\ubb3c<br \/>&nbsp;<br \/>This Kit Contains:&nbsp; Wange 5223<br \/>&nbsp;<br \/>1399 pcs Good Quality Bricks&nbsp;<br \/>&nbsp;<br \/>Size: 27 x 17.5 x 27.4cm&nbsp;<br \/>&nbsp;<br \/>\uc218\ub3d9 \uc9c0\uce68&nbsp;<br \/>&nbsp;<br \/>\ud83d\udccc\uc8fc\uc778\uacf5\uc758 \uc131\uaca9&nbsp;<br \/>&nbsp;<br \/>Introducing our proud collection named \u201cArc de Triomphe Paris France\u201d you should not miss.&nbsp;<br \/>&nbsp;<br \/>The Arc de Triomphe is situated at the western end of the Champs-\u00c9lys\u00e9es avenue in the 8th arrondissement of Paris. It stands in the center of the Place Charles de Gaulle, a major traffic circle. The Arc de Triomphe is a massive triumphal arch that features neoclassical architectural style. It was inspired by ancient Roman arches and was designed by architect Jean-Fran\u00e7ois-Th\u00e9r\u00e8se Chalgrin. The monument was commissioned by Napoleon Bonaparte in 1806 after his victory at Austerlitz. Its purpose was to honor and celebrate the achievements of the French army and to commemorate the soldiers who fought and died during the French Revolutionary and Napoleonic Wars.<\/div>","protected":false},"excerpt":{"rendered":"<p>\uc0c1\ud45c: WANGE<br \/>\n\uc131\ubcc4: \uc720\ub2c8\uc139\uc2a4<br \/>\n\uc5f0\ub839\ub300: &gt; 6\uc138<br \/>\nModel Number: 5223<br \/>\n\ubd84\ub958: \uc870\ub9bd<br \/>\n\ud50c\ub77c\uc2a4\ud2f1 \ube14\ub85d \ubaa8\uc591: \uc790\ub3d9 \uc7a0\uae08 \ubcbd\ub3cc<br \/>\n\uc790\ub8cc: \ud50c\ub77c\uc2a4\ud2f1<br \/>\n\ud50c\ub77c\uc2a4\ud2f1 \uc720\ud615: ABS<br \/>\nBricks Blocks: 1399 +<br \/>\n\uc6d0\ub798 \uc0c1\uc790 \uc5c6\uc74c<\/p>","protected":false},"featured_media":49874,"comment_status":"open","ping_status":"closed","template":"","meta":{"_acf_changed":false},"product_cat":[1365,1395,1502,390],"product_tag":[12541,11260,4883,8452,12542,392,10833],"class_list":["product","first","instock","shipping-taxable","purchasable","product-type-simple"],"acf":[],"_links":{"self":[{"href":"https:\/\/mouldking.store\/ko\/wp-json\/wp\/v2\/product\/49880","targetHints":{"allow":["GET"]}}],"collection":[{"href":"https:\/\/mouldking.store\/ko\/wp-json\/wp\/v2\/product"}],"about":[{"href":"https:\/\/mouldking.store\/ko\/wp-json\/wp\/v2\/types\/product"}],"replies":[{"embeddable":true,"href":"https:\/\/mouldking.store\/ko\/wp-json\/wp\/v2\/comments?post=49880"}],"wp:featuredmedia":[{"embeddable":true,"href":"https:\/\/mouldking.store\/ko\/wp-json\/wp\/v2\/media\/49874"}],"wp:attachment":[{"href":"https:\/\/mouldking.store\/ko\/wp-json\/wp\/v2\/media?parent=49880"}],"wp:term":[{"taxonomy":"product_cat","embeddable":true,"href":"https:\/\/mouldking.store\/ko\/wp-json\/wp\/v2\/product_cat?post=49880"},{"taxonomy":"product_tag","embeddable":true,"href":"https:\/\/mouldking.store\/ko\/wp-json\/wp\/v2\/product_tag?post=49880"}],"curies":[{"name":"wp","href":"https:\/\/api.w.org\/{rel}","templated":true}]}}