{"id":58231,"date":"2024-05-15T16:55:43","date_gmt":"2024-05-15T09:55:43","guid":{"rendered":"https:\/\/mouldking.store\/shop\/cada-c62005-citroen-c4-wrc-with-1569-pieces\/"},"modified":"2024-05-15T16:55:58","modified_gmt":"2024-05-15T09:55:58","slug":"cada-c62005-citroen-c4-wrc-with-1569-pieces","status":"publish","type":"product","link":"https:\/\/mouldking.store\/ko\/shop\/cada-c62005-citroen-c4-wrc-with-1569-pieces\/","title":{"rendered":"CaDa C62005 Citroen C4 WRC with 1569 Pieces"},"content":{"rendered":"<div>\u2705CaDA C62005 Citroen C4 WRC<\/p>\n<p>\u2705The Citro\u00ebn C4 WRC (World Rally Car) is a high-performance rally car developed by the French manufacturer Citro\u00ebn for competing in the World Rally Championship (WRC).&nbsp; The Citro\u00ebn C4 WRC made its competitive debut in the 2007 World Rally Championship season. It replaced the successful Citro\u00ebn Xsara WRC, which had achieved multiple championship titles.<\/p>\n<p>\ud83d\udeab \uc911\uc694!<\/p>\n<p>Product Name: Citroen C4 WRC<\/p>\n<p>\ubc94\uc8fc: \uae30\uc220<\/p>\n<p>This Kit Contains: CaDA C62005<\/p>\n<p>1569 pcs Good Quality Bricks<\/p>\n<p>Size: 32.1 \u00d7 13.8 \u00d7 11.4 cm<\/p>\n<p>\uc218\ub3d9 \uc9c0\uce68<\/p>\n<p>\ud83d\udccc\uc8fc\uc778\uacf5\uc758 \uc131\uaca9<\/p>\n<p>Introducing our proud collection named \u201cCitroen C4 WRC\u201d you should not miss.<\/p>\n<p>The C4 WRC is based on the road-going Citro\u00ebn C4, but it is extensively modified for rallying. It features a lightweight chassis, advanced aerodynamics, and a powerful turbocharged engine. The C4 WRC is powered by a 2.0-liter turbocharged inline-four engine, producing around 300 horsepower and 600 Nm of torque. The engine is paired with a sequential gearbox for rapid gear changes. The Citro\u00ebn C4 WRC enjoyed considerable success in the World Rally Championship. It won the manufacturers&#8217; championship in 2008, 2009, and 2010, with drivers such as S\u00e9bastien Loeb and Dani Sordo achieving numerous victories behind the wheel of the car.<\/p><\/div>","protected":false},"excerpt":{"rendered":"<p>\ube0c\ub79c\ub4dc: \uce74\ub2e4<br \/>\n\uc131\ubcc4: \uc720\ub2c8\uc139\uc2a4<br \/>\n\uc5f0\ub839\ub300: &gt; 8\uc138<br \/>\nModel Number: C62005<br \/>\n\ubd84\ub958: \uc870\ub9bd<br \/>\n\ud50c\ub77c\uc2a4\ud2f1 \ube14\ub85d \ubaa8\uc591: \uc790\ub3d9 \uc7a0\uae08 \ubcbd\ub3cc<br \/>\n\uc790\ub8cc: \ud50c\ub77c\uc2a4\ud2f1<br \/>\n\ud50c\ub77c\uc2a4\ud2f1 \uc720\ud615: ABS<br \/>\nBricks Blocks: 1569 +<br \/>\n\uc6d0\ub798 \uc0c1\uc790 \uc5c6\uc74c<\/p>","protected":false},"featured_media":58230,"comment_status":"open","ping_status":"closed","template":"","meta":{"_acf_changed":false},"product_cat":[1360,1357,364,1875],"product_tag":[13270,457,9108,389,11080,13271],"class_list":["product","first","instock","shipping-taxable","purchasable","product-type-simple"],"acf":[],"_links":{"self":[{"href":"https:\/\/mouldking.store\/ko\/wp-json\/wp\/v2\/product\/58231","targetHints":{"allow":["GET"]}}],"collection":[{"href":"https:\/\/mouldking.store\/ko\/wp-json\/wp\/v2\/product"}],"about":[{"href":"https:\/\/mouldking.store\/ko\/wp-json\/wp\/v2\/types\/product"}],"replies":[{"embeddable":true,"href":"https:\/\/mouldking.store\/ko\/wp-json\/wp\/v2\/comments?post=58231"}],"wp:featuredmedia":[{"embeddable":true,"href":"https:\/\/mouldking.store\/ko\/wp-json\/wp\/v2\/media\/58230"}],"wp:attachment":[{"href":"https:\/\/mouldking.store\/ko\/wp-json\/wp\/v2\/media?parent=58231"}],"wp:term":[{"taxonomy":"product_cat","embeddable":true,"href":"https:\/\/mouldking.store\/ko\/wp-json\/wp\/v2\/product_cat?post=58231"},{"taxonomy":"product_tag","embeddable":true,"href":"https:\/\/mouldking.store\/ko\/wp-json\/wp\/v2\/product_tag?post=58231"}],"curies":[{"name":"wp","href":"https:\/\/api.w.org\/{rel}","templated":true}]}}