{"id":58428,"date":"2024-05-21T22:52:59","date_gmt":"2024-05-21T15:52:59","guid":{"rendered":"https:\/\/mouldking.store\/shop\/mould-king-22026-santiago-bernabeu-stadium-with-4266-pieces\/"},"modified":"2024-05-21T22:53:07","modified_gmt":"2024-05-21T15:53:07","slug":"mould-king-22026-santiago-bernabeu-stadium-with-4266-pieces","status":"publish","type":"product","link":"https:\/\/mouldking.store\/ko\/shop\/mould-king-22026-santiago-bernabeu-stadium-with-4266-pieces\/","title":{"rendered":"MOULD KING 22026 \uc0b0\ud2f0\uc544\uace0 \ubca0\ub974\ub098\ubca0\uc6b0 \uc2a4\ud0c0\ub514\uc6c0 4266\uac1c"},"content":{"rendered":"<div>\u2705Mould King 22026 Santiago Bernabeu Stadium<\/p>\n<p>\u2705The Santiago Bernab\u00e9u Stadium is one of the most iconic football (soccer) stadiums in the world, located in Madrid, Spain. It serves as the home stadium for Real Madrid Club de F\u00fatbol, one of the most successful and storied football clubs globally.<\/p>\n<p>\ud83d\udeab \uc911\uc694!<\/p>\n<p>Product Name: Santiago Bernabeu Stadium<\/p>\n<p>\ubc94\uc8fc: \ubaa8\ub4c8\uc2dd \uac74\ubb3c<\/p>\n<p>This Kit Contains: Mould King 22026&nbsp;<\/p>\n<p>4266 pcs Good Quality Bricks<\/p>\n<p>Size:&nbsp; 46.6 \u00d7 38.4 \u00d7 12.8 cm<\/p>\n<p>\uc218\ub3d9 \uc9c0\uce68<\/p>\n<p>\ud83d\udccc\uc8fc\uc778\uacf5\uc758 \uc131\uaca9<\/p>\n<p>Introducing our proud collection named \u201cSantiago Bernabeu Stadium\u201d you should not miss.<\/p>\n<p>The stadium was inaugurated on December 14, 1947, and was originally named the Nuevo Estadio Chamart\u00edn. It was later renamed Santiago Bernab\u00e9u Stadium in honor of Santiago Bernab\u00e9u Yeste, who served as Real Madrid&#8217;s president for 35 years and played a significant role in the club&#8217;s success. Over the years, the stadium has undergone several renovations and expansions. As of my last update, it has a seating capacity of around 81,000 spectators, making it one of the largest stadiums in Europe. The stadium&#8217;s design is characterized by its steep stands, providing excellent views of the pitch from all seats. It has undergone several renovations and modernizations to enhance both the spectator experience and the facilities for players and staff.<\/p><\/div>","protected":false},"excerpt":{"rendered":"<p>\ube0c\ub79c\ub4dc: \ubab0\ub4dc \ud0b9<br \/>\n\uc131\ubcc4: \uc720\ub2c8\uc139\uc2a4<br \/>\n\uc5f0\ub839\ub300: &gt; 14\uc138<br \/>\nModel Number: 22026<br \/>\n\ubd84\ub958: \uc870\ub9bd<br \/>\n\ud50c\ub77c\uc2a4\ud2f1 \ube14\ub85d \ubaa8\uc591: \uc790\ub3d9 \uc7a0\uae08 \ubcbd\ub3cc<br \/>\n\uc790\ub8cc: \ud50c\ub77c\uc2a4\ud2f1<br \/>\n\ud50c\ub77c\uc2a4\ud2f1 \uc720\ud615: ABS<br \/>\nBricks Blocks: 4266 +<br \/>\n\uc6d0\ub798 \uc0c1\uc790 \uc5c6\uc74c<br \/>\n\uc81c\ud488\uc5d0\ub294 STICKER \ubc0f PRINTED \ubd80\ud488\uc774 \ud3ec\ud568\ub418\uc5b4 \uc788\uc9c0 \uc54a\uc2b5\ub2c8\ub2e4. \ubaa8\ub4e0 \uc778\uc1c4\ub41c \ubd80\ud488\uc740 \ud45c\uc900 \ubd80\ud488\uc73c\ub85c \uad50\uccb4\ub418\uba70 \ud0c0\uc0ac \uc561\uc138\uc11c\ub9ac\ub85c \uc218\uc785\ub418\uc9c0 \uc54a\uc2b5\ub2c8\ub2e4.<\/p>","protected":false},"featured_media":58427,"comment_status":"open","ping_status":"closed","template":"","meta":{"_acf_changed":false},"product_cat":[1395,1502,390],"product_tag":[13292,13293,11244,4883,12522,5679,392,13291,9160],"class_list":["product","first","instock","shipping-taxable","purchasable","product-type-simple"],"acf":[],"_links":{"self":[{"href":"https:\/\/mouldking.store\/ko\/wp-json\/wp\/v2\/product\/58428","targetHints":{"allow":["GET"]}}],"collection":[{"href":"https:\/\/mouldking.store\/ko\/wp-json\/wp\/v2\/product"}],"about":[{"href":"https:\/\/mouldking.store\/ko\/wp-json\/wp\/v2\/types\/product"}],"replies":[{"embeddable":true,"href":"https:\/\/mouldking.store\/ko\/wp-json\/wp\/v2\/comments?post=58428"}],"wp:featuredmedia":[{"embeddable":true,"href":"https:\/\/mouldking.store\/ko\/wp-json\/wp\/v2\/media\/58427"}],"wp:attachment":[{"href":"https:\/\/mouldking.store\/ko\/wp-json\/wp\/v2\/media?parent=58428"}],"wp:term":[{"taxonomy":"product_cat","embeddable":true,"href":"https:\/\/mouldking.store\/ko\/wp-json\/wp\/v2\/product_cat?post=58428"},{"taxonomy":"product_tag","embeddable":true,"href":"https:\/\/mouldking.store\/ko\/wp-json\/wp\/v2\/product_tag?post=58428"}],"curies":[{"name":"wp","href":"https:\/\/api.w.org\/{rel}","templated":true}]}}