{"id":3,"date":"2020-10-28T09:56:36","date_gmt":"2020-10-28T09:56:36","guid":{"rendered":"https:\/\/mouldking.store\/?page_id=3"},"modified":"2021-06-13T10:50:38","modified_gmt":"2021-06-13T10:50:38","slug":"privacy-policy","status":"publish","type":"page","link":"https:\/\/mouldking.store\/nb\/privacy-policy\/","title":{"rendered":"Personvernerkl\u00e6ring"},"content":{"rendered":"<h2 class=\"wp-block-heading\">Hvem vi er<\/h2>\r\n\r\n\r\n\r\n<p>V\u00e5r nettsideadresse er: https:\/\/mouldking.store.<\/p>\r\n\r\n\r\n\r\n<h2 class=\"wp-block-heading\">Hvilke personopplysninger vi samler inn og hvorfor vi samler inn dem<\/h2>\r\n\r\n\r\n\r\n<h3 class=\"wp-block-heading\">Kommentarer<\/h3>\r\n\r\n\r\n\r\n<p>N\u00e5r bes\u00f8kende legger igjen kommentarer p\u00e5 nettstedet, samler vi inn dataene som vises i kommentarskjemaet, og ogs\u00e5 bes\u00f8kendes IP-adresse og nettleserbrukeragentstreng for \u00e5 hjelpe til med \u00e5 oppdage spam.<\/p>\r\n\r\n\r\n\r\n<p>En anonymisert streng opprettet fra e-postadressen din (ogs\u00e5 kalt en hash) kan leveres til Gravatar-tjenesten for \u00e5 se om du bruker den. Gravatar-tjenestens personvernerkl\u00e6ring er tilgjengelig her: https:\/\/automattic.com\/privacy\/. Etter godkjenning av kommentaren din, er profilbildet ditt synlig for offentligheten i sammenheng med kommentaren din.<\/p>\r\n\r\n\r\n\r\n<h3 class=\"wp-block-heading\">Media<\/h3>\r\n\r\n\r\n\r\n<p>Hvis du laster opp bilder til nettsiden, b\u00f8r du unng\u00e5 \u00e5 laste opp bilder med innebygde posisjonsdata (EXIF GPS) inkludert. Bes\u00f8kende p\u00e5 nettstedet kan laste ned og trekke ut alle stedsdata fra bilder p\u00e5 nettstedet.<\/p>\r\n\r\n\r\n\r\n<h3 class=\"wp-block-heading\">Kontaktskjemaer<\/h3>\r\n\r\n\r\n\r\n<h3 class=\"wp-block-heading\">Informasjonskapsler<\/h3>\r\n\r\n\r\n\r\n<p>Hvis du legger igjen en kommentar p\u00e5 nettstedet v\u00e5rt, kan du velge \u00e5 lagre navnet ditt, e-postadressen og nettstedet ditt i informasjonskapsler. Disse er for enkelhets skyld, slik at du ikke trenger \u00e5 fylle ut opplysningene dine p\u00e5 nytt n\u00e5r du legger igjen en kommentar. Disse informasjonskapslene vil vare i ett \u00e5r.<\/p>\r\n\r\n\r\n\r\n<p>Hvis du bes\u00f8ker v\u00e5r p\u00e5loggingsside, vil vi sette en midlertidig informasjonskapsel for \u00e5 avgj\u00f8re om nettleseren din godtar informasjonskapsler. Denne informasjonskapselen inneholder ingen personlige data og blir forkastet n\u00e5r du lukker nettleseren din.<\/p>\r\n\r\n\r\n\r\n<p>N\u00e5r du logger inn, vil vi ogs\u00e5 sette opp flere informasjonskapsler for \u00e5 lagre p\u00e5loggingsinformasjonen og skjermvisningsvalgene dine. Innloggingsinformasjonskapsler varer i to dager, og informasjonskapsler for skjermalternativer varer i ett \u00e5r. Hvis du velger &quot;Husk meg&quot;, vil p\u00e5loggingen vedvare i to uker. Hvis du logger ut av kontoen din, vil informasjonskapslene for p\u00e5logging bli fjernet.<\/p>\r\n\r\n\r\n\r\n<p>Hvis du redigerer eller publiserer en artikkel, vil en ekstra informasjonskapsel bli lagret i nettleseren din. Denne informasjonskapselen inneholder ingen personlige data og indikerer bare post-ID-en til artikkelen du nettopp redigerte. Den utl\u00f8per etter 1 dag.<\/p>\r\n\r\n\r\n\r\n<h3 class=\"wp-block-heading\">Innebygd innhold fra andre nettsteder<\/h3>\r\n\r\n\r\n\r\n<p>Artikler p\u00e5 dette nettstedet kan inneholde innebygd innhold (f.eks. videoer, bilder, artikler osv.). Innebygd innhold fra andre nettsteder oppf\u00f8rer seg p\u00e5 n\u00f8yaktig samme m\u00e5te som om den bes\u00f8kende har bes\u00f8kt den andre nettsiden.<\/p>\r\n\r\n\r\n\r\n<p>Disse nettstedene kan samle inn data om deg, bruke informasjonskapsler, bygge inn ytterligere tredjepartssporing og overv\u00e5ke interaksjonen din med det innebygde innholdet, inkludert sporing av interaksjonen din med det innebygde innholdet hvis du har en konto og er logget inn p\u00e5 det nettstedet.<\/p>\r\n\r\n\r\n\r\n<h3 class=\"wp-block-heading\">Analytics<\/h3>\r\n\r\n\r\n\r\n<h2 class=\"wp-block-heading\">Hvem vi deler dataene dine med<\/h2>\r\n\r\n\r\n\r\n<h2 class=\"wp-block-heading\">Hvor lenge vi beholder dataene dine<\/h2>\r\n\r\n\r\n\r\n<p>Hvis du legger igjen en kommentar, beholdes kommentaren og dens metadata p\u00e5 ubestemt tid. Dette er slik at vi kan gjenkjenne og godkjenne eventuelle oppf\u00f8lgingskommentarer automatisk i stedet for \u00e5 holde dem i en modereringsk\u00f8.<\/p>\r\n\r\n\r\n\r\n<p>For brukere som registrerer seg p\u00e5 nettstedet v\u00e5rt (hvis noen), lagrer vi ogs\u00e5 personopplysningene de oppgir i brukerprofilen deres. Alle brukere kan se, redigere eller slette sin personlige informasjon n\u00e5r som helst (bortsett fra at de ikke kan endre brukernavnet sitt). Nettstedsadministratorer kan ogs\u00e5 se og redigere denne informasjonen.<\/p>\r\n\r\n\r\n\r\n<h2 class=\"wp-block-heading\">Hvilke rettigheter du har over dataene dine<\/h2>\r\n\r\n\r\n\r\n<p>Hvis du har en konto p\u00e5 dette nettstedet, eller har lagt igjen kommentarer, kan du be om \u00e5 motta en eksportert fil med personopplysningene vi har om deg, inkludert alle data du har gitt oss. Du kan ogs\u00e5 be om at vi sletter alle personopplysninger vi har om deg. Dette inkluderer ikke data vi er forpliktet til \u00e5 beholde for administrative, juridiske eller sikkerhetsmessige form\u00e5l.<\/p>\r\n\r\n\r\n\r\n<h2 class=\"wp-block-heading\">Hvor vi sender dataene dine<\/h2>\r\n\r\n\r\n\r\n<p>Bes\u00f8kendes kommentarer kan sjekkes gjennom en automatisert spam-deteksjonstjeneste.<\/p>\r\n\r\n\r\n\r\n<h2 class=\"wp-block-heading\">Din kontaktinformasjon<\/h2>\r\n\r\n\r\n\r\n<h2 class=\"wp-block-heading\">Ytterligere informasjon<\/h2>\r\n\r\n\r\n\r\n<h3 class=\"wp-block-heading\">Hvordan vi beskytter dataene dine<\/h3>\r\n\r\n\r\n\r\n<h3 class=\"wp-block-heading\">Hvilke prosedyrer for databrudd vi har p\u00e5 plass<\/h3>\r\n\r\n\r\n\r\n<h3 class=\"wp-block-heading\">Hvilke tredjeparter vi mottar data fra<\/h3>\r\n\r\n\r\n\r\n<h3 class=\"wp-block-heading\">Hvilken automatisert beslutningstaking og\/eller profilering vi gj\u00f8r med brukerdata<\/h3>\r\n\r\n\r\n\r\n<h3 class=\"wp-block-heading\">Industrien regulatoriske offentliggj\u00f8ringskrav<\/h3>","protected":false},"excerpt":{"rendered":"<p>Who we are Our website address is: https:\/\/mouldking.store. What personal data we collect and why we collect it Comments When visitors leave comments on the site we collect the data shown in the comments form, and also the visitor\u2019s IP address and browser user agent string to help spam detection. An anonymized string created from [&hellip;]<\/p>","protected":false},"author":83,"featured_media":0,"parent":0,"menu_order":0,"comment_status":"closed","ping_status":"open","template":"","meta":{"_acf_changed":false,"footnotes":""},"class_list":null,"acf":[],"_links":{"self":[{"href":"https:\/\/mouldking.store\/nb\/wp-json\/wp\/v2\/pages\/3","targetHints":{"allow":["GET"]}}],"collection":[{"href":"https:\/\/mouldking.store\/nb\/wp-json\/wp\/v2\/pages"}],"about":[{"href":"https:\/\/mouldking.store\/nb\/wp-json\/wp\/v2\/types\/page"}],"author":[{"embeddable":true,"href":"https:\/\/mouldking.store\/nb\/wp-json\/wp\/v2\/users\/83"}],"replies":[{"embeddable":true,"href":"https:\/\/mouldking.store\/nb\/wp-json\/wp\/v2\/comments?post=3"}],"version-history":[{"count":0,"href":"https:\/\/mouldking.store\/nb\/wp-json\/wp\/v2\/pages\/3\/revisions"}],"wp:attachment":[{"href":"https:\/\/mouldking.store\/nb\/wp-json\/wp\/v2\/media?parent=3"}],"curies":[{"name":"wp","href":"https:\/\/api.w.org\/{rel}","templated":true}]}}