{"id":795,"date":"2018-05-18T11:41:43","date_gmt":"2018-05-18T11:41:43","guid":{"rendered":"https:\/\/themedemo.commercegurus.com\/shoptimizer\/?page_id=795"},"modified":"2021-01-28T10:10:21","modified_gmt":"2021-01-28T10:10:21","slug":"terms-and-conditions","status":"publish","type":"page","link":"https:\/\/mouldking.store\/nb\/terms-and-conditions\/","title":{"rendered":"Vilk\u00e5r og betingelser"},"content":{"rendered":"<p>VILK\u00c5R FOR SERVICE<\/p>\r\n<p>\u2014\u2013<\/p>\r\n<p>OVERSIKT<\/p>\r\n<p>Denne nettsiden drives av <b>Mold king Store<\/b>. P\u00e5 hele nettstedet refererer begrepene \u00abvi\u00bb, \u00aboss\u00bb og \u00abv\u00e5r\u00bb til <b>Mold king Store<\/b>. <b>Mold king Store<\/b> tilbyr denne nettsiden, inkludert all informasjon, verkt\u00f8y og tjenester tilgjengelig fra dette nettstedet til deg, brukeren, forutsatt at du aksepterer alle vilk\u00e5r, betingelser, retningslinjer og merknader som er oppgitt her.<\/p>\r\n<p>Ved \u00e5 bes\u00f8ke nettstedet v\u00e5rt og\/eller kj\u00f8pe noe fra oss, engasjerer du deg i v\u00e5r &quot;tjeneste&quot; og godtar \u00e5 v\u00e6re bundet av f\u00f8lgende vilk\u00e5r og betingelser (&quot;vilk\u00e5r for bruk&quot;, &quot;vilk\u00e5r&quot;), inkludert disse tilleggsvilk\u00e5rene og retningslinjene referert til her og\/eller tilgjengelig via hyperkobling. Disse tjenestevilk\u00e5rene gjelder for alle brukere av nettstedet, inkludert uten begrensning brukere som er nettlesere, leverand\u00f8rer, kunder, selgere og\/eller bidragsytere av innhold.<\/p>\r\n<p>Vennligst les disse tjenestevilk\u00e5rene n\u00f8ye f\u00f8r du g\u00e5r inn p\u00e5 eller bruker nettstedet v\u00e5rt. Ved \u00e5 g\u00e5 inn p\u00e5 eller bruke noen del av nettstedet godtar du \u00e5 v\u00e6re bundet av disse vilk\u00e5rene for bruk. Hvis du ikke godtar alle vilk\u00e5rene og betingelsene i denne avtalen, kan du ikke g\u00e5 inn p\u00e5 nettstedet eller bruke noen tjenester. Hvis disse vilk\u00e5rene for bruk anses som et tilbud, er aksept uttrykkelig begrenset til disse vilk\u00e5rene for bruk.<\/p>\r\n<p>Alle nye funksjoner eller verkt\u00f8y som legges til den n\u00e5v\u00e6rende butikken skal ogs\u00e5 v\u00e6re underlagt vilk\u00e5rene for bruk. Du kan se den nyeste versjonen av vilk\u00e5rene for bruk n\u00e5r som helst p\u00e5 denne siden. Vi forbeholder oss retten til \u00e5 oppdatere, endre eller erstatte noen del av disse tjenestevilk\u00e5rene ved \u00e5 legge ut oppdateringer og\/eller endringer p\u00e5 nettstedet v\u00e5rt. Det er ditt ansvar \u00e5 sjekke denne siden med jevne mellomrom for endringer. Din fortsatte bruk av eller tilgang til nettstedet etter publisering av eventuelle endringer, utgj\u00f8r aksept av disse endringene.<\/p>\r\n<p>SEKSJON 1 \u2013 VILK\u00c5R FOR NETTBUTIKK<\/p>\r\n<p>Ved \u00e5 godta disse vilk\u00e5rene for bruk, representerer du at du er minst myndighetsalder i staten eller provinsen du bor i, eller at du er myndighetsalder i staten eller provinsen du bor i, og du har gitt oss ditt samtykke til la noen av dine mindre\u00e5rige p\u00e5r\u00f8rende bruke dette nettstedet.<br \/>Du kan ikke bruke produktene v\u00e5re til ulovlige eller uautoriserte form\u00e5l, og du kan heller ikke, ved bruk av tjenesten, bryte noen lover i din jurisdiksjon (inkludert, men ikke begrenset til lover om opphavsrett).<br \/>Du m\u00e5 ikke overf\u00f8re noen ormer eller virus eller noen kode av destruktiv karakter.<br \/>Et brudd p\u00e5 eller brudd p\u00e5 noen av vilk\u00e5rene vil resultere i en umiddelbar oppsigelse av tjenestene dine.<\/p>\r\n<p>SEKSJON 2 \u2013 GENERELLE BETINGELSER<\/p>\r\n<p>Vi forbeholder oss retten til \u00e5 nekte service til hvem som helst av hvilken som helst grunn n\u00e5r som helst.<br \/>Du forst\u00e5r at innholdet ditt (ikke inkludert kredittkortinformasjon) kan overf\u00f8res ukryptert og involvere (a) overf\u00f8ringer over ulike nettverk; og (b) endringer for \u00e5 samsvare med og tilpasse seg tekniske krav til tilkobling av nettverk eller enheter. Kredittkortinformasjon er alltid kryptert under overf\u00f8ring over nettverk.<br \/>Du samtykker i \u00e5 ikke reprodusere, duplisere, kopiere, selge, videreselge eller utnytte noen del av tjenesten, bruk av tjenesten eller tilgang til tjenesten eller noen kontakt p\u00e5 nettstedet som tjenesten leveres gjennom, uten uttrykkelig skriftlig tillatelse fra oss .<br \/>Overskriftene som brukes i denne avtalen er inkludert kun for bekvemmelighets skyld og vil ikke begrense eller p\u00e5 annen m\u00e5te p\u00e5virke disse vilk\u00e5rene.<\/p>\r\n<p>SEKSJON 3 \u2013 N\u00d8YAKTIGHET, FULLSTENDIGHET OG AKTUELL INFORMASJON<\/p>\r\n<p>Vi er ikke ansvarlige hvis informasjon som gj\u00f8res tilgjengelig p\u00e5 dette nettstedet ikke er n\u00f8yaktig, fullstendig eller oppdatert. Materialet p\u00e5 dette nettstedet er kun gitt for generell informasjon og skal ikke stoles p\u00e5 eller brukes som det eneste grunnlaget for \u00e5 ta beslutninger uten \u00e5 konsultere prim\u00e6re, mer n\u00f8yaktige, mer fullstendige eller mer rettidige informasjonskilder. Enhver tillit til materialet p\u00e5 denne siden er p\u00e5 egen risiko.<br \/>Dette nettstedet kan inneholde viss historisk informasjon. Historisk informasjon er n\u00f8dvendigvis ikke aktuell og er kun gitt for din referanse. Vi forbeholder oss retten til \u00e5 endre innholdet p\u00e5 denne siden n\u00e5r som helst, men vi har ingen forpliktelse til \u00e5 oppdatere informasjon p\u00e5 nettstedet v\u00e5rt. Du godtar at det er ditt ansvar \u00e5 overv\u00e5ke endringer p\u00e5 nettstedet v\u00e5rt.<\/p>\r\n<p>SEKSJON 4 \u2013 ENDRINGER AV TJENESTEN OG PRISER<\/p>\r\n<p>Prisene for v\u00e5re produkter kan endres uten varsel.<br \/>Vi forbeholder oss retten til n\u00e5r som helst \u00e5 endre eller avbryte tjenesten (eller deler eller innhold av den) uten varsel n\u00e5r som helst.<br \/>Vi skal ikke v\u00e6re ansvarlige overfor deg eller noen tredjepart for endringer, prisendringer, suspensjon eller avslutning av tjenesten.<\/p>\r\n<p>SEKSJON 5 \u2013 PRODUKTER ELLER TJENESTER (hvis aktuelt)<\/p>\r\n<p>Enkelte produkter eller tjenester kan v\u00e6re tilgjengelig eksklusivt online via nettstedet. Disse produktene eller tjenestene kan ha begrensede mengder og kan kun returneres eller byttes i henhold til v\u00e5re retningslinjer for retur.<br \/>Vi har gjort v\u00e5rt ytterste for \u00e5 vise s\u00e5 n\u00f8yaktig som mulig fargene og bildene av produktene v\u00e5re som vises i butikken. Vi kan ikke garantere at dataskjermens visning av noen farger vil v\u00e6re n\u00f8yaktig.<br \/>Vi forbeholder oss retten, men er ikke forpliktet, til \u00e5 begrense salget av v\u00e5re produkter eller tjenester til enhver person, geografisk region eller jurisdiksjon. Vi kan ut\u00f8ve denne retten fra sak til sak. Vi forbeholder oss retten til \u00e5 begrense mengden av produkter eller tjenester vi tilbyr. Alle produktbeskrivelser eller produktpriser kan endres n\u00e5r som helst uten varsel, etter eget skj\u00f8nn. Vi forbeholder oss retten til \u00e5 avslutte ethvert produkt n\u00e5r som helst. Ethvert tilbud for produkter eller tjenester p\u00e5 denne siden er ugyldige der det er forbudt.<br \/>Vi garanterer ikke at kvaliteten p\u00e5 produkter, tjenester, informasjon eller annet materiale kj\u00f8pt eller innhentet av deg vil oppfylle dine forventninger, eller at eventuelle feil i tjenesten vil bli rettet.<\/p>\r\n<p>SEKSJON 6 \u2013 N\u00d8YAKTIGHET AV FAKTURERINGS- OG KONTOINFORMASJON<\/p>\r\n<p>Vi forbeholder oss retten til \u00e5 avvise enhver bestilling du legger inn hos oss. Vi kan, etter eget skj\u00f8nn, begrense eller kansellere antall kj\u00f8pt per person, per husholdning eller per bestilling. Disse begrensningene kan omfatte bestillinger som er plassert av eller under samme kundekonto, det samme kredittkortet og\/eller bestillinger som bruker samme fakturerings- og\/eller leveringsadresse. I tilfelle vi gj\u00f8r en endring i eller kansellerer en bestilling, kan vi fors\u00f8ke \u00e5 varsle deg ved \u00e5 kontakte e-posten og\/eller faktureringsadressen\/telefonnummeret som ble oppgitt p\u00e5 tidspunktet bestillingen ble foretatt. Vi forbeholder oss retten til \u00e5 begrense eller forby bestillinger som, etter v\u00e5r egen vurdering, ser ut til \u00e5 v\u00e6re plassert av forhandlere, forhandlere eller distribut\u00f8rer.<\/p>\r\n<p>Du samtykker i \u00e5 oppgi gjeldende, fullstendig og n\u00f8yaktig kj\u00f8ps- og kontoinformasjon for alle kj\u00f8p gjort i butikken v\u00e5r. Du samtykker i \u00e5 umiddelbart oppdatere kontoen din og annen informasjon, inkludert e-postadresse og kredittkortnumre og utl\u00f8psdatoer, slik at vi kan fullf\u00f8re transaksjonene dine og kontakte deg ved behov.<\/p>\r\n<p>For mer detaljer, vennligst se v\u00e5re retningslinjer for retur.<\/p>\r\n<p>SEKSJON 7 \u2013 EKSTRA VERKT\u00d8Y<\/p>\r\n<p>Vi kan gi deg tilgang til tredjepartsverkt\u00f8y som vi verken overv\u00e5ker eller har kontroll eller input over.<br \/>Du erkjenner og godtar at vi gir tilgang til slike verkt\u00f8y &quot;som de er&quot; og &quot;som tilgjengelige&quot; uten noen garantier, representasjoner eller betingelser av noe slag og uten noen godkjenning. Vi skal ikke ha noe som helst ansvar som oppst\u00e5r fra eller relatert til din bruk av valgfrie tredjepartsverkt\u00f8y.<br \/>All bruk av deg av valgfrie verkt\u00f8y som tilbys gjennom nettstedet er helt p\u00e5 egen risiko og eget skj\u00f8nn, og du b\u00f8r s\u00f8rge for at du er kjent med og godkjenner vilk\u00e5rene for verkt\u00f8yene som tilbys av den eller de relevante tredjepartsleverand\u00f8rene.<br \/>Vi kan ogs\u00e5 i fremtiden tilby nye tjenester og\/eller funksjoner via nettstedet (inkludert utgivelse av nye verkt\u00f8y og ressurser). Slike nye funksjoner og\/eller tjenester skal ogs\u00e5 v\u00e6re underlagt disse tjenestevilk\u00e5rene.<\/p>\r\n<p>SEKSJON 8 \u2013 TREDJEPARTSLINKER<\/p>\r\n<p>Visse innhold, produkter og tjenester tilgjengelig via tjenesten v\u00e5r kan inkludere materiale fra tredjeparter.<br \/>Tredjepartslenker p\u00e5 dette nettstedet kan lede deg til tredjepartsnettsteder som ikke er tilknyttet oss. Vi er ikke ansvarlige for \u00e5 unders\u00f8ke eller evaluere innholdet eller n\u00f8yaktigheten, og vi garanterer ikke og vil ikke ha noe ansvar eller ansvar for noe tredjepartsmateriale eller nettsteder, eller for andre materialer, produkter eller tjenester fra tredjeparter.<br \/>Vi er ikke ansvarlige for skader eller skader knyttet til kj\u00f8p eller bruk av varer, tjenester, ressurser, innhold eller andre transaksjoner gjort i forbindelse med tredjeparts nettsteder. Les n\u00f8ye gjennom tredjepartens retningslinjer og praksis, og s\u00f8rg for at du forst\u00e5r dem f\u00f8r du engasjerer deg i en transaksjon. Klager, krav, bekymringer eller sp\u00f8rsm\u00e5l ang\u00e5ende tredjepartsprodukter b\u00f8r rettes til tredjeparten.<\/p>\r\n<p>SEKSJON 9 \u2013 BRUKERKOMMENTARER, TILBAKEBACK OG ANDRE INNLEGG<\/p>\r\n<p>Hvis du p\u00e5 v\u00e5r foresp\u00f8rsel sender visse spesifikke bidrag (for eksempel konkurransebidrag) eller uten en foresp\u00f8rsel fra oss sender du kreative ideer, forslag, forslag, planer eller annet materiale, enten p\u00e5 nettet, via e-post, post eller p\u00e5 annen m\u00e5te (samlet &quot;kommentarer&quot;), samtykker du i at vi n\u00e5r som helst, uten begrensning, kan redigere, kopiere, publisere, distribuere, oversette og p\u00e5 annen m\u00e5te bruke i et hvilket som helst medium eventuelle kommentarer du videresender til oss. Vi er og skal ikke v\u00e6re forpliktet til (1) \u00e5 opprettholde noen kommentarer i fortrolighet; (2) \u00e5 betale kompensasjon for eventuelle kommentarer; eller (3) for \u00e5 svare p\u00e5 eventuelle kommentarer.<br \/>Vi kan, men har ingen forpliktelse til, overv\u00e5ke, redigere eller fjerne innhold som vi etter eget skj\u00f8nn fastsl\u00e5r er ulovlig, st\u00f8tende, truende, injurierende, \u00e6rekrenkende, pornografisk, uanstendig eller p\u00e5 annen m\u00e5te st\u00f8tende eller bryter med noen parts intellektuelle eiendom eller disse vilk\u00e5rene for bruk. .<br \/>Du godtar at kommentarene dine ikke vil krenke noen rettigheter til noen tredjepart, inkludert opphavsrett, varemerke, personvern, personlighet eller andre personlige eller eiendomsrettigheter. Du samtykker videre i at kommentarene dine ikke vil inneholde injurierende eller p\u00e5 annen m\u00e5te ulovlig, forn\u00e6rmende eller uanstendig materiale, eller inneholde datavirus eller annen skadelig programvare som p\u00e5 noen m\u00e5te kan p\u00e5virke driften av tjenesten eller relatert nettsted. Du kan ikke bruke en falsk e-postadresse, utgi deg for \u00e5 v\u00e6re noen andre enn deg selv, eller p\u00e5 annen m\u00e5te villede oss eller tredjeparter med hensyn til opprinnelsen til eventuelle kommentarer. Du er alene ansvarlig for eventuelle kommentarer du kommer med og deres n\u00f8yaktighet. Vi tar ikke noe ansvar og p\u00e5tar oss intet ansvar for eventuelle kommentarer lagt inn av deg eller tredjepart.<\/p>\r\n<p>SEKSJON 10 \u2013 PERSONOPPLYSNINGER<\/p>\r\n<p>Din innsending av personlig informasjon gjennom butikken er underlagt v\u00e5r personvernerkl\u00e6ring. For \u00e5 se v\u00e5r personvernerkl\u00e6ring.<\/p>\r\n<p>SEKSJON 11 \u2013 FEIL, UN\u00d8YAKTIGHETER OG UTLEVELSER<\/p>\r\n<p>Noen ganger kan det v\u00e6re informasjon p\u00e5 nettstedet v\u00e5rt eller i tjenesten som inneholder typografiske feil, un\u00f8yaktigheter eller utelatelser som kan relateres til produktbeskrivelser, priser, kampanjer, tilbud, produktfraktkostnader, transitttider og tilgjengelighet. Vi forbeholder oss retten til \u00e5 rette opp eventuelle feil, un\u00f8yaktigheter eller utelatelser, og til \u00e5 endre eller oppdatere informasjon eller kansellere bestillinger hvis informasjon i tjenesten eller p\u00e5 et relatert nettsted er un\u00f8yaktig n\u00e5r som helst uten forvarsel (inkludert etter at du har sendt inn bestillingen din) .<br \/>Vi p\u00e5tar oss ingen forpliktelse til \u00e5 oppdatere, endre eller avklare informasjon i tjenesten eller p\u00e5 noe relatert nettsted, inkludert, men ikke begrenset til, prisinformasjon, med unntak av det som kreves av loven. Ingen spesifisert oppdaterings- eller oppdateringsdato som brukes i tjenesten eller p\u00e5 noe relatert nettsted, b\u00f8r tas for \u00e5 indikere at all informasjon i tjenesten eller p\u00e5 et relatert nettsted har blitt endret eller oppdatert.<\/p>\r\n<p>SEKSJON 12 \u2013 FORBUDT BRUK<\/p>\r\n<p>I tillegg til andre forbud som er angitt i vilk\u00e5rene for bruk, har du forbud mot \u00e5 bruke nettstedet eller dets innhold: (a) til ethvert ulovlig form\u00e5l; (b) \u00e5 oppfordre andre til \u00e5 utf\u00f8re eller delta i ulovlige handlinger; (c) \u00e5 bryte internasjonale, f\u00f8derale, provinsielle eller statlige forskrifter, regler, lover eller lokale forordninger; (d) \u00e5 krenke eller krenke v\u00e5re immaterielle rettigheter eller andres immaterielle rettigheter; (e) \u00e5 trakassere, misbruke, forn\u00e6rme, skade, \u00e6rekrenke, baktale, nedverdige, skremme eller diskriminere basert p\u00e5 kj\u00f8nn, seksuell legning, religion, etnisitet, rase, alder, nasjonal opprinnelse eller funksjonshemming; (f) \u00e5 sende inn falsk eller villedende informasjon; (g) \u00e5 laste opp eller overf\u00f8re virus eller annen type ondsinnet kode som vil eller kan bli brukt p\u00e5 noen m\u00e5te som vil p\u00e5virke funksjonaliteten eller driften av tjenesten eller til relaterte nettsider, andre nettsteder eller Internett; (h) \u00e5 samle inn eller spore andres personopplysninger; (i) \u00e5 spam, phish, pharm, p\u00e5skudd, edderkopp, krype eller skrape; (j) for uanstendig eller umoralsk form\u00e5l; eller (k) for \u00e5 forstyrre eller omg\u00e5 sikkerhetsfunksjonene til tjenesten eller et relatert nettsted, andre nettsteder eller Internett. Vi forbeholder oss retten til \u00e5 avslutte bruken din av tjenesten eller et relatert nettsted for brudd p\u00e5 noen av de forbudte brukene.<\/p>\r\n<p>SEKSJON 13 \u2013 FRASKRIVELSE AV GARANTIER; ANSVARSBEGRENSNING<\/p>\r\n<p>Vi garanterer, representerer eller garanterer ikke at din bruk av tjenesten v\u00e5r vil v\u00e6re uavbrutt, rettidig, sikker eller feilfri.<br \/>Vi garanterer ikke at resultatene som kan oppn\u00e5s ved bruk av tjenesten vil v\u00e6re n\u00f8yaktige eller p\u00e5litelige.<br \/>Du godtar at vi fra tid til annen kan fjerne tjenesten for ubestemte perioder eller kansellere tjenesten n\u00e5r som helst, uten varsel til deg.<br \/>Du godtar uttrykkelig at din bruk av, eller manglende evne til \u00e5 bruke, tjenesten er p\u00e5 egen risiko. Tjenesten og alle produktene og tjenestene som leveres til deg gjennom tjenesten er (bortsett fra det som er uttrykkelig angitt av oss) gitt &quot;som den er&quot; og &quot;som tilgjengelig&quot; for din bruk, uten noen representasjon, garantier eller betingelser av noe slag, verken uttrykkelig eller underforst\u00e5tt, inkludert alle underforst\u00e5tte garantier eller betingelser for salgbarhet, salgbar kvalitet, egnethet for et bestemt form\u00e5l, holdbarhet, tittel og ikke-krenkelse.<br \/>Ikke i noe tilfelle <b>Mold king Store<\/b>, v\u00e5re direkt\u00f8rer, offiserer, ansatte, tilknyttede selskaper, agenter, entrepren\u00f8rer, praktikanter, leverand\u00f8rer, tjenesteleverand\u00f8rer eller lisensgivere er ansvarlige for enhver skade, tap, krav eller direkte, indirekte, tilfeldige, straffbare, spesielle eller f\u00f8lgeskader av noe slag , inkludert, uten begrensning tapt fortjeneste, tapt inntekt, tapte besparelser, tap av data, erstatningskostnader eller lignende skader, enten de er basert p\u00e5 kontrakt, erstatningsrett (inkludert uaktsomhet), objektivt ansvar eller annet, som oppst\u00e5r fra din bruk av noen av tjenesten eller produkter anskaffet ved bruk av tjenesten, eller for andre krav relatert p\u00e5 noen m\u00e5te til din bruk av tjenesten eller ethvert produkt, inkludert, men ikke begrenset til, eventuelle feil eller utelatelser i noe innhold, eller tap eller skade av type som oppst\u00e5r som et resultat av bruken av tjenesten eller innhold (eller produkt) som er lagt ut, overf\u00f8rt eller p\u00e5 annen m\u00e5te gjort tilgjengelig via tjenesten, selv om de blir informert om muligheten. Fordi enkelte stater eller jurisdiksjoner ikke tillater utelukkelse eller begrensning av ansvar for f\u00f8lgeskader eller tilfeldige skader, i slike stater eller jurisdiksjoner, skal v\u00e5rt ansvar begrenses i den maksimale utstrekning loven tillater.<\/p>\r\n<p>SEKSJON 14 \u2013 ERSTATNING<\/p>\r\n<p>Du godtar \u00e5 holde skadesl\u00f8s, forsvare og holde skadesl\u00f8s <b>Mold king Store<\/b> og v\u00e5re overordnede, datterselskaper, tilknyttede selskaper, partnere, offiserer, direkt\u00f8rer, agenter, entrepren\u00f8rer, lisensgivere, tjenesteleverand\u00f8rer, underleverand\u00f8rer, leverand\u00f8rer, praktikanter og ansatte, ufarlige fra krav eller krav, inkludert rimelige advokathonorarer, fremsatt av tredjeparter p\u00e5 grunn av eller som f\u00f8lge av ditt brudd p\u00e5 disse tjenestevilk\u00e5rene eller dokumentene de inneholder ved referanse, eller ditt brudd p\u00e5 noen lov eller rettighetene til en tredjepart.<\/p>\r\n<p>SEKSJON 15 \u2013 ATDELBARHET<\/p>\r\n<p>I tilfelle at en bestemmelse i disse vilk\u00e5rene for bruk blir fastsl\u00e5tt \u00e5 v\u00e6re ulovlige, ugyldige eller ikke kan h\u00e5ndheves, skal en slik bestemmelse likevel kunne h\u00e5ndheves i den grad det er tillatt av gjeldende lov, og den uh\u00e5ndhevbare delen skal anses \u00e5 v\u00e6re skilt fra disse vilk\u00e5rene for Tjeneste, skal en slik avgj\u00f8relse ikke p\u00e5virke gyldigheten og h\u00e5ndhevbarheten til andre gjenv\u00e6rende bestemmelser.<\/p>\r\n<p>SEKSJON 16 \u2013 OPPSIGELSE<\/p>\r\n<p>Forpliktelsene og forpliktelsene til partene p\u00e5dratt f\u00f8r oppsigelsesdatoen skal overleve etter oppsigelsen av denne avtalen for alle form\u00e5l.<br \/>Disse tjenestevilk\u00e5rene er effektive med mindre og inntil de sies opp av enten deg eller oss. Du kan si opp disse vilk\u00e5rene for bruk n\u00e5r som helst ved \u00e5 varsle oss om at du ikke lenger \u00f8nsker \u00e5 bruke tjenestene v\u00e5re, eller n\u00e5r du slutter \u00e5 bruke nettstedet v\u00e5rt.<br \/>Hvis du etter v\u00e5r egen vurdering mislykkes, eller vi mistenker at du har mislyktes, i \u00e5 overholde ethvert vilk\u00e5r eller bestemmelse i disse tjenestevilk\u00e5rene, kan vi ogs\u00e5 si opp denne avtalen n\u00e5r som helst uten varsel, og du vil forbli ansvarlig for alle skyldige bel\u00f8p til og med datoen for oppsigelse; og\/eller kan f\u00f8lgelig nekte deg tilgang til v\u00e5re tjenester (eller deler av disse).<\/p>\r\n<p>SEKSJON 17 \u2013 HELE AVTALEN<\/p>\r\n<p>Unnlatelse av oss i \u00e5 ut\u00f8ve eller h\u00e5ndheve noen rettigheter eller bestemmelse i disse tjenestevilk\u00e5rene skal ikke utgj\u00f8re en fraskrivelse av slik rett eller bestemmelse.<br \/>Disse tjenestevilk\u00e5rene og eventuelle retningslinjer eller driftsregler som er lagt ut av oss p\u00e5 dette nettstedet eller i forhold til tjenesten utgj\u00f8r hele avtalen og forst\u00e5elsen mellom deg og oss og styrer din bruk av tjenesten, og erstatter alle tidligere eller samtidige avtaler, kommunikasjoner og forslag , enten muntlig eller skriftlig, mellom deg og oss (inkludert, men ikke begrenset til, tidligere versjoner av vilk\u00e5rene for bruk).<br \/>Eventuelle uklarheter i tolkningen av disse vilk\u00e5rene for bruk skal ikke tolkes mot den som har utarbeidet.<\/p>\r\n<p>SEKSJON 18 \u2013 GJELDENDE LOV<\/p>\r\n<p>Disse tjenestevilk\u00e5rene og eventuelle separate avtaler der vi gir deg tjenester skal styres av og tolkes i samsvar med lovene i Bulgaria.<\/p>\r\n<p>SEKSJON 19 \u2013 ENDRINGER I VILK\u00c5RENE FOR TJENESTE<\/p>\r\n<p>Du kan se den nyeste versjonen av vilk\u00e5rene for bruk n\u00e5r som helst p\u00e5 denne siden.<br \/>Vi forbeholder oss retten til, etter eget skj\u00f8nn, \u00e5 oppdatere, endre eller erstatte noen del av disse tjenestevilk\u00e5rene ved \u00e5 legge ut oppdateringer og endringer p\u00e5 nettstedet v\u00e5rt. Det er ditt ansvar \u00e5 sjekke nettsiden v\u00e5r med jevne mellomrom for endringer. Din fortsatte bruk av eller tilgang til nettstedet v\u00e5rt eller tjenesten etter publisering av eventuelle endringer i disse vilk\u00e5rene for bruk, utgj\u00f8r aksept av disse endringene.<\/p>","protected":false},"excerpt":{"rendered":"<p>TERMS OF SERVICE \u2014\u2013 OVERVIEW This website is operated by Mould king Store. Throughout the site, the terms \u201cwe\u201d, \u201cus\u201d and \u201cour\u201d refer to Mould king Store. Mould king Store offers this website, including all information, tools and services available from this site to you, the user, conditioned upon your acceptance of all terms, conditions, [&hellip;]<\/p>","protected":false},"author":83,"featured_media":0,"parent":0,"menu_order":0,"comment_status":"closed","ping_status":"closed","template":"","meta":{"_acf_changed":false,"footnotes":""},"class_list":null,"acf":[],"_links":{"self":[{"href":"https:\/\/mouldking.store\/nb\/wp-json\/wp\/v2\/pages\/795","targetHints":{"allow":["GET"]}}],"collection":[{"href":"https:\/\/mouldking.store\/nb\/wp-json\/wp\/v2\/pages"}],"about":[{"href":"https:\/\/mouldking.store\/nb\/wp-json\/wp\/v2\/types\/page"}],"author":[{"embeddable":true,"href":"https:\/\/mouldking.store\/nb\/wp-json\/wp\/v2\/users\/83"}],"replies":[{"embeddable":true,"href":"https:\/\/mouldking.store\/nb\/wp-json\/wp\/v2\/comments?post=795"}],"version-history":[{"count":0,"href":"https:\/\/mouldking.store\/nb\/wp-json\/wp\/v2\/pages\/795\/revisions"}],"wp:attachment":[{"href":"https:\/\/mouldking.store\/nb\/wp-json\/wp\/v2\/media?parent=795"}],"curies":[{"name":"wp","href":"https:\/\/api.w.org\/{rel}","templated":true}]}}