{"id":10418,"date":"2021-03-13T02:38:18","date_gmt":"2021-03-13T02:38:18","guid":{"rendered":"https:\/\/mouldking.store\/shop\/import-placeholder-for-15738\/"},"modified":"2022-01-05T11:00:41","modified_gmt":"2022-01-05T11:00:41","slug":"mould-king-13001-13004-robot-m2-m1-m3-m4-set-remote-control-with-pf","status":"publish","type":"product","link":"https:\/\/mouldking.store\/nb\/shop\/mould-king-13001-13004-robot-m2-m1-m3-m4-set-remote-control-with-pf\/","title":{"rendered":"MOLD KING 13001-13004 Robot M2 M1 M3 M4 Set Fjernkontroll med PF"},"content":{"rendered":"<p>Produktinformasjon:<\/p>\n<div>\n<ol>\n<li>Type: Blokker<\/li>\n<li>Kj\u00f8nn: Unisex<\/li>\n<li>Advarsel: kan ikke spise<\/li>\n<li>Aldersgruppe: &gt; 6 \u00e5r gammel<\/li>\n<li>Modellnummer:<span class=\"property-title\">\u00a0<\/span><span class=\"property-desc line-limit-length\">13001, 13002, 13003, 13004<\/span><\/li>\n<li>Klassifisering: Montering<\/li>\n<li>Plastblokkform: Selvl\u00e5sende murstein<\/li>\n<li>Materiale: Plast<\/li>\n<li>Plasttype: ABS<\/li>\n<li>Bricks Blocks: 395 +PCS, 349+ PCS, 333 + PCS, 351 + PCS<\/li>\n<li>Inneholder detaljerte monteringsanvisninger, PF deler<\/li>\n<li><strong>APP-lenke<\/strong>: hvis du ikke kan f\u00e5 appen gjennom en QR-kode, bare kontakt selgeren for \u00e5 f\u00e5 den.<\/li>\n<\/ol>\n<p>Legge merke til:<br \/>\n1. Uten original eske, men vi garanterer at v\u00e5re produkter har kvalitetssikring og pen emballasje.<br \/>\n2. Som alle delene vi har sjekket f\u00f8r frakt, s\u00e5 hvis du finner noen deler savnet eller skadet, ikke bekymre deg og bare kontakt oss, s\u00e5 kan vi sende dem til deg p\u00e5 nytt umiddelbart gratis.<\/p>\n<\/div>\n<div><\/div>","protected":false},"excerpt":{"rendered":"<p>Product information: Type: Blocks Gender: Unisex Warning: can not eat Age Range: &gt; 6 years old Model Number:\u00a013001, 13002, 13003, 13004 Classification: Assemblage Plastic Block Shape: Self-Locking Bricks Material: Plastic Plastic Type: ABS Bricks Blocks: 395 +PCS, 349+ PCS, 333 + PCS, 351 + PCS Contains detailed assembly instructions, PF parts APP link: if can\u2019t [&hellip;]<\/p>","protected":false},"featured_media":10476,"comment_status":"open","ping_status":"closed","template":"","meta":{"_acf_changed":false},"product_cat":[371],"product_tag":[366,367,369,370],"class_list":["product","first","outofstock","shipping-taxable","purchasable","product-type-variable"],"acf":[],"_links":{"self":[{"href":"https:\/\/mouldking.store\/nb\/wp-json\/wp\/v2\/product\/10418","targetHints":{"allow":["GET"]}}],"collection":[{"href":"https:\/\/mouldking.store\/nb\/wp-json\/wp\/v2\/product"}],"about":[{"href":"https:\/\/mouldking.store\/nb\/wp-json\/wp\/v2\/types\/product"}],"replies":[{"embeddable":true,"href":"https:\/\/mouldking.store\/nb\/wp-json\/wp\/v2\/comments?post=10418"}],"wp:featuredmedia":[{"embeddable":true,"href":"https:\/\/mouldking.store\/nb\/wp-json\/wp\/v2\/media\/10476"}],"wp:attachment":[{"href":"https:\/\/mouldking.store\/nb\/wp-json\/wp\/v2\/media?parent=10418"}],"wp:term":[{"taxonomy":"product_cat","embeddable":true,"href":"https:\/\/mouldking.store\/nb\/wp-json\/wp\/v2\/product_cat?post=10418"},{"taxonomy":"product_tag","embeddable":true,"href":"https:\/\/mouldking.store\/nb\/wp-json\/wp\/v2\/product_tag?post=10418"}],"curies":[{"name":"wp","href":"https:\/\/api.w.org\/{rel}","templated":true}]}}