{"id":10528,"date":"2021-03-13T02:39:33","date_gmt":"2021-03-12T19:39:33","guid":{"rendered":"https:\/\/mouldking.store\/shop\/import-placeholder-for-17117\/"},"modified":"2022-09-23T18:54:50","modified_gmt":"2022-09-23T11:54:50","slug":"mould-king-16033-tree-house-with-light-with-3958-pieces","status":"publish","type":"product","link":"https:\/\/mouldking.store\/nb\/shop\/mould-king-16033-tree-house-with-light-with-3958-pieces\/","title":{"rendered":"M\u00d8PEKONGE 16033 Trehytte Med Lys med 3958 Stykker"},"content":{"rendered":"<p>Produktinformasjon:<\/p>\n<ol>\n<li>Type: Blokker<\/li>\n<li>Kj\u00f8nn: Unisex<\/li>\n<li>Advarsel: kan ikke spise<\/li>\n<li>Aldersgruppe: &gt; 6 \u00e5r gammel<\/li>\n<li>Model Number: 16033<\/li>\n<li>Klassifisering: Montering<\/li>\n<li>Plastblokkform: Selvl\u00e5sende murstein<\/li>\n<li>Materiale: Plast<\/li>\n<li>Plasttype: ABS<\/li>\n<li>Bricks Blocks: 3958+PCS,\u00a0<strong>16033D is SAKURA and Maple Leaf Package<\/strong><\/li>\n<li>Contains detailed assembly instructions, and LED Light kits<\/li>\n<\/ol>\n<p>Legge merke til:<br \/>\n1. Uten original eske, men vi garanterer at v\u00e5re produkter har kvalitetssikring og pen emballasje.<br \/>\n2. Som alle delene vi har sjekket f\u00f8r frakt, s\u00e5 hvis du finner noen deler savnet eller skadet, ikke bekymre deg og bare kontakt oss, s\u00e5 kan vi sende dem til deg p\u00e5 nytt umiddelbart gratis.<\/p>","protected":false},"excerpt":{"rendered":"<p>Product information: Type: Blocks Gender: Unisex Warning: can not eat Age Range: &gt; 6 years old Model Number: 16033 Classification: Assemblage Plastic Block Shape: Self-Locking Bricks Material: Plastic Plastic Type: ABS Bricks Blocks: 3958+PCS,\u00a016033D is SAKURA and Maple Leaf Package Contains detailed assembly instructions, and LED Light kits Notice: 1. Without an original box, but [&hellip;]<\/p>","protected":false},"featured_media":10710,"comment_status":"open","ping_status":"closed","template":"","meta":{"_acf_changed":false},"product_cat":[371],"product_tag":[544,545,546,547,548],"class_list":["product","first","instock","shipping-taxable","purchasable","product-type-simple"],"acf":[],"_links":{"self":[{"href":"https:\/\/mouldking.store\/nb\/wp-json\/wp\/v2\/product\/10528","targetHints":{"allow":["GET"]}}],"collection":[{"href":"https:\/\/mouldking.store\/nb\/wp-json\/wp\/v2\/product"}],"about":[{"href":"https:\/\/mouldking.store\/nb\/wp-json\/wp\/v2\/types\/product"}],"replies":[{"embeddable":true,"href":"https:\/\/mouldking.store\/nb\/wp-json\/wp\/v2\/comments?post=10528"}],"wp:featuredmedia":[{"embeddable":true,"href":"https:\/\/mouldking.store\/nb\/wp-json\/wp\/v2\/media\/10710"}],"wp:attachment":[{"href":"https:\/\/mouldking.store\/nb\/wp-json\/wp\/v2\/media?parent=10528"}],"wp:term":[{"taxonomy":"product_cat","embeddable":true,"href":"https:\/\/mouldking.store\/nb\/wp-json\/wp\/v2\/product_cat?post=10528"},{"taxonomy":"product_tag","embeddable":true,"href":"https:\/\/mouldking.store\/nb\/wp-json\/wp\/v2\/product_tag?post=10528"}],"curies":[{"name":"wp","href":"https:\/\/api.w.org\/{rel}","templated":true}]}}