{"id":10529,"date":"2021-03-13T02:39:33","date_gmt":"2021-03-13T02:39:33","guid":{"rendered":"https:\/\/mouldking.store\/shop\/import-placeholder-for-17125\/"},"modified":"2021-12-23T09:54:49","modified_gmt":"2021-12-23T09:54:49","slug":"mould-king-10002-porsche-919-super-car-with-1049-pieces","status":"publish","type":"product","link":"https:\/\/mouldking.store\/nb\/shop\/mould-king-10002-porsche-919-super-car-with-1049-pieces\/","title":{"rendered":"MOLD KING 10002 Porsche 919 Super Car med 1049 stk"},"content":{"rendered":"<ul class=\"product-specs-list util-clearfix\">\n<li class=\"product-prop line-limit-length\">Produktinformasjon:<br \/>\n1. Model Number:\u00a010002<br \/>\n2. Advarsel: kan ikke spise<br \/>\n3. Aldersgruppe: &gt; 6 \u00e5r gammel<br \/>\n4. Sertifisering: 3C<br \/>\n5. Plastblokkform: Selvl\u00e5sende murstein<br \/>\n6. Materiale: Plast<br \/>\n7. Plast Type: ABS<br \/>\n8. Bricks Blocks: ~1049 PCS<br \/>\n9. Contains detailed assembly instructionsNotice:<br \/>\n1. Uten original eske, men vi garanterer at v\u00e5re produkter har kvalitetssikring og pen emballasje.<br \/>\n2. Som alle delene vi har sjekket f\u00f8r frakt, s\u00e5 hvis du finner noen deler savnet eller skadet, ikke bekymre deg og bare kontakt oss, s\u00e5 kan vi sende dem til deg p\u00e5 nytt umiddelbart gratis.<\/li>\n<\/ul>\n<figure id=\"attachment_11132\" aria-describedby=\"caption-attachment-11132\" style=\"width: 800px\" class=\"wp-caption aligncenter\"><a href=\"https:\/\/mouldking.store\/wp-content\/uploads\/2021\/05\/mould-king-10002-porsche-919-super-car-with-1049-pieces.jpg\"><img fetchpriority=\"high\" decoding=\"async\" class=\"wp-image-11132 size-full\" title=\"MOLD KING 10002 Porsche 919 Super Car med 1049 stk\" src=\"https:\/\/mouldking.store\/wp-content\/uploads\/2021\/05\/mould-king-10002-porsche-919-super-car-with-1049-pieces.jpg\" alt=\"MOULD KING 10002 Porsche 919 Super Car with 1049 Pieces\" width=\"800\" height=\"800\" srcset=\"https:\/\/mouldking.store\/wp-content\/uploads\/2021\/05\/mould-king-10002-porsche-919-super-car-with-1049-pieces.jpg 800w, https:\/\/mouldking.store\/wp-content\/uploads\/2021\/05\/mould-king-10002-porsche-919-super-car-with-1049-pieces-300x300.jpg 300w, https:\/\/mouldking.store\/wp-content\/uploads\/2021\/05\/mould-king-10002-porsche-919-super-car-with-1049-pieces-768x768.jpg 768w, https:\/\/mouldking.store\/wp-content\/uploads\/2021\/05\/mould-king-10002-porsche-919-super-car-with-1049-pieces-600x600.jpg 600w, https:\/\/mouldking.store\/wp-content\/uploads\/2021\/05\/mould-king-10002-porsche-919-super-car-with-1049-pieces-150x150.jpg 150w\" sizes=\"(max-width: 800px) 100vw, 800px\" \/><\/a><figcaption id=\"caption-attachment-11132\" class=\"wp-caption-text\">MOLD KING 10002 Porsche 919 Super Car med 1049 stk<\/figcaption><\/figure>\n<figure id=\"attachment_11133\" aria-describedby=\"caption-attachment-11133\" style=\"width: 800px\" class=\"wp-caption aligncenter\"><img decoding=\"async\" class=\"wp-image-11133 size-full\" title=\"MOLD KING 10002 Porsche 919 Super Car med 1049 stk\" src=\"https:\/\/mouldking.store\/wp-content\/uploads\/2021\/05\/mould-king-10002-porsche-919-super-car-with-1049-pieces-1.jpg\" alt=\"MOULD KING 10002 Porsche 919 Super Car with 1049 Pieces\" width=\"800\" height=\"800\" srcset=\"https:\/\/mouldking.store\/wp-content\/uploads\/2021\/05\/mould-king-10002-porsche-919-super-car-with-1049-pieces-1.jpg 800w, https:\/\/mouldking.store\/wp-content\/uploads\/2021\/05\/mould-king-10002-porsche-919-super-car-with-1049-pieces-1-300x300.jpg 300w, https:\/\/mouldking.store\/wp-content\/uploads\/2021\/05\/mould-king-10002-porsche-919-super-car-with-1049-pieces-1-768x768.jpg 768w, https:\/\/mouldking.store\/wp-content\/uploads\/2021\/05\/mould-king-10002-porsche-919-super-car-with-1049-pieces-1-600x600.jpg 600w, https:\/\/mouldking.store\/wp-content\/uploads\/2021\/05\/mould-king-10002-porsche-919-super-car-with-1049-pieces-1-150x150.jpg 150w\" sizes=\"(max-width: 800px) 100vw, 800px\" \/><figcaption id=\"caption-attachment-11133\" class=\"wp-caption-text\">MOLD KING 10002 Porsche 919 Super Car med 1049 stk<\/figcaption><\/figure>\n<figure id=\"attachment_11134\" aria-describedby=\"caption-attachment-11134\" style=\"width: 800px\" class=\"wp-caption aligncenter\"><img decoding=\"async\" class=\"size-full wp-image-11134\" title=\"MOLD KING 10002 Porsche 919 Super Car med 1049 stk\" src=\"http:\/\/mouldking.store\/wp-content\/uploads\/2021\/05\/mould-king-10002-porsche-919-super-car-with-1049-pieces-2.jpg\" alt=\"MOULD KING 10002 Porsche 919 Super Car with 1049 Pieces\" width=\"800\" height=\"800\" srcset=\"https:\/\/mouldking.store\/wp-content\/uploads\/2021\/05\/mould-king-10002-porsche-919-super-car-with-1049-pieces-2.jpg 800w, https:\/\/mouldking.store\/wp-content\/uploads\/2021\/05\/mould-king-10002-porsche-919-super-car-with-1049-pieces-2-300x300.jpg 300w, https:\/\/mouldking.store\/wp-content\/uploads\/2021\/05\/mould-king-10002-porsche-919-super-car-with-1049-pieces-2-768x768.jpg 768w, https:\/\/mouldking.store\/wp-content\/uploads\/2021\/05\/mould-king-10002-porsche-919-super-car-with-1049-pieces-2-600x600.jpg 600w, https:\/\/mouldking.store\/wp-content\/uploads\/2021\/05\/mould-king-10002-porsche-919-super-car-with-1049-pieces-2-150x150.jpg 150w\" sizes=\"(max-width: 800px) 100vw, 800px\" \/><figcaption id=\"caption-attachment-11134\" class=\"wp-caption-text\">MOLD KING 10002 Porsche 919 Super Car med 1049 stk<\/figcaption><\/figure>\n<figure id=\"attachment_11135\" aria-describedby=\"caption-attachment-11135\" style=\"width: 800px\" class=\"wp-caption aligncenter\"><img loading=\"lazy\" decoding=\"async\" class=\"size-full wp-image-11135\" title=\"MOLD KING 10002 Porsche 919 Super Car med 1049 stk\" src=\"http:\/\/mouldking.store\/wp-content\/uploads\/2021\/05\/mould-king-10002-porsche-919-super-car-with-1049-pieces-3.jpg\" alt=\"MOULD KING 10002 Porsche 919 Super Car with 1049 Pieces\" width=\"800\" height=\"800\" srcset=\"https:\/\/mouldking.store\/wp-content\/uploads\/2021\/05\/mould-king-10002-porsche-919-super-car-with-1049-pieces-3.jpg 800w, https:\/\/mouldking.store\/wp-content\/uploads\/2021\/05\/mould-king-10002-porsche-919-super-car-with-1049-pieces-3-300x300.jpg 300w, https:\/\/mouldking.store\/wp-content\/uploads\/2021\/05\/mould-king-10002-porsche-919-super-car-with-1049-pieces-3-768x768.jpg 768w, https:\/\/mouldking.store\/wp-content\/uploads\/2021\/05\/mould-king-10002-porsche-919-super-car-with-1049-pieces-3-600x600.jpg 600w, https:\/\/mouldking.store\/wp-content\/uploads\/2021\/05\/mould-king-10002-porsche-919-super-car-with-1049-pieces-3-150x150.jpg 150w\" sizes=\"(max-width: 800px) 100vw, 800px\" \/><figcaption id=\"caption-attachment-11135\" class=\"wp-caption-text\">MOLD KING 10002 Porsche 919 Super Car med 1049 stk<\/figcaption><\/figure>\n<figure id=\"attachment_11136\" aria-describedby=\"caption-attachment-11136\" style=\"width: 800px\" class=\"wp-caption aligncenter\"><img loading=\"lazy\" decoding=\"async\" class=\"size-full wp-image-11136\" title=\"MOLD KING 10002 Porsche 919 Super Car med 1049 stk\" src=\"http:\/\/mouldking.store\/wp-content\/uploads\/2021\/05\/mould-king-10002-porsche-919-super-car-with-1049-pieces-4.jpg\" alt=\"MOULD KING 10002 Porsche 919 Super Car with 1049 Pieces\" width=\"800\" height=\"800\" srcset=\"https:\/\/mouldking.store\/wp-content\/uploads\/2021\/05\/mould-king-10002-porsche-919-super-car-with-1049-pieces-4.jpg 800w, https:\/\/mouldking.store\/wp-content\/uploads\/2021\/05\/mould-king-10002-porsche-919-super-car-with-1049-pieces-4-300x300.jpg 300w, https:\/\/mouldking.store\/wp-content\/uploads\/2021\/05\/mould-king-10002-porsche-919-super-car-with-1049-pieces-4-768x768.jpg 768w, https:\/\/mouldking.store\/wp-content\/uploads\/2021\/05\/mould-king-10002-porsche-919-super-car-with-1049-pieces-4-600x600.jpg 600w, https:\/\/mouldking.store\/wp-content\/uploads\/2021\/05\/mould-king-10002-porsche-919-super-car-with-1049-pieces-4-150x150.jpg 150w\" sizes=\"(max-width: 800px) 100vw, 800px\" \/><figcaption id=\"caption-attachment-11136\" class=\"wp-caption-text\">MOLD KING 10002 Porsche 919 Super Car med 1049 stk<\/figcaption><\/figure>\n<figure id=\"attachment_11137\" aria-describedby=\"caption-attachment-11137\" style=\"width: 800px\" class=\"wp-caption aligncenter\"><img loading=\"lazy\" decoding=\"async\" class=\"size-full wp-image-11137\" title=\"MOLD KING 10002 Porsche 919 Super Car med 1049 stk\" src=\"http:\/\/mouldking.store\/wp-content\/uploads\/2021\/05\/mould-king-10002-porsche-919-super-car-with-1049-pieces-5.jpg\" alt=\"MOULD KING 10002 Porsche 919 Super Car with 1049 Pieces\" width=\"800\" height=\"800\" srcset=\"https:\/\/mouldking.store\/wp-content\/uploads\/2021\/05\/mould-king-10002-porsche-919-super-car-with-1049-pieces-5.jpg 800w, https:\/\/mouldking.store\/wp-content\/uploads\/2021\/05\/mould-king-10002-porsche-919-super-car-with-1049-pieces-5-300x300.jpg 300w, https:\/\/mouldking.store\/wp-content\/uploads\/2021\/05\/mould-king-10002-porsche-919-super-car-with-1049-pieces-5-768x768.jpg 768w, https:\/\/mouldking.store\/wp-content\/uploads\/2021\/05\/mould-king-10002-porsche-919-super-car-with-1049-pieces-5-600x600.jpg 600w, https:\/\/mouldking.store\/wp-content\/uploads\/2021\/05\/mould-king-10002-porsche-919-super-car-with-1049-pieces-5-150x150.jpg 150w\" sizes=\"(max-width: 800px) 100vw, 800px\" \/><figcaption id=\"caption-attachment-11137\" class=\"wp-caption-text\">MOLD KING 10002 Porsche 919 Super Car med 1049 stk<\/figcaption><\/figure>","protected":false},"excerpt":{"rendered":"<p>Product information: 1. Model Number:\u00a010002 2. Warning: can not eat 3. Age Range: &gt; 6 years old 4. Certification: 3C 5. Plastic Block Shape: Self-Locking Bricks 6. Material: Plastic 7. Plastic Type: ABS 8. Bricks Blocks: ~1049 PCS 9. Contains detailed assembly instructionsNotice: 1. Without original box, but we guarantee our products have quality assurance [&hellip;]<\/p>","protected":false},"featured_media":10720,"comment_status":"open","ping_status":"closed","template":"","meta":{"_acf_changed":false},"product_cat":[364],"product_tag":[549,550,551,552],"class_list":["product","first","instock","sale","shipping-taxable","purchasable","product-type-simple"],"acf":[],"_links":{"self":[{"href":"https:\/\/mouldking.store\/nb\/wp-json\/wp\/v2\/product\/10529","targetHints":{"allow":["GET"]}}],"collection":[{"href":"https:\/\/mouldking.store\/nb\/wp-json\/wp\/v2\/product"}],"about":[{"href":"https:\/\/mouldking.store\/nb\/wp-json\/wp\/v2\/types\/product"}],"replies":[{"embeddable":true,"href":"https:\/\/mouldking.store\/nb\/wp-json\/wp\/v2\/comments?post=10529"}],"wp:featuredmedia":[{"embeddable":true,"href":"https:\/\/mouldking.store\/nb\/wp-json\/wp\/v2\/media\/10720"}],"wp:attachment":[{"href":"https:\/\/mouldking.store\/nb\/wp-json\/wp\/v2\/media?parent=10529"}],"wp:term":[{"taxonomy":"product_cat","embeddable":true,"href":"https:\/\/mouldking.store\/nb\/wp-json\/wp\/v2\/product_cat?post=10529"},{"taxonomy":"product_tag","embeddable":true,"href":"https:\/\/mouldking.store\/nb\/wp-json\/wp\/v2\/product_tag?post=10529"}],"curies":[{"name":"wp","href":"https:\/\/api.w.org\/{rel}","templated":true}]}}