{"id":11000,"date":"2021-04-14T05:09:58","date_gmt":"2021-04-14T05:09:58","guid":{"rendered":"https:\/\/mouldking.store\/?post_type=product&#038;p=11000"},"modified":"2021-12-23T09:54:49","modified_gmt":"2021-12-23T09:54:49","slug":"mould-king-21002-old-republic-escort-cruiser-with-8338-pieces","status":"publish","type":"product","link":"https:\/\/mouldking.store\/nb\/shop\/mould-king-21002-old-republic-escort-cruiser-with-8338-pieces\/","title":{"rendered":"MOLD KING 21002 Old Republic Escort Cruiser med 8338 stk"},"content":{"rendered":"<ol>\n<li>Type: Blokker<\/li>\n<li>Kj\u00f8nn: Unisex<\/li>\n<li>Advarsel: kan ikke spise<\/li>\n<li>Aldersgruppe: &gt; 6 \u00e5r gammel<\/li>\n<li>Model Number: 21002<\/li>\n<li>Klassifisering: Montering<\/li>\n<li>Plastblokkform: Selvl\u00e5sende murstein<\/li>\n<li>Materiale: Plast<\/li>\n<li>Plasttype: ABS<\/li>\n<li>Bricks Blocks: 8338 PCS<\/li>\n<li>Inneholder detaljerte monteringsanvisninger<\/li>\n<\/ol>\n<p>Legge merke til:<br \/>\n1. Uten original eske, men vi garanterer at v\u00e5re produkter har kvalitetssikring og pen emballasje.<br \/>\n2. Som alle delene vi har sjekket f\u00f8r frakt, s\u00e5 hvis du finner noen deler savnet eller skadet, ikke bekymre deg og bare kontakt oss, s\u00e5 kan vi sende dem til deg p\u00e5 nytt umiddelbart gratis.<\/p>\n<figure id=\"attachment_11001\" aria-describedby=\"caption-attachment-11001\" style=\"width: 800px\" class=\"wp-caption aligncenter\"><img fetchpriority=\"high\" decoding=\"async\" class=\"size-full wp-image-11001\" title=\"MOLD KING 21002 Old Republic Escort Cruiser med 8338 stk\" src=\"http:\/\/mouldking.store\/wp-content\/uploads\/2021\/04\/mould-king-21002-old-republic-escort-cruiser-with-8338-pieces.jpg\" alt=\"MOULD KING 21002 Old Republic Escort Cruiser with 8338 pieces\" width=\"800\" height=\"800\" srcset=\"https:\/\/mouldking.store\/wp-content\/uploads\/2021\/04\/mould-king-21002-old-republic-escort-cruiser-with-8338-pieces.jpg 800w, https:\/\/mouldking.store\/wp-content\/uploads\/2021\/04\/mould-king-21002-old-republic-escort-cruiser-with-8338-pieces-300x300.jpg 300w, https:\/\/mouldking.store\/wp-content\/uploads\/2021\/04\/mould-king-21002-old-republic-escort-cruiser-with-8338-pieces-768x768.jpg 768w, https:\/\/mouldking.store\/wp-content\/uploads\/2021\/04\/mould-king-21002-old-republic-escort-cruiser-with-8338-pieces-600x600.jpg 600w, https:\/\/mouldking.store\/wp-content\/uploads\/2021\/04\/mould-king-21002-old-republic-escort-cruiser-with-8338-pieces-150x150.jpg 150w\" sizes=\"(max-width: 800px) 100vw, 800px\" \/><figcaption id=\"caption-attachment-11001\" class=\"wp-caption-text\">MOLD KING 21002 Old Republic Escort Cruiser med 8338 stk<\/figcaption><\/figure>\n<figure id=\"attachment_11002\" aria-describedby=\"caption-attachment-11002\" style=\"width: 800px\" class=\"wp-caption aligncenter\"><img decoding=\"async\" class=\"size-full wp-image-11002\" title=\"MOLD KING 21002 Old Republic Escort Cruiser med 8338 stk\" src=\"http:\/\/mouldking.store\/wp-content\/uploads\/2021\/04\/mould-king-21002-old-republic-escort-cruiser-with-8338-pieces-1.jpg\" alt=\"MOULD KING 21002 Old Republic Escort Cruiser with 8338 pieces\" width=\"800\" height=\"800\" srcset=\"https:\/\/mouldking.store\/wp-content\/uploads\/2021\/04\/mould-king-21002-old-republic-escort-cruiser-with-8338-pieces-1.jpg 800w, https:\/\/mouldking.store\/wp-content\/uploads\/2021\/04\/mould-king-21002-old-republic-escort-cruiser-with-8338-pieces-1-300x300.jpg 300w, https:\/\/mouldking.store\/wp-content\/uploads\/2021\/04\/mould-king-21002-old-republic-escort-cruiser-with-8338-pieces-1-768x768.jpg 768w, https:\/\/mouldking.store\/wp-content\/uploads\/2021\/04\/mould-king-21002-old-republic-escort-cruiser-with-8338-pieces-1-600x600.jpg 600w, https:\/\/mouldking.store\/wp-content\/uploads\/2021\/04\/mould-king-21002-old-republic-escort-cruiser-with-8338-pieces-1-150x150.jpg 150w\" sizes=\"(max-width: 800px) 100vw, 800px\" \/><figcaption id=\"caption-attachment-11002\" class=\"wp-caption-text\">MOLD KING 21002 Old Republic Escort Cruiser med 8338 stk<\/figcaption><\/figure>\n<figure id=\"attachment_11003\" aria-describedby=\"caption-attachment-11003\" style=\"width: 800px\" class=\"wp-caption aligncenter\"><img decoding=\"async\" class=\"size-full wp-image-11003\" title=\"MOLD KING 21002 Old Republic Escort Cruiser med 8338 stk\" src=\"http:\/\/mouldking.store\/wp-content\/uploads\/2021\/04\/mould-king-21002-old-republic-escort-cruiser-with-8338-pieces-2.jpg\" alt=\"MOULD KING 21002 Old Republic Escort Cruiser with 8338 pieces\" width=\"800\" height=\"800\" srcset=\"https:\/\/mouldking.store\/wp-content\/uploads\/2021\/04\/mould-king-21002-old-republic-escort-cruiser-with-8338-pieces-2.jpg 800w, https:\/\/mouldking.store\/wp-content\/uploads\/2021\/04\/mould-king-21002-old-republic-escort-cruiser-with-8338-pieces-2-300x300.jpg 300w, https:\/\/mouldking.store\/wp-content\/uploads\/2021\/04\/mould-king-21002-old-republic-escort-cruiser-with-8338-pieces-2-768x768.jpg 768w, https:\/\/mouldking.store\/wp-content\/uploads\/2021\/04\/mould-king-21002-old-republic-escort-cruiser-with-8338-pieces-2-600x600.jpg 600w, https:\/\/mouldking.store\/wp-content\/uploads\/2021\/04\/mould-king-21002-old-republic-escort-cruiser-with-8338-pieces-2-150x150.jpg 150w\" sizes=\"(max-width: 800px) 100vw, 800px\" \/><figcaption id=\"caption-attachment-11003\" class=\"wp-caption-text\">MOLD KING 21002 Old Republic Escort Cruiser med 8338 stk<\/figcaption><\/figure>\n<figure id=\"attachment_11004\" aria-describedby=\"caption-attachment-11004\" style=\"width: 800px\" class=\"wp-caption aligncenter\"><img loading=\"lazy\" decoding=\"async\" class=\"size-full wp-image-11004\" title=\"MOLD KING 21002 Old Republic Escort Cruiser med 8338 stk\" src=\"http:\/\/mouldking.store\/wp-content\/uploads\/2021\/04\/mould-king-21002-old-republic-escort-cruiser-with-8338-pieces-3.jpg\" alt=\"MOULD KING 21002 Old Republic Escort Cruiser with 8338 pieces\" width=\"800\" height=\"800\" srcset=\"https:\/\/mouldking.store\/wp-content\/uploads\/2021\/04\/mould-king-21002-old-republic-escort-cruiser-with-8338-pieces-3.jpg 800w, https:\/\/mouldking.store\/wp-content\/uploads\/2021\/04\/mould-king-21002-old-republic-escort-cruiser-with-8338-pieces-3-300x300.jpg 300w, https:\/\/mouldking.store\/wp-content\/uploads\/2021\/04\/mould-king-21002-old-republic-escort-cruiser-with-8338-pieces-3-768x768.jpg 768w, https:\/\/mouldking.store\/wp-content\/uploads\/2021\/04\/mould-king-21002-old-republic-escort-cruiser-with-8338-pieces-3-600x600.jpg 600w, https:\/\/mouldking.store\/wp-content\/uploads\/2021\/04\/mould-king-21002-old-republic-escort-cruiser-with-8338-pieces-3-150x150.jpg 150w\" sizes=\"(max-width: 800px) 100vw, 800px\" \/><figcaption id=\"caption-attachment-11004\" class=\"wp-caption-text\">MOLD KING 21002 Old Republic Escort Cruiser med 8338 stk<\/figcaption><\/figure>\n<figure id=\"attachment_11005\" aria-describedby=\"caption-attachment-11005\" style=\"width: 800px\" class=\"wp-caption aligncenter\"><img loading=\"lazy\" decoding=\"async\" class=\"size-full wp-image-11005\" title=\"MOLD KING 21002 Old Republic Escort Cruiser med 8338 stk\" src=\"http:\/\/mouldking.store\/wp-content\/uploads\/2021\/04\/mould-king-21002-old-republic-escort-cruiser-with-8338-pieces-4.jpg\" alt=\"MOULD KING 21002 Old Republic Escort Cruiser with 8338 pieces\" width=\"800\" height=\"800\" srcset=\"https:\/\/mouldking.store\/wp-content\/uploads\/2021\/04\/mould-king-21002-old-republic-escort-cruiser-with-8338-pieces-4.jpg 800w, https:\/\/mouldking.store\/wp-content\/uploads\/2021\/04\/mould-king-21002-old-republic-escort-cruiser-with-8338-pieces-4-300x300.jpg 300w, https:\/\/mouldking.store\/wp-content\/uploads\/2021\/04\/mould-king-21002-old-republic-escort-cruiser-with-8338-pieces-4-768x768.jpg 768w, https:\/\/mouldking.store\/wp-content\/uploads\/2021\/04\/mould-king-21002-old-republic-escort-cruiser-with-8338-pieces-4-600x600.jpg 600w, https:\/\/mouldking.store\/wp-content\/uploads\/2021\/04\/mould-king-21002-old-republic-escort-cruiser-with-8338-pieces-4-150x150.jpg 150w\" sizes=\"(max-width: 800px) 100vw, 800px\" \/><figcaption id=\"caption-attachment-11005\" class=\"wp-caption-text\">MOLD KING 21002 Old Republic Escort Cruiser med 8338 stk<\/figcaption><\/figure>\n<figure id=\"attachment_11006\" aria-describedby=\"caption-attachment-11006\" style=\"width: 800px\" class=\"wp-caption aligncenter\"><img loading=\"lazy\" decoding=\"async\" class=\"size-full wp-image-11006\" title=\"MOLD KING 21002 Old Republic Escort Cruiser med 8338 stk\" src=\"http:\/\/mouldking.store\/wp-content\/uploads\/2021\/04\/mould-king-21002-old-republic-escort-cruiser-with-8338-pieces-5.jpg\" alt=\"MOULD KING 21002 Old Republic Escort Cruiser with 8338 pieces\" width=\"800\" height=\"800\" srcset=\"https:\/\/mouldking.store\/wp-content\/uploads\/2021\/04\/mould-king-21002-old-republic-escort-cruiser-with-8338-pieces-5.jpg 800w, https:\/\/mouldking.store\/wp-content\/uploads\/2021\/04\/mould-king-21002-old-republic-escort-cruiser-with-8338-pieces-5-300x300.jpg 300w, https:\/\/mouldking.store\/wp-content\/uploads\/2021\/04\/mould-king-21002-old-republic-escort-cruiser-with-8338-pieces-5-768x768.jpg 768w, https:\/\/mouldking.store\/wp-content\/uploads\/2021\/04\/mould-king-21002-old-republic-escort-cruiser-with-8338-pieces-5-600x600.jpg 600w, https:\/\/mouldking.store\/wp-content\/uploads\/2021\/04\/mould-king-21002-old-republic-escort-cruiser-with-8338-pieces-5-150x150.jpg 150w\" sizes=\"(max-width: 800px) 100vw, 800px\" \/><figcaption id=\"caption-attachment-11006\" class=\"wp-caption-text\">MOLD KING 21002 Old Republic Escort Cruiser med 8338 stk<\/figcaption><\/figure>","protected":false},"excerpt":{"rendered":"<p>Type: Blocks Gender: Unisex Warning: can not eat Age Range: &gt; 6 years old Model Number: 21002 Classification: Assemblage Plastic Block Shape: Self-Locking Bricks Material: Plastic Plastic Type: ABS Bricks Blocks: 8338 PCS Contains detailed assembly instructions Notice: 1. Without an original box, but we guarantee our products have quality assurance and nice packaging. 2. [&hellip;]<\/p>","protected":false},"featured_media":11001,"comment_status":"open","ping_status":"closed","template":"","meta":{"_acf_changed":false},"product_cat":[415],"product_tag":[1219,1218,1220,436],"class_list":["product","first","instock","sale","shipping-taxable","purchasable","product-type-simple"],"acf":[],"_links":{"self":[{"href":"https:\/\/mouldking.store\/nb\/wp-json\/wp\/v2\/product\/11000","targetHints":{"allow":["GET"]}}],"collection":[{"href":"https:\/\/mouldking.store\/nb\/wp-json\/wp\/v2\/product"}],"about":[{"href":"https:\/\/mouldking.store\/nb\/wp-json\/wp\/v2\/types\/product"}],"replies":[{"embeddable":true,"href":"https:\/\/mouldking.store\/nb\/wp-json\/wp\/v2\/comments?post=11000"}],"wp:featuredmedia":[{"embeddable":true,"href":"https:\/\/mouldking.store\/nb\/wp-json\/wp\/v2\/media\/11001"}],"wp:attachment":[{"href":"https:\/\/mouldking.store\/nb\/wp-json\/wp\/v2\/media?parent=11000"}],"wp:term":[{"taxonomy":"product_cat","embeddable":true,"href":"https:\/\/mouldking.store\/nb\/wp-json\/wp\/v2\/product_cat?post=11000"},{"taxonomy":"product_tag","embeddable":true,"href":"https:\/\/mouldking.store\/nb\/wp-json\/wp\/v2\/product_tag?post=11000"}],"curies":[{"name":"wp","href":"https:\/\/api.w.org\/{rel}","templated":true}]}}