{"id":11044,"date":"2021-05-10T03:52:00","date_gmt":"2021-05-10T03:52:00","guid":{"rendered":"https:\/\/mouldking.store\/?post_type=product&#038;p=11044"},"modified":"2025-02-20T15:28:51","modified_gmt":"2025-02-20T08:28:51","slug":"mouldking-12010-magic-world-magic-train-with-2086-pieces","status":"publish","type":"product","link":"https:\/\/mouldking.store\/nb\/shop\/mouldking-12010-magic-world-magic-train-with-2086-pieces\/","title":{"rendered":"MOULDKING 12010 Magic World: Magic Train med 2086 stykker"},"content":{"rendered":"<ul class=\"product-specs-list util-clearfix\">\n<li class=\"product-prop line-limit-length\">Produktinformasjon:<br \/>\n1. Model Number: 12010<br \/>\n2. Advarsel: kan ikke spise<br \/>\n3. Aldersgruppe: &gt; 6 \u00e5r gammel<br \/>\n4. Sertifisering: 3C<br \/>\n5. Plastblokkform: Selvl\u00e5sende murstein<br \/>\n6. Materiale: Plast<br \/>\n7. Plast Type: ABS<br \/>\n8. Bricks Blocks: ~2086 PCS<br \/>\n9. Inneholder detaljerte monteringsanvisninger<\/li>\n<li class=\"product-prop line-limit-length\">Legge merke til:<br \/>\n1. Uten original eske, men vi garanterer at v\u00e5re produkter har kvalitetssikring og pen emballasje.<br \/>\n2. Som alle delene vi har sjekket f\u00f8r frakt, s\u00e5 hvis du finner noen deler savnet eller skadet, ikke bekymre deg og bare kontakt oss, s\u00e5 kan vi sende dem til deg p\u00e5 nytt umiddelbart gratis.<\/li>\n<\/ul>\n<figure id=\"attachment_11324\" aria-describedby=\"caption-attachment-11324\" style=\"width: 800px\" class=\"wp-caption aligncenter\"><a href=\"https:\/\/mouldking.store\/wp-content\/uploads\/2021\/06\/mouldking-12010-magic-world-magic-train-with-2086-pieces.jpg\"><img fetchpriority=\"high\" decoding=\"async\" class=\"wp-image-11324 size-full\" title=\"MOULDKING 12010 Magic World: Magic Train med 2086 stykker\" src=\"http:\/\/mouldking.store\/wp-content\/uploads\/2021\/06\/mouldking-12010-magic-world-magic-train-with-2086-pieces.jpg\" alt=\"MOULDKING 12010 Magic World: Magic Train with 2086 pieces\" width=\"800\" height=\"800\" srcset=\"https:\/\/mouldking.store\/wp-content\/uploads\/2021\/06\/mouldking-12010-magic-world-magic-train-with-2086-pieces.jpg 800w, https:\/\/mouldking.store\/wp-content\/uploads\/2021\/06\/mouldking-12010-magic-world-magic-train-with-2086-pieces-300x300.jpg 300w, https:\/\/mouldking.store\/wp-content\/uploads\/2021\/06\/mouldking-12010-magic-world-magic-train-with-2086-pieces-768x768.jpg 768w, https:\/\/mouldking.store\/wp-content\/uploads\/2021\/06\/mouldking-12010-magic-world-magic-train-with-2086-pieces-600x600.jpg 600w, https:\/\/mouldking.store\/wp-content\/uploads\/2021\/06\/mouldking-12010-magic-world-magic-train-with-2086-pieces-150x150.jpg 150w\" sizes=\"(max-width: 800px) 100vw, 800px\" \/><\/a><figcaption id=\"caption-attachment-11324\" class=\"wp-caption-text\">MOULDKING 12010 Magic World: Magic Train med 2086 stykker<\/figcaption><\/figure>\n<figure id=\"attachment_11046\" aria-describedby=\"caption-attachment-11046\" style=\"width: 800px\" class=\"wp-caption aligncenter\"><img decoding=\"async\" class=\"size-full wp-image-11325\" title=\"MOULDKING 12010 Magic World: Magic Train med 2086 stykker\" src=\"http:\/\/mouldking.store\/wp-content\/uploads\/2021\/06\/mouldking-12010-magic-world-magic-train-with-2086-pieces-1.jpg\" alt=\"MOULDKING 12010 Magic World: Magic Train with 2086 pieces\" width=\"800\" height=\"800\" srcset=\"https:\/\/mouldking.store\/wp-content\/uploads\/2021\/06\/mouldking-12010-magic-world-magic-train-with-2086-pieces-1.jpg 800w, https:\/\/mouldking.store\/wp-content\/uploads\/2021\/06\/mouldking-12010-magic-world-magic-train-with-2086-pieces-1-300x300.jpg 300w, https:\/\/mouldking.store\/wp-content\/uploads\/2021\/06\/mouldking-12010-magic-world-magic-train-with-2086-pieces-1-768x768.jpg 768w, https:\/\/mouldking.store\/wp-content\/uploads\/2021\/06\/mouldking-12010-magic-world-magic-train-with-2086-pieces-1-600x600.jpg 600w, https:\/\/mouldking.store\/wp-content\/uploads\/2021\/06\/mouldking-12010-magic-world-magic-train-with-2086-pieces-1-150x150.jpg 150w\" sizes=\"(max-width: 800px) 100vw, 800px\" \/><figcaption id=\"caption-attachment-11046\" class=\"wp-caption-text\">MOULDKING 12010 Magic World: Magic Train med 2086 stykker<\/figcaption><\/figure>\n<p>&nbsp;<\/p>\n<figure id=\"attachment_11047\" aria-describedby=\"caption-attachment-11047\" style=\"width: 800px\" class=\"wp-caption aligncenter\"><img decoding=\"async\" class=\"size-full wp-image-11326\" title=\"MOULDKING 12010 Magic World: Magic Train med 2086 stykker\" src=\"http:\/\/mouldking.store\/wp-content\/uploads\/2021\/06\/mouldking-12010-magic-world-magic-train-with-2086-pieces-2.jpg\" alt=\"MOULDKING 12010 Magic World: Magic Train with 2086 pieces\" width=\"800\" height=\"800\" srcset=\"https:\/\/mouldking.store\/wp-content\/uploads\/2021\/06\/mouldking-12010-magic-world-magic-train-with-2086-pieces-2.jpg 800w, https:\/\/mouldking.store\/wp-content\/uploads\/2021\/06\/mouldking-12010-magic-world-magic-train-with-2086-pieces-2-300x300.jpg 300w, https:\/\/mouldking.store\/wp-content\/uploads\/2021\/06\/mouldking-12010-magic-world-magic-train-with-2086-pieces-2-768x768.jpg 768w, https:\/\/mouldking.store\/wp-content\/uploads\/2021\/06\/mouldking-12010-magic-world-magic-train-with-2086-pieces-2-600x600.jpg 600w, https:\/\/mouldking.store\/wp-content\/uploads\/2021\/06\/mouldking-12010-magic-world-magic-train-with-2086-pieces-2-150x150.jpg 150w\" sizes=\"(max-width: 800px) 100vw, 800px\" \/><figcaption id=\"caption-attachment-11047\" class=\"wp-caption-text\">MOULDKING 12010 Magic World: Magic Train med 2086 stykker<\/figcaption><\/figure>\n<p>&nbsp;<\/p>\n<figure id=\"attachment_11048\" aria-describedby=\"caption-attachment-11048\" style=\"width: 800px\" class=\"wp-caption aligncenter\"><img loading=\"lazy\" decoding=\"async\" class=\"size-full wp-image-11327\" title=\"MOULDKING 12010 Magic World: Magic Train med 2086 stykker\" src=\"http:\/\/mouldking.store\/wp-content\/uploads\/2021\/06\/mouldking-12010-magic-world-magic-train-with-2086-pieces-3.jpg\" alt=\"MOULDKING 12010 Magic World: Magic Train with 2086 pieces\" width=\"800\" height=\"800\" srcset=\"https:\/\/mouldking.store\/wp-content\/uploads\/2021\/06\/mouldking-12010-magic-world-magic-train-with-2086-pieces-3.jpg 800w, https:\/\/mouldking.store\/wp-content\/uploads\/2021\/06\/mouldking-12010-magic-world-magic-train-with-2086-pieces-3-300x300.jpg 300w, https:\/\/mouldking.store\/wp-content\/uploads\/2021\/06\/mouldking-12010-magic-world-magic-train-with-2086-pieces-3-768x768.jpg 768w, https:\/\/mouldking.store\/wp-content\/uploads\/2021\/06\/mouldking-12010-magic-world-magic-train-with-2086-pieces-3-600x600.jpg 600w, https:\/\/mouldking.store\/wp-content\/uploads\/2021\/06\/mouldking-12010-magic-world-magic-train-with-2086-pieces-3-150x150.jpg 150w\" sizes=\"(max-width: 800px) 100vw, 800px\" \/><figcaption id=\"caption-attachment-11048\" class=\"wp-caption-text\">MOULDKING 12010 Magic World: Magic Train med 2086 stykker<\/figcaption><\/figure>\n<p>&nbsp;<\/p>\n<figure id=\"attachment_11049\" aria-describedby=\"caption-attachment-11049\" style=\"width: 800px\" class=\"wp-caption aligncenter\"><img loading=\"lazy\" decoding=\"async\" class=\"size-full wp-image-11328\" title=\"MOULDKING 12010 Magic World: Magic Train med 2086 stykker\" src=\"http:\/\/mouldking.store\/wp-content\/uploads\/2021\/06\/mouldking-12010-magic-world-magic-train-with-2086-pieces-4.jpg\" alt=\"MOULDKING 12010 Magic World: Magic Train with 2086 pieces\" width=\"800\" height=\"800\" srcset=\"https:\/\/mouldking.store\/wp-content\/uploads\/2021\/06\/mouldking-12010-magic-world-magic-train-with-2086-pieces-4.jpg 800w, https:\/\/mouldking.store\/wp-content\/uploads\/2021\/06\/mouldking-12010-magic-world-magic-train-with-2086-pieces-4-300x300.jpg 300w, https:\/\/mouldking.store\/wp-content\/uploads\/2021\/06\/mouldking-12010-magic-world-magic-train-with-2086-pieces-4-768x768.jpg 768w, https:\/\/mouldking.store\/wp-content\/uploads\/2021\/06\/mouldking-12010-magic-world-magic-train-with-2086-pieces-4-600x600.jpg 600w, https:\/\/mouldking.store\/wp-content\/uploads\/2021\/06\/mouldking-12010-magic-world-magic-train-with-2086-pieces-4-150x150.jpg 150w\" sizes=\"(max-width: 800px) 100vw, 800px\" \/><figcaption id=\"caption-attachment-11049\" class=\"wp-caption-text\">MOULDKING 12010 Magic World: Magic Train med 2086 stykker<\/figcaption><\/figure>\n<p>&nbsp;<\/p>\n<figure id=\"attachment_11050\" aria-describedby=\"caption-attachment-11050\" style=\"width: 800px\" class=\"wp-caption aligncenter\"><img loading=\"lazy\" decoding=\"async\" class=\"size-full wp-image-11329\" title=\"MOULDKING 12010 Magic World: Magic Train med 2086 stykker\" src=\"http:\/\/mouldking.store\/wp-content\/uploads\/2021\/06\/mouldking-12010-magic-world-magic-train-with-2086-pieces-5.jpg\" alt=\"MOULDKING 12010 Magic World: Magic Train with 2086 pieces\" width=\"800\" height=\"800\" srcset=\"https:\/\/mouldking.store\/wp-content\/uploads\/2021\/06\/mouldking-12010-magic-world-magic-train-with-2086-pieces-5.jpg 800w, https:\/\/mouldking.store\/wp-content\/uploads\/2021\/06\/mouldking-12010-magic-world-magic-train-with-2086-pieces-5-300x300.jpg 300w, https:\/\/mouldking.store\/wp-content\/uploads\/2021\/06\/mouldking-12010-magic-world-magic-train-with-2086-pieces-5-768x768.jpg 768w, https:\/\/mouldking.store\/wp-content\/uploads\/2021\/06\/mouldking-12010-magic-world-magic-train-with-2086-pieces-5-600x600.jpg 600w, https:\/\/mouldking.store\/wp-content\/uploads\/2021\/06\/mouldking-12010-magic-world-magic-train-with-2086-pieces-5-150x150.jpg 150w\" sizes=\"(max-width: 800px) 100vw, 800px\" \/><figcaption id=\"caption-attachment-11050\" class=\"wp-caption-text\">MOULDKING 12010 Magic World: Magic Train med 2086 stykker<\/figcaption><\/figure>\n<p>&nbsp;<\/p>","protected":false},"excerpt":{"rendered":"<p>Product information: 1. Model Number: 12010 2. Warning: can not eat 3. Age Range: &gt; 6 years old 4. Certification: 3C 5. Plastic Block Shape: Self-Locking Bricks 6. Material: Plastic 7. Plastic Type: ABS 8. Bricks Blocks: ~2086 PCS 9. Contains detailed assembly instructions Notice: 1. Without original box, but we guarantee our products have [&hellip;]<\/p>","protected":false},"featured_media":11324,"comment_status":"open","ping_status":"closed","template":"","meta":{"_acf_changed":false},"product_cat":[581],"product_tag":[914,1238,1237,1236,1235],"class_list":["product","first","outofstock","sale","shipping-taxable","purchasable","product-type-simple"],"acf":[],"_links":{"self":[{"href":"https:\/\/mouldking.store\/nb\/wp-json\/wp\/v2\/product\/11044","targetHints":{"allow":["GET"]}}],"collection":[{"href":"https:\/\/mouldking.store\/nb\/wp-json\/wp\/v2\/product"}],"about":[{"href":"https:\/\/mouldking.store\/nb\/wp-json\/wp\/v2\/types\/product"}],"replies":[{"embeddable":true,"href":"https:\/\/mouldking.store\/nb\/wp-json\/wp\/v2\/comments?post=11044"}],"wp:featuredmedia":[{"embeddable":true,"href":"https:\/\/mouldking.store\/nb\/wp-json\/wp\/v2\/media\/11324"}],"wp:attachment":[{"href":"https:\/\/mouldking.store\/nb\/wp-json\/wp\/v2\/media?parent=11044"}],"wp:term":[{"taxonomy":"product_cat","embeddable":true,"href":"https:\/\/mouldking.store\/nb\/wp-json\/wp\/v2\/product_cat?post=11044"},{"taxonomy":"product_tag","embeddable":true,"href":"https:\/\/mouldking.store\/nb\/wp-json\/wp\/v2\/product_tag?post=11044"}],"curies":[{"name":"wp","href":"https:\/\/api.w.org\/{rel}","templated":true}]}}