{"id":11075,"date":"2021-05-10T04:09:56","date_gmt":"2021-05-09T21:09:56","guid":{"rendered":"https:\/\/mouldking.store\/?post_type=product&#038;p=11075"},"modified":"2023-06-12T10:24:49","modified_gmt":"2023-06-12T03:24:49","slug":"mouldking-12011-wizarding-world-9-3-4-magic-station-with-3318-pieces","status":"publish","type":"product","link":"https:\/\/mouldking.store\/nb\/shop\/mouldking-12011-wizarding-world-9-3-4-magic-station-with-3318-pieces\/","title":{"rendered":"MOULDKING 12011 Wizarding World: 9-3\/4 Magic Station med 3318 stykker"},"content":{"rendered":"<p>Produktinformasjon:<\/p>\n<ol>\n<li>Type: Blokker<\/li>\n<li>Kj\u00f8nn: Unisex<\/li>\n<li>Advarsel: kan ikke spise<\/li>\n<li>Aldersgruppe: &gt; 8 \u00e5r gammel<\/li>\n<li>Model Number: 12011<\/li>\n<li>Klassifisering: Montering<\/li>\n<li>Plastblokkform: Selvl\u00e5sende murstein<\/li>\n<li>Materiale: Plast<\/li>\n<li>Plasttype: ABS<\/li>\n<li>Bricks Blocks: 3318 PCS<\/li>\n<li>Inneholder detaljerte monteringsanvisninger.<\/li>\n<\/ol>\n<p>Legge merke til:<br \/>\n1. Uten original eske, men vi garanterer at v\u00e5re produkter har kvalitetssikring og pen emballasje.<br \/>\n2. Som alle delene vi har sjekket f\u00f8r frakt, s\u00e5 hvis du finner noen deler savnet eller skadet, ikke bekymre deg og bare kontakt oss, s\u00e5 kan vi sende dem til deg p\u00e5 nytt umiddelbart gratis.<\/p>\n<figure id=\"attachment_11076\" aria-describedby=\"caption-attachment-11076\" style=\"width: 800px\" class=\"wp-caption aligncenter\"><a href=\"https:\/\/mouldking.store\/wp-content\/uploads\/2021\/05\/mouldking-12011-wizarding-world-9-34-magic-station-with-3318-pieces.jpg\"><img fetchpriority=\"high\" decoding=\"async\" class=\"wp-image-11076 size-full\" title=\"MOULDKING 12011 Wizarding World: 9-3\/4 Magic Station med 3318 stykker\" src=\"https:\/\/mouldking.store\/wp-content\/uploads\/2021\/05\/mouldking-12011-wizarding-world-9-34-magic-station-with-3318-pieces.jpg\" alt=\"MOULDKING 12011 Wizarding World: 9-3\/4 Magic Station with 3318 pieces\" width=\"800\" height=\"800\" srcset=\"https:\/\/mouldking.store\/wp-content\/uploads\/2021\/05\/mouldking-12011-wizarding-world-9-34-magic-station-with-3318-pieces.jpg 800w, https:\/\/mouldking.store\/wp-content\/uploads\/2021\/05\/mouldking-12011-wizarding-world-9-34-magic-station-with-3318-pieces-300x300.jpg 300w, https:\/\/mouldking.store\/wp-content\/uploads\/2021\/05\/mouldking-12011-wizarding-world-9-34-magic-station-with-3318-pieces-768x768.jpg 768w, https:\/\/mouldking.store\/wp-content\/uploads\/2021\/05\/mouldking-12011-wizarding-world-9-34-magic-station-with-3318-pieces-600x600.jpg 600w, https:\/\/mouldking.store\/wp-content\/uploads\/2021\/05\/mouldking-12011-wizarding-world-9-34-magic-station-with-3318-pieces-150x150.jpg 150w\" sizes=\"(max-width: 800px) 100vw, 800px\" \/><\/a><figcaption id=\"caption-attachment-11076\" class=\"wp-caption-text\">MOULDKING 12011 Wizarding World: 9-3\/4 Magic Station med 3318 stykker<\/figcaption><\/figure>\n<figure id=\"attachment_11077\" aria-describedby=\"caption-attachment-11077\" style=\"width: 800px\" class=\"wp-caption aligncenter\"><img decoding=\"async\" class=\"size-full wp-image-11077\" title=\"MOULDKING 12011 Wizarding World: 9-3\/4 Magic Station med 3318 stykker\" src=\"http:\/\/mouldking.store\/wp-content\/uploads\/2021\/05\/mouldking-12011-wizarding-world-9-34-magic-station-with-3318-pieces-1.jpg\" alt=\"MOULDKING 12011 Wizarding World: 9-3\/4 Magic Station with 3318 pieces\" width=\"800\" height=\"800\" srcset=\"https:\/\/mouldking.store\/wp-content\/uploads\/2021\/05\/mouldking-12011-wizarding-world-9-34-magic-station-with-3318-pieces-1.jpg 800w, https:\/\/mouldking.store\/wp-content\/uploads\/2021\/05\/mouldking-12011-wizarding-world-9-34-magic-station-with-3318-pieces-1-300x300.jpg 300w, https:\/\/mouldking.store\/wp-content\/uploads\/2021\/05\/mouldking-12011-wizarding-world-9-34-magic-station-with-3318-pieces-1-768x768.jpg 768w, https:\/\/mouldking.store\/wp-content\/uploads\/2021\/05\/mouldking-12011-wizarding-world-9-34-magic-station-with-3318-pieces-1-600x600.jpg 600w, https:\/\/mouldking.store\/wp-content\/uploads\/2021\/05\/mouldking-12011-wizarding-world-9-34-magic-station-with-3318-pieces-1-150x150.jpg 150w\" sizes=\"(max-width: 800px) 100vw, 800px\" \/><figcaption id=\"caption-attachment-11077\" class=\"wp-caption-text\">MOULDKING 12011 Wizarding World: 9-3\/4 Magic Station med 3318 stykker<\/figcaption><\/figure>\n<figure id=\"attachment_11078\" aria-describedby=\"caption-attachment-11078\" style=\"width: 800px\" class=\"wp-caption aligncenter\"><img decoding=\"async\" class=\"size-full wp-image-11078\" title=\"MOULDKING 12011 Wizarding World: 9-3\/4 Magic Station med 3318 stykker\" src=\"http:\/\/mouldking.store\/wp-content\/uploads\/2021\/05\/mouldking-12011-wizarding-world-9-34-magic-station-with-3318-pieces-2.jpg\" alt=\"MOULDKING 12011 Wizarding World: 9-3\/4 Magic Station with 3318 pieces\" width=\"800\" height=\"800\" srcset=\"https:\/\/mouldking.store\/wp-content\/uploads\/2021\/05\/mouldking-12011-wizarding-world-9-34-magic-station-with-3318-pieces-2.jpg 800w, https:\/\/mouldking.store\/wp-content\/uploads\/2021\/05\/mouldking-12011-wizarding-world-9-34-magic-station-with-3318-pieces-2-300x300.jpg 300w, https:\/\/mouldking.store\/wp-content\/uploads\/2021\/05\/mouldking-12011-wizarding-world-9-34-magic-station-with-3318-pieces-2-768x768.jpg 768w, https:\/\/mouldking.store\/wp-content\/uploads\/2021\/05\/mouldking-12011-wizarding-world-9-34-magic-station-with-3318-pieces-2-600x600.jpg 600w, https:\/\/mouldking.store\/wp-content\/uploads\/2021\/05\/mouldking-12011-wizarding-world-9-34-magic-station-with-3318-pieces-2-150x150.jpg 150w\" sizes=\"(max-width: 800px) 100vw, 800px\" \/><figcaption id=\"caption-attachment-11078\" class=\"wp-caption-text\">MOULDKING 12011 Wizarding World: 9-3\/4 Magic Station med 3318 stykker<\/figcaption><\/figure>\n<figure id=\"attachment_11079\" aria-describedby=\"caption-attachment-11079\" style=\"width: 800px\" class=\"wp-caption aligncenter\"><img loading=\"lazy\" decoding=\"async\" class=\"size-full wp-image-11079\" title=\"MOULDKING 12011 Wizarding World: 9-3\/4 Magic Station med 3318 stykker\" src=\"http:\/\/mouldking.store\/wp-content\/uploads\/2021\/05\/mouldking-12011-wizarding-world-9-34-magic-station-with-3318-pieces-3.jpg\" alt=\"MOULDKING 12011 Wizarding World: 9-3\/4 Magic Station with 3318 pieces\" width=\"800\" height=\"800\" srcset=\"https:\/\/mouldking.store\/wp-content\/uploads\/2021\/05\/mouldking-12011-wizarding-world-9-34-magic-station-with-3318-pieces-3.jpg 800w, https:\/\/mouldking.store\/wp-content\/uploads\/2021\/05\/mouldking-12011-wizarding-world-9-34-magic-station-with-3318-pieces-3-300x300.jpg 300w, https:\/\/mouldking.store\/wp-content\/uploads\/2021\/05\/mouldking-12011-wizarding-world-9-34-magic-station-with-3318-pieces-3-768x768.jpg 768w, https:\/\/mouldking.store\/wp-content\/uploads\/2021\/05\/mouldking-12011-wizarding-world-9-34-magic-station-with-3318-pieces-3-600x600.jpg 600w, https:\/\/mouldking.store\/wp-content\/uploads\/2021\/05\/mouldking-12011-wizarding-world-9-34-magic-station-with-3318-pieces-3-150x150.jpg 150w\" sizes=\"(max-width: 800px) 100vw, 800px\" \/><figcaption id=\"caption-attachment-11079\" class=\"wp-caption-text\">MOULDKING 12011 Wizarding World: 9-3\/4 Magic Station med 3318 stykker<\/figcaption><\/figure>\n<figure id=\"attachment_11080\" aria-describedby=\"caption-attachment-11080\" style=\"width: 800px\" class=\"wp-caption aligncenter\"><img loading=\"lazy\" decoding=\"async\" class=\"size-full wp-image-11080\" title=\"MOULDKING 12011 Wizarding World: 9-3\/4 Magic Station med 3318 stykker\" src=\"http:\/\/mouldking.store\/wp-content\/uploads\/2021\/05\/mouldking-12011-wizarding-world-9-34-magic-station-with-3318-pieces-4.jpg\" alt=\"MOULDKING 12011 Wizarding World: 9-3\/4 Magic Station with 3318 pieces\" width=\"800\" height=\"800\" srcset=\"https:\/\/mouldking.store\/wp-content\/uploads\/2021\/05\/mouldking-12011-wizarding-world-9-34-magic-station-with-3318-pieces-4.jpg 800w, https:\/\/mouldking.store\/wp-content\/uploads\/2021\/05\/mouldking-12011-wizarding-world-9-34-magic-station-with-3318-pieces-4-300x300.jpg 300w, https:\/\/mouldking.store\/wp-content\/uploads\/2021\/05\/mouldking-12011-wizarding-world-9-34-magic-station-with-3318-pieces-4-768x768.jpg 768w, https:\/\/mouldking.store\/wp-content\/uploads\/2021\/05\/mouldking-12011-wizarding-world-9-34-magic-station-with-3318-pieces-4-600x600.jpg 600w, https:\/\/mouldking.store\/wp-content\/uploads\/2021\/05\/mouldking-12011-wizarding-world-9-34-magic-station-with-3318-pieces-4-150x150.jpg 150w\" sizes=\"(max-width: 800px) 100vw, 800px\" \/><figcaption id=\"caption-attachment-11080\" class=\"wp-caption-text\">MOULDKING 12011 Wizarding World: 9-3\/4 Magic Station med 3318 stykker<\/figcaption><\/figure>","protected":false},"excerpt":{"rendered":"<p>Product information: Type: Blocks Gender: Unisex Warning: can not eat Age Range: &gt; 8 years old Model Number: 12011 Classification: Assemblage Plastic Block Shape: Self-Locking Bricks Material: Plastic Plastic Type: ABS Bricks Blocks: 3318 PCS Contains detailed assembly instructions. Notice: 1. Without an original box, but we guarantee our products have quality assurance and nice [&hellip;]<\/p>","protected":false},"featured_media":11076,"comment_status":"open","ping_status":"closed","template":"","meta":{"_acf_changed":false},"product_cat":[581],"product_tag":[1255,914,1253,1252,1254],"class_list":["product","first","instock","sale","shipping-taxable","purchasable","product-type-simple"],"acf":[],"_links":{"self":[{"href":"https:\/\/mouldking.store\/nb\/wp-json\/wp\/v2\/product\/11075","targetHints":{"allow":["GET"]}}],"collection":[{"href":"https:\/\/mouldking.store\/nb\/wp-json\/wp\/v2\/product"}],"about":[{"href":"https:\/\/mouldking.store\/nb\/wp-json\/wp\/v2\/types\/product"}],"replies":[{"embeddable":true,"href":"https:\/\/mouldking.store\/nb\/wp-json\/wp\/v2\/comments?post=11075"}],"wp:featuredmedia":[{"embeddable":true,"href":"https:\/\/mouldking.store\/nb\/wp-json\/wp\/v2\/media\/11076"}],"wp:attachment":[{"href":"https:\/\/mouldking.store\/nb\/wp-json\/wp\/v2\/media?parent=11075"}],"wp:term":[{"taxonomy":"product_cat","embeddable":true,"href":"https:\/\/mouldking.store\/nb\/wp-json\/wp\/v2\/product_cat?post=11075"},{"taxonomy":"product_tag","embeddable":true,"href":"https:\/\/mouldking.store\/nb\/wp-json\/wp\/v2\/product_tag?post=11075"}],"curies":[{"name":"wp","href":"https:\/\/api.w.org\/{rel}","templated":true}]}}