{"id":11090,"date":"2021-05-10T04:20:40","date_gmt":"2021-05-10T04:20:40","guid":{"rendered":"https:\/\/mouldking.store\/?post_type=product&#038;p=11090"},"modified":"2025-12-25T09:28:21","modified_gmt":"2025-12-25T02:28:21","slug":"mouldking-19005-moc-2475-pneumatic-tractor-truck-with-4825-pieces","status":"publish","type":"product","link":"https:\/\/mouldking.store\/nb\/shop\/mouldking-19005-moc-2475-pneumatic-tractor-truck-with-4825-pieces\/","title":{"rendered":"MOULDKING 19005 MOC-2475 Pneumatic Tractor Truck with 4825 pieces"},"content":{"rendered":"<p>Produktinformasjon:<\/p>\n<ol>\n<li>Type: Blokker<\/li>\n<li>Kj\u00f8nn: Unisex<\/li>\n<li>Advarsel: kan ikke spise<\/li>\n<li>Aldersgruppe: &gt; 8 \u00e5r gammel<\/li>\n<li>Model Number: 19005<\/li>\n<li>Klassifisering: Montering<\/li>\n<li>Plastblokkform: Selvl\u00e5sende murstein<\/li>\n<li>Materiale: Plast<\/li>\n<li>Plasttype: ABS<\/li>\n<li>Bricks Blocks: 4825 PCS<\/li>\n<li>Inneholder detaljerte monteringsanvisninger.<\/li>\n<\/ol>\n<p>Legge merke til:<br \/>\n1. Uten original eske, men vi garanterer at v\u00e5re produkter har kvalitetssikring og pen emballasje.<br \/>\n2. Som alle delene vi har sjekket f\u00f8r frakt, s\u00e5 hvis du finner noen deler savnet eller skadet, ikke bekymre deg og bare kontakt oss, s\u00e5 kan vi sende dem til deg p\u00e5 nytt umiddelbart gratis.<\/p>\n<figure id=\"attachment_11341\" aria-describedby=\"caption-attachment-11341\" style=\"width: 800px\" class=\"wp-caption aligncenter\"><img fetchpriority=\"high\" decoding=\"async\" class=\"size-full wp-image-11341\" title=\"MOULDKING 19005 MOC-2475 Pneumatic Tractor Truck with 4825 pieces\" src=\"http:\/\/mouldking.store\/wp-content\/uploads\/2021\/06\/mouldking-19005-moc-2475-pneumatic-tractor-truck-with-4825-pieces.jpg\" alt=\"MOULDKING 19005 MOC-2475 Pneumatic Tractor Truck with 4825 pieces\" width=\"800\" height=\"800\" srcset=\"https:\/\/mouldking.store\/wp-content\/uploads\/2021\/06\/mouldking-19005-moc-2475-pneumatic-tractor-truck-with-4825-pieces.jpg 800w, https:\/\/mouldking.store\/wp-content\/uploads\/2021\/06\/mouldking-19005-moc-2475-pneumatic-tractor-truck-with-4825-pieces-300x300.jpg 300w, https:\/\/mouldking.store\/wp-content\/uploads\/2021\/06\/mouldking-19005-moc-2475-pneumatic-tractor-truck-with-4825-pieces-768x768.jpg 768w, https:\/\/mouldking.store\/wp-content\/uploads\/2021\/06\/mouldking-19005-moc-2475-pneumatic-tractor-truck-with-4825-pieces-600x600.jpg 600w, https:\/\/mouldking.store\/wp-content\/uploads\/2021\/06\/mouldking-19005-moc-2475-pneumatic-tractor-truck-with-4825-pieces-150x150.jpg 150w\" sizes=\"(max-width: 800px) 100vw, 800px\" \/><figcaption id=\"caption-attachment-11341\" class=\"wp-caption-text\">MOULDKING 19005 MOC-2475 Pneumatic Tractor Truck with 4825 pieces<\/figcaption><\/figure>\n<figure id=\"attachment_11342\" aria-describedby=\"caption-attachment-11342\" style=\"width: 800px\" class=\"wp-caption aligncenter\"><img decoding=\"async\" class=\"size-full wp-image-11342\" title=\"MOULDKING 19005 MOC-2475 Pneumatic Tractor Truck with 4825 pieces\" src=\"http:\/\/mouldking.store\/wp-content\/uploads\/2021\/06\/mouldking-19005-moc-2475-pneumatic-tractor-truck-with-4825-pieces-1.jpg\" alt=\"MOULDKING 19005 MOC-2475 Pneumatic Tractor Truck with 4825 pieces\" width=\"800\" height=\"800\" srcset=\"https:\/\/mouldking.store\/wp-content\/uploads\/2021\/06\/mouldking-19005-moc-2475-pneumatic-tractor-truck-with-4825-pieces-1.jpg 800w, https:\/\/mouldking.store\/wp-content\/uploads\/2021\/06\/mouldking-19005-moc-2475-pneumatic-tractor-truck-with-4825-pieces-1-300x300.jpg 300w, https:\/\/mouldking.store\/wp-content\/uploads\/2021\/06\/mouldking-19005-moc-2475-pneumatic-tractor-truck-with-4825-pieces-1-768x768.jpg 768w, https:\/\/mouldking.store\/wp-content\/uploads\/2021\/06\/mouldking-19005-moc-2475-pneumatic-tractor-truck-with-4825-pieces-1-600x600.jpg 600w, https:\/\/mouldking.store\/wp-content\/uploads\/2021\/06\/mouldking-19005-moc-2475-pneumatic-tractor-truck-with-4825-pieces-1-150x150.jpg 150w\" sizes=\"(max-width: 800px) 100vw, 800px\" \/><figcaption id=\"caption-attachment-11342\" class=\"wp-caption-text\">MOULDKING 19005 MOC-2475 Pneumatic Tractor Truck with 4825 pieces<\/figcaption><\/figure>\n<figure id=\"attachment_11343\" aria-describedby=\"caption-attachment-11343\" style=\"width: 800px\" class=\"wp-caption aligncenter\"><img decoding=\"async\" class=\"size-full wp-image-11343\" title=\"MOULDKING 19005 MOC-2475 Pneumatic Tractor Truck with 4825 pieces\" src=\"http:\/\/mouldking.store\/wp-content\/uploads\/2021\/06\/mouldking-19005-moc-2475-pneumatic-tractor-truck-with-4825-pieces-2.jpg\" alt=\"MOULDKING 19005 MOC-2475 Pneumatic Tractor Truck with 4825 pieces\" width=\"800\" height=\"800\" srcset=\"https:\/\/mouldking.store\/wp-content\/uploads\/2021\/06\/mouldking-19005-moc-2475-pneumatic-tractor-truck-with-4825-pieces-2.jpg 800w, https:\/\/mouldking.store\/wp-content\/uploads\/2021\/06\/mouldking-19005-moc-2475-pneumatic-tractor-truck-with-4825-pieces-2-300x300.jpg 300w, https:\/\/mouldking.store\/wp-content\/uploads\/2021\/06\/mouldking-19005-moc-2475-pneumatic-tractor-truck-with-4825-pieces-2-768x768.jpg 768w, https:\/\/mouldking.store\/wp-content\/uploads\/2021\/06\/mouldking-19005-moc-2475-pneumatic-tractor-truck-with-4825-pieces-2-600x600.jpg 600w, https:\/\/mouldking.store\/wp-content\/uploads\/2021\/06\/mouldking-19005-moc-2475-pneumatic-tractor-truck-with-4825-pieces-2-150x150.jpg 150w\" sizes=\"(max-width: 800px) 100vw, 800px\" \/><figcaption id=\"caption-attachment-11343\" class=\"wp-caption-text\">MOULDKING 19005 MOC-2475 Pneumatic Tractor Truck with 4825 pieces<\/figcaption><\/figure>\n<figure id=\"attachment_11344\" aria-describedby=\"caption-attachment-11344\" style=\"width: 800px\" class=\"wp-caption aligncenter\"><img loading=\"lazy\" decoding=\"async\" class=\"size-full wp-image-11344\" title=\"MOULDKING 19005 MOC-2475 Pneumatic Tractor Truck with 4825 pieces\" src=\"http:\/\/mouldking.store\/wp-content\/uploads\/2021\/06\/mouldking-19005-moc-2475-pneumatic-tractor-truck-with-4825-pieces-3.jpg\" alt=\"MOULDKING 19005 MOC-2475 Pneumatic Tractor Truck with 4825 pieces\" width=\"800\" height=\"800\" srcset=\"https:\/\/mouldking.store\/wp-content\/uploads\/2021\/06\/mouldking-19005-moc-2475-pneumatic-tractor-truck-with-4825-pieces-3.jpg 800w, https:\/\/mouldking.store\/wp-content\/uploads\/2021\/06\/mouldking-19005-moc-2475-pneumatic-tractor-truck-with-4825-pieces-3-300x300.jpg 300w, https:\/\/mouldking.store\/wp-content\/uploads\/2021\/06\/mouldking-19005-moc-2475-pneumatic-tractor-truck-with-4825-pieces-3-768x768.jpg 768w, https:\/\/mouldking.store\/wp-content\/uploads\/2021\/06\/mouldking-19005-moc-2475-pneumatic-tractor-truck-with-4825-pieces-3-600x600.jpg 600w, https:\/\/mouldking.store\/wp-content\/uploads\/2021\/06\/mouldking-19005-moc-2475-pneumatic-tractor-truck-with-4825-pieces-3-150x150.jpg 150w\" sizes=\"(max-width: 800px) 100vw, 800px\" \/><figcaption id=\"caption-attachment-11344\" class=\"wp-caption-text\">MOULDKING 19005 MOC-2475 Pneumatic Tractor Truck with 4825 pieces<\/figcaption><\/figure>\n<figure id=\"attachment_11345\" aria-describedby=\"caption-attachment-11345\" style=\"width: 1000px\" class=\"wp-caption aligncenter\"><img loading=\"lazy\" decoding=\"async\" class=\"size-full wp-image-11345\" title=\"MOULDKING 19005 MOC-2475 Pneumatic Tractor Truck with 4825 pieces\" src=\"http:\/\/mouldking.store\/wp-content\/uploads\/2021\/06\/mouldking-19005-moc-2475-pneumatic-tractor-truck-with-4825-pieces-4.jpg\" alt=\"MOULDKING 19005 MOC-2475 Pneumatic Tractor Truck with 4825 pieces\" width=\"1000\" height=\"1000\" srcset=\"https:\/\/mouldking.store\/wp-content\/uploads\/2021\/06\/mouldking-19005-moc-2475-pneumatic-tractor-truck-with-4825-pieces-4.jpg 1000w, https:\/\/mouldking.store\/wp-content\/uploads\/2021\/06\/mouldking-19005-moc-2475-pneumatic-tractor-truck-with-4825-pieces-4-300x300.jpg 300w, https:\/\/mouldking.store\/wp-content\/uploads\/2021\/06\/mouldking-19005-moc-2475-pneumatic-tractor-truck-with-4825-pieces-4-768x768.jpg 768w, https:\/\/mouldking.store\/wp-content\/uploads\/2021\/06\/mouldking-19005-moc-2475-pneumatic-tractor-truck-with-4825-pieces-4-600x600.jpg 600w, https:\/\/mouldking.store\/wp-content\/uploads\/2021\/06\/mouldking-19005-moc-2475-pneumatic-tractor-truck-with-4825-pieces-4-150x150.jpg 150w\" sizes=\"(max-width: 1000px) 100vw, 1000px\" \/><figcaption id=\"caption-attachment-11345\" class=\"wp-caption-text\">MOULDKING 19005 MOC-2475 Pneumatic Tractor Truck with 4825 pieces<\/figcaption><\/figure>","protected":false},"excerpt":{"rendered":"<p>Product information: Type: Blocks Gender: Unisex Warning: can not eat Age Range: &gt; 8 years old Model Number: 19005 Classification: Assemblage Plastic Block Shape: Self-Locking Bricks Material: Plastic Plastic Type: ABS Bricks Blocks: 4825 PCS Contains detailed assembly instructions. Notice: 1. Without an original box, but we guarantee our products have quality assurance and nice [&hellip;]<\/p>","protected":false},"featured_media":11091,"comment_status":"open","ping_status":"closed","template":"","meta":{"_acf_changed":false},"product_cat":[364],"product_tag":[1264,1263,1262,1265],"class_list":["product","first","outofstock","sale","shipping-taxable","purchasable","product-type-simple"],"acf":[],"_links":{"self":[{"href":"https:\/\/mouldking.store\/nb\/wp-json\/wp\/v2\/product\/11090","targetHints":{"allow":["GET"]}}],"collection":[{"href":"https:\/\/mouldking.store\/nb\/wp-json\/wp\/v2\/product"}],"about":[{"href":"https:\/\/mouldking.store\/nb\/wp-json\/wp\/v2\/types\/product"}],"replies":[{"embeddable":true,"href":"https:\/\/mouldking.store\/nb\/wp-json\/wp\/v2\/comments?post=11090"}],"wp:featuredmedia":[{"embeddable":true,"href":"https:\/\/mouldking.store\/nb\/wp-json\/wp\/v2\/media\/11091"}],"wp:attachment":[{"href":"https:\/\/mouldking.store\/nb\/wp-json\/wp\/v2\/media?parent=11090"}],"wp:term":[{"taxonomy":"product_cat","embeddable":true,"href":"https:\/\/mouldking.store\/nb\/wp-json\/wp\/v2\/product_cat?post=11090"},{"taxonomy":"product_tag","embeddable":true,"href":"https:\/\/mouldking.store\/nb\/wp-json\/wp\/v2\/product_tag?post=11090"}],"curies":[{"name":"wp","href":"https:\/\/api.w.org\/{rel}","templated":true}]}}