{"id":11099,"date":"2021-05-10T04:27:12","date_gmt":"2021-05-10T04:27:12","guid":{"rendered":"https:\/\/mouldking.store\/?post_type=product&#038;p=11099"},"modified":"2021-12-23T09:54:46","modified_gmt":"2021-12-23T09:54:46","slug":"mouldking-12008-world-railway-railroad-crossing-with-655-pieces","status":"publish","type":"product","link":"https:\/\/mouldking.store\/nb\/shop\/mouldking-12008-world-railway-railroad-crossing-with-655-pieces\/","title":{"rendered":"MOULDKING 12008 World Railroad Crossing med 655 stykker"},"content":{"rendered":"<p>Produktinformasjon:<\/p>\n<ol>\n<li>Type: Blokker<\/li>\n<li>Kj\u00f8nn: Unisex<\/li>\n<li>Advarsel: kan ikke spise<\/li>\n<li>Aldersgruppe: &gt; 8 \u00e5r gammel<\/li>\n<li>Model Number: 12008<\/li>\n<li>Klassifisering: Montering<\/li>\n<li>Plastblokkform: Selvl\u00e5sende murstein<\/li>\n<li>Materiale: Plast<\/li>\n<li>Plasttype: ABS<\/li>\n<li>Bricks Blocks: 655 PCS<\/li>\n<li>Inneholder detaljerte monteringsanvisninger.<\/li>\n<\/ol>\n<p>Legge merke til:<br \/>\n1. Uten original eske, men vi garanterer at v\u00e5re produkter har kvalitetssikring og pen emballasje.<br \/>\n2. Som alle delene vi har sjekket f\u00f8r frakt, s\u00e5 hvis du finner noen deler savnet eller skadet, ikke bekymre deg og bare kontakt oss, s\u00e5 kan vi sende dem til deg p\u00e5 nytt umiddelbart gratis.<\/p>\n<figure id=\"attachment_11100\" aria-describedby=\"caption-attachment-11100\" style=\"width: 800px\" class=\"wp-caption aligncenter\"><a href=\"https:\/\/mouldking.store\/wp-content\/uploads\/2021\/05\/mouldking-12008-world-railway-railroad-crossing-with-655-pieces.jpg\"><img fetchpriority=\"high\" decoding=\"async\" class=\"wp-image-11100 size-full\" title=\"MOULDKING 12008 World Railroad Crossing med 655 stykker\" src=\"https:\/\/mouldking.store\/wp-content\/uploads\/2021\/05\/mouldking-12008-world-railway-railroad-crossing-with-655-pieces.jpg\" alt=\"MOULDKING 12008 World Railway Railroad Crossing with 655 pieces\" width=\"800\" height=\"800\" srcset=\"https:\/\/mouldking.store\/wp-content\/uploads\/2021\/05\/mouldking-12008-world-railway-railroad-crossing-with-655-pieces.jpg 800w, https:\/\/mouldking.store\/wp-content\/uploads\/2021\/05\/mouldking-12008-world-railway-railroad-crossing-with-655-pieces-300x300.jpg 300w, https:\/\/mouldking.store\/wp-content\/uploads\/2021\/05\/mouldking-12008-world-railway-railroad-crossing-with-655-pieces-768x768.jpg 768w, https:\/\/mouldking.store\/wp-content\/uploads\/2021\/05\/mouldking-12008-world-railway-railroad-crossing-with-655-pieces-600x600.jpg 600w, https:\/\/mouldking.store\/wp-content\/uploads\/2021\/05\/mouldking-12008-world-railway-railroad-crossing-with-655-pieces-150x150.jpg 150w\" sizes=\"(max-width: 800px) 100vw, 800px\" \/><\/a><figcaption id=\"caption-attachment-11100\" class=\"wp-caption-text\">MOULDKING 12008 World Railroad Crossing med 655 stykker<\/figcaption><\/figure>\n<figure id=\"attachment_11101\" aria-describedby=\"caption-attachment-11101\" style=\"width: 800px\" class=\"wp-caption aligncenter\"><img decoding=\"async\" class=\"size-full wp-image-11101\" title=\"MOULDKING 12008 World Railroad Crossing med 655 stykker\" src=\"http:\/\/mouldking.store\/wp-content\/uploads\/2021\/05\/mouldking-12008-world-railway-railroad-crossing-with-655-pieces-1.jpg\" alt=\"MOULDKING 12008 World Railway Railroad Crossing with 655 pieces\" width=\"800\" height=\"800\" srcset=\"https:\/\/mouldking.store\/wp-content\/uploads\/2021\/05\/mouldking-12008-world-railway-railroad-crossing-with-655-pieces-1.jpg 800w, https:\/\/mouldking.store\/wp-content\/uploads\/2021\/05\/mouldking-12008-world-railway-railroad-crossing-with-655-pieces-1-300x300.jpg 300w, https:\/\/mouldking.store\/wp-content\/uploads\/2021\/05\/mouldking-12008-world-railway-railroad-crossing-with-655-pieces-1-768x768.jpg 768w, https:\/\/mouldking.store\/wp-content\/uploads\/2021\/05\/mouldking-12008-world-railway-railroad-crossing-with-655-pieces-1-600x600.jpg 600w, https:\/\/mouldking.store\/wp-content\/uploads\/2021\/05\/mouldking-12008-world-railway-railroad-crossing-with-655-pieces-1-150x150.jpg 150w\" sizes=\"(max-width: 800px) 100vw, 800px\" \/><figcaption id=\"caption-attachment-11101\" class=\"wp-caption-text\">MOULDKING 12008 World Railroad Crossing med 655 stykker<\/figcaption><\/figure>\n<figure id=\"attachment_11102\" aria-describedby=\"caption-attachment-11102\" style=\"width: 800px\" class=\"wp-caption aligncenter\"><img decoding=\"async\" class=\"size-full wp-image-11102\" title=\"MOULDKING 12008 World Railroad Crossing med 655 stykker\" src=\"http:\/\/mouldking.store\/wp-content\/uploads\/2021\/05\/mouldking-12008-world-railway-railroad-crossing-with-655-pieces-2.jpg\" alt=\"MOULDKING 12008 World Railway Railroad Crossing with 655 pieces\" width=\"800\" height=\"800\" srcset=\"https:\/\/mouldking.store\/wp-content\/uploads\/2021\/05\/mouldking-12008-world-railway-railroad-crossing-with-655-pieces-2.jpg 800w, https:\/\/mouldking.store\/wp-content\/uploads\/2021\/05\/mouldking-12008-world-railway-railroad-crossing-with-655-pieces-2-300x300.jpg 300w, https:\/\/mouldking.store\/wp-content\/uploads\/2021\/05\/mouldking-12008-world-railway-railroad-crossing-with-655-pieces-2-768x768.jpg 768w, https:\/\/mouldking.store\/wp-content\/uploads\/2021\/05\/mouldking-12008-world-railway-railroad-crossing-with-655-pieces-2-600x600.jpg 600w, https:\/\/mouldking.store\/wp-content\/uploads\/2021\/05\/mouldking-12008-world-railway-railroad-crossing-with-655-pieces-2-150x150.jpg 150w\" sizes=\"(max-width: 800px) 100vw, 800px\" \/><figcaption id=\"caption-attachment-11102\" class=\"wp-caption-text\">MOULDKING 12008 World Railroad Crossing med 655 stykker<\/figcaption><\/figure>\n<figure id=\"attachment_11103\" aria-describedby=\"caption-attachment-11103\" style=\"width: 800px\" class=\"wp-caption aligncenter\"><img loading=\"lazy\" decoding=\"async\" class=\"size-full wp-image-11103\" title=\"MOULDKING 12008 World Railroad Crossing med 655 stykker\" src=\"http:\/\/mouldking.store\/wp-content\/uploads\/2021\/05\/mouldking-12008-world-railway-railroad-crossing-with-655-pieces-3.jpg\" alt=\"MOULDKING 12008 World Railway Railroad Crossing with 655 pieces\" width=\"800\" height=\"800\" srcset=\"https:\/\/mouldking.store\/wp-content\/uploads\/2021\/05\/mouldking-12008-world-railway-railroad-crossing-with-655-pieces-3.jpg 800w, https:\/\/mouldking.store\/wp-content\/uploads\/2021\/05\/mouldking-12008-world-railway-railroad-crossing-with-655-pieces-3-300x300.jpg 300w, https:\/\/mouldking.store\/wp-content\/uploads\/2021\/05\/mouldking-12008-world-railway-railroad-crossing-with-655-pieces-3-768x768.jpg 768w, https:\/\/mouldking.store\/wp-content\/uploads\/2021\/05\/mouldking-12008-world-railway-railroad-crossing-with-655-pieces-3-600x600.jpg 600w, https:\/\/mouldking.store\/wp-content\/uploads\/2021\/05\/mouldking-12008-world-railway-railroad-crossing-with-655-pieces-3-150x150.jpg 150w\" sizes=\"(max-width: 800px) 100vw, 800px\" \/><figcaption id=\"caption-attachment-11103\" class=\"wp-caption-text\">MOULDKING 12008 World Railroad Crossing med 655 stykker<\/figcaption><\/figure>","protected":false},"excerpt":{"rendered":"<p>Product information: Type: Blocks Gender: Unisex Warning: can not eat Age Range: &gt; 8 years old Model Number: 12008 Classification: Assemblage Plastic Block Shape: Self-Locking Bricks Material: Plastic Plastic Type: ABS Bricks Blocks: 655 PCS Contains detailed assembly instructions. Notice: 1. Without an original box, but we guarantee our products have quality assurance and nice [&hellip;]<\/p>","protected":false},"featured_media":11100,"comment_status":"open","ping_status":"closed","template":"","meta":{"_acf_changed":false},"product_cat":[371],"product_tag":[1272,1271,1273,990],"class_list":["product","first","instock","sale","shipping-taxable","purchasable","product-type-simple"],"acf":[],"_links":{"self":[{"href":"https:\/\/mouldking.store\/nb\/wp-json\/wp\/v2\/product\/11099","targetHints":{"allow":["GET"]}}],"collection":[{"href":"https:\/\/mouldking.store\/nb\/wp-json\/wp\/v2\/product"}],"about":[{"href":"https:\/\/mouldking.store\/nb\/wp-json\/wp\/v2\/types\/product"}],"replies":[{"embeddable":true,"href":"https:\/\/mouldking.store\/nb\/wp-json\/wp\/v2\/comments?post=11099"}],"wp:featuredmedia":[{"embeddable":true,"href":"https:\/\/mouldking.store\/nb\/wp-json\/wp\/v2\/media\/11100"}],"wp:attachment":[{"href":"https:\/\/mouldking.store\/nb\/wp-json\/wp\/v2\/media?parent=11099"}],"wp:term":[{"taxonomy":"product_cat","embeddable":true,"href":"https:\/\/mouldking.store\/nb\/wp-json\/wp\/v2\/product_cat?post=11099"},{"taxonomy":"product_tag","embeddable":true,"href":"https:\/\/mouldking.store\/nb\/wp-json\/wp\/v2\/product_tag?post=11099"}],"curies":[{"name":"wp","href":"https:\/\/api.w.org\/{rel}","templated":true}]}}