{"id":11109,"date":"2021-05-10T04:39:20","date_gmt":"2021-05-10T04:39:20","guid":{"rendered":"https:\/\/mouldking.store\/?post_type=product&#038;p=11109"},"modified":"2021-12-23T09:54:46","modified_gmt":"2021-12-23T09:54:46","slug":"mouldking-kb800-volvo-b8l-bus-with-rc-with-3542-pieces","status":"publish","type":"product","link":"https:\/\/mouldking.store\/nb\/shop\/mouldking-kb800-volvo-b8l-bus-with-rc-with-3542-pieces\/","title":{"rendered":"MOULDKING KB800 VOLVO B8L BUS with RC with 3542 pieces"},"content":{"rendered":"<p>Produktinformasjon:<\/p>\n<ol>\n<li>Type: Blokker<\/li>\n<li>Kj\u00f8nn: Unisex<\/li>\n<li>Advarsel: kan ikke spise<\/li>\n<li>Aldersgruppe: &gt; 8 \u00e5r gammel<\/li>\n<li>Model Number: KB800<\/li>\n<li>Klassifisering: Montering<\/li>\n<li>Plastblokkform: Selvl\u00e5sende murstein<\/li>\n<li>Materiale: Plast<\/li>\n<li>Plasttype: ABS<\/li>\n<li>Bricks Blocks: 3542 PCS<\/li>\n<li>Inneholder detaljerte monteringsanvisninger.<\/li>\n<\/ol>\n<p>Legge merke til:<br \/>\n1. Uten original eske, men vi garanterer at v\u00e5re produkter har kvalitetssikring og pen emballasje.<br \/>\n2. Som alle delene vi har sjekket f\u00f8r frakt, s\u00e5 hvis du finner noen deler savnet eller skadet, ikke bekymre deg og bare kontakt oss, s\u00e5 kan vi sende dem til deg p\u00e5 nytt umiddelbart gratis.<\/p>\n<figure id=\"attachment_11110\" aria-describedby=\"caption-attachment-11110\" style=\"width: 800px\" class=\"wp-caption aligncenter\"><a href=\"https:\/\/mouldking.store\/wp-content\/uploads\/2021\/05\/mouldking-kb800-volvo-b8l-bus-with-rc-with-3542-pieces.jpg\"><img fetchpriority=\"high\" decoding=\"async\" class=\"wp-image-11110 size-full\" title=\"MOULDKING KB800 VOLVO B8L BUS with RC with 3542 pieces\" src=\"https:\/\/mouldking.store\/wp-content\/uploads\/2021\/05\/mouldking-kb800-volvo-b8l-bus-with-rc-with-3542-pieces.jpg\" alt=\"MOULDKING KB800 VOLVO B8L BUS with RC with 3542 pieces\" width=\"800\" height=\"800\" srcset=\"https:\/\/mouldking.store\/wp-content\/uploads\/2021\/05\/mouldking-kb800-volvo-b8l-bus-with-rc-with-3542-pieces.jpg 800w, https:\/\/mouldking.store\/wp-content\/uploads\/2021\/05\/mouldking-kb800-volvo-b8l-bus-with-rc-with-3542-pieces-300x300.jpg 300w, https:\/\/mouldking.store\/wp-content\/uploads\/2021\/05\/mouldking-kb800-volvo-b8l-bus-with-rc-with-3542-pieces-768x768.jpg 768w, https:\/\/mouldking.store\/wp-content\/uploads\/2021\/05\/mouldking-kb800-volvo-b8l-bus-with-rc-with-3542-pieces-600x600.jpg 600w, https:\/\/mouldking.store\/wp-content\/uploads\/2021\/05\/mouldking-kb800-volvo-b8l-bus-with-rc-with-3542-pieces-150x150.jpg 150w\" sizes=\"(max-width: 800px) 100vw, 800px\" \/><\/a><figcaption id=\"caption-attachment-11110\" class=\"wp-caption-text\">MOULDKING KB800 VOLVO B8L BUS with RC with 3542 pieces<\/figcaption><\/figure>\n<figure id=\"attachment_11111\" aria-describedby=\"caption-attachment-11111\" style=\"width: 800px\" class=\"wp-caption aligncenter\"><img decoding=\"async\" class=\"size-full wp-image-11111\" title=\"MOULDKING KB800 VOLVO B8L BUS with RC with 3542 pieces\" src=\"http:\/\/mouldking.store\/wp-content\/uploads\/2021\/05\/mouldking-kb800-volvo-b8l-bus-with-rc-with-3542-pieces-1.jpg\" alt=\"MOULDKING KB800 VOLVO B8L BUS with RC with 3542 pieces\" width=\"800\" height=\"800\" srcset=\"https:\/\/mouldking.store\/wp-content\/uploads\/2021\/05\/mouldking-kb800-volvo-b8l-bus-with-rc-with-3542-pieces-1.jpg 800w, https:\/\/mouldking.store\/wp-content\/uploads\/2021\/05\/mouldking-kb800-volvo-b8l-bus-with-rc-with-3542-pieces-1-300x300.jpg 300w, https:\/\/mouldking.store\/wp-content\/uploads\/2021\/05\/mouldking-kb800-volvo-b8l-bus-with-rc-with-3542-pieces-1-768x768.jpg 768w, https:\/\/mouldking.store\/wp-content\/uploads\/2021\/05\/mouldking-kb800-volvo-b8l-bus-with-rc-with-3542-pieces-1-600x600.jpg 600w, https:\/\/mouldking.store\/wp-content\/uploads\/2021\/05\/mouldking-kb800-volvo-b8l-bus-with-rc-with-3542-pieces-1-150x150.jpg 150w\" sizes=\"(max-width: 800px) 100vw, 800px\" \/><figcaption id=\"caption-attachment-11111\" class=\"wp-caption-text\">MOULDKING KB800 VOLVO B8L BUS with RC with 3542 pieces<\/figcaption><\/figure>\n<figure id=\"attachment_11112\" aria-describedby=\"caption-attachment-11112\" style=\"width: 800px\" class=\"wp-caption aligncenter\"><img decoding=\"async\" class=\"size-full wp-image-11112\" title=\"MOULDKING KB800 VOLVO B8L BUS with RC with 3542 pieces\" src=\"http:\/\/mouldking.store\/wp-content\/uploads\/2021\/05\/mouldking-kb800-volvo-b8l-bus-with-rc-with-3542-pieces-2.jpg\" alt=\"MOULDKING KB800 VOLVO B8L BUS with RC with 3542 pieces\" width=\"800\" height=\"800\" srcset=\"https:\/\/mouldking.store\/wp-content\/uploads\/2021\/05\/mouldking-kb800-volvo-b8l-bus-with-rc-with-3542-pieces-2.jpg 800w, https:\/\/mouldking.store\/wp-content\/uploads\/2021\/05\/mouldking-kb800-volvo-b8l-bus-with-rc-with-3542-pieces-2-300x300.jpg 300w, https:\/\/mouldking.store\/wp-content\/uploads\/2021\/05\/mouldking-kb800-volvo-b8l-bus-with-rc-with-3542-pieces-2-768x768.jpg 768w, https:\/\/mouldking.store\/wp-content\/uploads\/2021\/05\/mouldking-kb800-volvo-b8l-bus-with-rc-with-3542-pieces-2-600x600.jpg 600w, https:\/\/mouldking.store\/wp-content\/uploads\/2021\/05\/mouldking-kb800-volvo-b8l-bus-with-rc-with-3542-pieces-2-150x150.jpg 150w\" sizes=\"(max-width: 800px) 100vw, 800px\" \/><figcaption id=\"caption-attachment-11112\" class=\"wp-caption-text\">MOULDKING KB800 VOLVO B8L BUS with RC with 3542 pieces<\/figcaption><\/figure>\n<figure id=\"attachment_11113\" aria-describedby=\"caption-attachment-11113\" style=\"width: 800px\" class=\"wp-caption aligncenter\"><img loading=\"lazy\" decoding=\"async\" class=\"size-full wp-image-11113\" title=\"MOULDKING KB800 VOLVO B8L BUS with RC with 3542 pieces\" src=\"http:\/\/mouldking.store\/wp-content\/uploads\/2021\/05\/mouldking-kb800-volvo-b8l-bus-with-rc-with-3542-pieces-3.jpg\" alt=\"MOULDKING KB800 VOLVO B8L BUS with RC with 3542 pieces\" width=\"800\" height=\"800\" srcset=\"https:\/\/mouldking.store\/wp-content\/uploads\/2021\/05\/mouldking-kb800-volvo-b8l-bus-with-rc-with-3542-pieces-3.jpg 800w, https:\/\/mouldking.store\/wp-content\/uploads\/2021\/05\/mouldking-kb800-volvo-b8l-bus-with-rc-with-3542-pieces-3-300x300.jpg 300w, https:\/\/mouldking.store\/wp-content\/uploads\/2021\/05\/mouldking-kb800-volvo-b8l-bus-with-rc-with-3542-pieces-3-768x768.jpg 768w, https:\/\/mouldking.store\/wp-content\/uploads\/2021\/05\/mouldking-kb800-volvo-b8l-bus-with-rc-with-3542-pieces-3-600x600.jpg 600w, https:\/\/mouldking.store\/wp-content\/uploads\/2021\/05\/mouldking-kb800-volvo-b8l-bus-with-rc-with-3542-pieces-3-150x150.jpg 150w\" sizes=\"(max-width: 800px) 100vw, 800px\" \/><figcaption id=\"caption-attachment-11113\" class=\"wp-caption-text\">MOULDKING KB800 VOLVO B8L BUS with RC with 3542 pieces<\/figcaption><\/figure>\n<figure id=\"attachment_11114\" aria-describedby=\"caption-attachment-11114\" style=\"width: 800px\" class=\"wp-caption aligncenter\"><img loading=\"lazy\" decoding=\"async\" class=\"size-full wp-image-11114\" title=\"MOULDKING KB800 VOLVO B8L BUS with RC with 3542 pieces\" src=\"http:\/\/mouldking.store\/wp-content\/uploads\/2021\/05\/mouldking-kb800-volvo-b8l-bus-with-rc-with-3542-pieces-4.jpg\" alt=\"MOULDKING KB800 VOLVO B8L BUS with RC with 3542 pieces\" width=\"800\" height=\"800\" srcset=\"https:\/\/mouldking.store\/wp-content\/uploads\/2021\/05\/mouldking-kb800-volvo-b8l-bus-with-rc-with-3542-pieces-4.jpg 800w, https:\/\/mouldking.store\/wp-content\/uploads\/2021\/05\/mouldking-kb800-volvo-b8l-bus-with-rc-with-3542-pieces-4-300x300.jpg 300w, https:\/\/mouldking.store\/wp-content\/uploads\/2021\/05\/mouldking-kb800-volvo-b8l-bus-with-rc-with-3542-pieces-4-768x768.jpg 768w, https:\/\/mouldking.store\/wp-content\/uploads\/2021\/05\/mouldking-kb800-volvo-b8l-bus-with-rc-with-3542-pieces-4-600x600.jpg 600w, https:\/\/mouldking.store\/wp-content\/uploads\/2021\/05\/mouldking-kb800-volvo-b8l-bus-with-rc-with-3542-pieces-4-150x150.jpg 150w\" sizes=\"(max-width: 800px) 100vw, 800px\" \/><figcaption id=\"caption-attachment-11114\" class=\"wp-caption-text\">MOULDKING KB800 VOLVO B8L BUS with RC with 3542 pieces<\/figcaption><\/figure>\n<figure id=\"attachment_11115\" aria-describedby=\"caption-attachment-11115\" style=\"width: 800px\" class=\"wp-caption aligncenter\"><img loading=\"lazy\" decoding=\"async\" class=\"size-full wp-image-11115\" title=\"MOULDKING KB800 VOLVO B8L BUS with RC with 3542 pieces\" src=\"http:\/\/mouldking.store\/wp-content\/uploads\/2021\/05\/mouldking-kb800-volvo-b8l-bus-with-rc-with-3542-pieces-5.jpg\" alt=\"MOULDKING KB800 VOLVO B8L BUS with RC with 3542 pieces\" width=\"800\" height=\"800\" srcset=\"https:\/\/mouldking.store\/wp-content\/uploads\/2021\/05\/mouldking-kb800-volvo-b8l-bus-with-rc-with-3542-pieces-5.jpg 800w, https:\/\/mouldking.store\/wp-content\/uploads\/2021\/05\/mouldking-kb800-volvo-b8l-bus-with-rc-with-3542-pieces-5-300x300.jpg 300w, https:\/\/mouldking.store\/wp-content\/uploads\/2021\/05\/mouldking-kb800-volvo-b8l-bus-with-rc-with-3542-pieces-5-768x768.jpg 768w, https:\/\/mouldking.store\/wp-content\/uploads\/2021\/05\/mouldking-kb800-volvo-b8l-bus-with-rc-with-3542-pieces-5-600x600.jpg 600w, https:\/\/mouldking.store\/wp-content\/uploads\/2021\/05\/mouldking-kb800-volvo-b8l-bus-with-rc-with-3542-pieces-5-150x150.jpg 150w\" sizes=\"(max-width: 800px) 100vw, 800px\" \/><figcaption id=\"caption-attachment-11115\" class=\"wp-caption-text\">MOULDKING KB800 VOLVO B8L BUS with RC with 3542 pieces<\/figcaption><\/figure>\n<figure id=\"attachment_11116\" aria-describedby=\"caption-attachment-11116\" style=\"width: 800px\" class=\"wp-caption aligncenter\"><img loading=\"lazy\" decoding=\"async\" class=\"size-full wp-image-11116\" title=\"MOULDKING KB800 VOLVO B8L BUS with RC with 3542 pieces\" src=\"http:\/\/mouldking.store\/wp-content\/uploads\/2021\/05\/mouldking-kb800-volvo-b8l-bus-with-rc-with-3542-pieces-6.jpg\" alt=\"MOULDKING KB800 VOLVO B8L BUS with RC with 3542 pieces\" width=\"800\" height=\"800\" srcset=\"https:\/\/mouldking.store\/wp-content\/uploads\/2021\/05\/mouldking-kb800-volvo-b8l-bus-with-rc-with-3542-pieces-6.jpg 800w, https:\/\/mouldking.store\/wp-content\/uploads\/2021\/05\/mouldking-kb800-volvo-b8l-bus-with-rc-with-3542-pieces-6-300x300.jpg 300w, https:\/\/mouldking.store\/wp-content\/uploads\/2021\/05\/mouldking-kb800-volvo-b8l-bus-with-rc-with-3542-pieces-6-768x768.jpg 768w, https:\/\/mouldking.store\/wp-content\/uploads\/2021\/05\/mouldking-kb800-volvo-b8l-bus-with-rc-with-3542-pieces-6-600x600.jpg 600w, https:\/\/mouldking.store\/wp-content\/uploads\/2021\/05\/mouldking-kb800-volvo-b8l-bus-with-rc-with-3542-pieces-6-150x150.jpg 150w\" sizes=\"(max-width: 800px) 100vw, 800px\" \/><figcaption id=\"caption-attachment-11116\" class=\"wp-caption-text\">MOULDKING KB800 VOLVO B8L BUS with RC with 3542 pieces<\/figcaption><\/figure>\n<figure id=\"attachment_11117\" aria-describedby=\"caption-attachment-11117\" style=\"width: 800px\" class=\"wp-caption aligncenter\"><img loading=\"lazy\" decoding=\"async\" class=\"size-full wp-image-11117\" title=\"MOULDKING KB800 VOLVO B8L BUS with RC with 3542 pieces\" src=\"http:\/\/mouldking.store\/wp-content\/uploads\/2021\/05\/mouldking-kb800-volvo-b8l-bus-with-rc-with-3542-pieces-7.jpg\" alt=\"MOULDKING KB800 VOLVO B8L BUS with RC with 3542 pieces\" width=\"800\" height=\"800\" srcset=\"https:\/\/mouldking.store\/wp-content\/uploads\/2021\/05\/mouldking-kb800-volvo-b8l-bus-with-rc-with-3542-pieces-7.jpg 800w, https:\/\/mouldking.store\/wp-content\/uploads\/2021\/05\/mouldking-kb800-volvo-b8l-bus-with-rc-with-3542-pieces-7-300x300.jpg 300w, https:\/\/mouldking.store\/wp-content\/uploads\/2021\/05\/mouldking-kb800-volvo-b8l-bus-with-rc-with-3542-pieces-7-768x768.jpg 768w, https:\/\/mouldking.store\/wp-content\/uploads\/2021\/05\/mouldking-kb800-volvo-b8l-bus-with-rc-with-3542-pieces-7-600x600.jpg 600w, https:\/\/mouldking.store\/wp-content\/uploads\/2021\/05\/mouldking-kb800-volvo-b8l-bus-with-rc-with-3542-pieces-7-150x150.jpg 150w\" sizes=\"(max-width: 800px) 100vw, 800px\" \/><figcaption id=\"caption-attachment-11117\" class=\"wp-caption-text\">MOULDKING KB800 VOLVO B8L BUS with RC with 3542 pieces<\/figcaption><\/figure>\n<figure id=\"attachment_11118\" aria-describedby=\"caption-attachment-11118\" style=\"width: 800px\" class=\"wp-caption aligncenter\"><img loading=\"lazy\" decoding=\"async\" class=\"size-full wp-image-11118\" title=\"MOULDKING KB800 VOLVO B8L BUS with RC with 3542 pieces\" src=\"http:\/\/mouldking.store\/wp-content\/uploads\/2021\/05\/mouldking-kb800-volvo-b8l-bus-with-rc-with-3542-pieces-8.jpg\" alt=\"MOULDKING KB800 VOLVO B8L BUS with RC with 3542 pieces\" width=\"800\" height=\"800\" srcset=\"https:\/\/mouldking.store\/wp-content\/uploads\/2021\/05\/mouldking-kb800-volvo-b8l-bus-with-rc-with-3542-pieces-8.jpg 800w, https:\/\/mouldking.store\/wp-content\/uploads\/2021\/05\/mouldking-kb800-volvo-b8l-bus-with-rc-with-3542-pieces-8-300x300.jpg 300w, https:\/\/mouldking.store\/wp-content\/uploads\/2021\/05\/mouldking-kb800-volvo-b8l-bus-with-rc-with-3542-pieces-8-768x768.jpg 768w, https:\/\/mouldking.store\/wp-content\/uploads\/2021\/05\/mouldking-kb800-volvo-b8l-bus-with-rc-with-3542-pieces-8-600x600.jpg 600w, https:\/\/mouldking.store\/wp-content\/uploads\/2021\/05\/mouldking-kb800-volvo-b8l-bus-with-rc-with-3542-pieces-8-150x150.jpg 150w\" sizes=\"(max-width: 800px) 100vw, 800px\" \/><figcaption id=\"caption-attachment-11118\" class=\"wp-caption-text\">MOULDKING KB800 VOLVO B8L BUS with RC with 3542 pieces<\/figcaption><\/figure>\n<figure id=\"attachment_11119\" aria-describedby=\"caption-attachment-11119\" style=\"width: 800px\" class=\"wp-caption aligncenter\"><img loading=\"lazy\" decoding=\"async\" class=\"size-full wp-image-11119\" title=\"MOULDKING KB800 VOLVO B8L BUS with RC with 3542 pieces\" src=\"http:\/\/mouldking.store\/wp-content\/uploads\/2021\/05\/mouldking-kb800-volvo-b8l-bus-with-rc-with-3542-pieces-9.jpg\" alt=\"MOULDKING KB800 VOLVO B8L BUS with RC with 3542 pieces\" width=\"800\" height=\"800\" srcset=\"https:\/\/mouldking.store\/wp-content\/uploads\/2021\/05\/mouldking-kb800-volvo-b8l-bus-with-rc-with-3542-pieces-9.jpg 800w, https:\/\/mouldking.store\/wp-content\/uploads\/2021\/05\/mouldking-kb800-volvo-b8l-bus-with-rc-with-3542-pieces-9-300x300.jpg 300w, https:\/\/mouldking.store\/wp-content\/uploads\/2021\/05\/mouldking-kb800-volvo-b8l-bus-with-rc-with-3542-pieces-9-768x768.jpg 768w, https:\/\/mouldking.store\/wp-content\/uploads\/2021\/05\/mouldking-kb800-volvo-b8l-bus-with-rc-with-3542-pieces-9-600x600.jpg 600w, https:\/\/mouldking.store\/wp-content\/uploads\/2021\/05\/mouldking-kb800-volvo-b8l-bus-with-rc-with-3542-pieces-9-150x150.jpg 150w\" sizes=\"(max-width: 800px) 100vw, 800px\" \/><figcaption id=\"caption-attachment-11119\" class=\"wp-caption-text\">MOULDKING KB800 VOLVO B8L BUS with RC with 3542 pieces<\/figcaption><\/figure>\n<figure id=\"attachment_11120\" aria-describedby=\"caption-attachment-11120\" style=\"width: 800px\" class=\"wp-caption aligncenter\"><img loading=\"lazy\" decoding=\"async\" class=\"size-full wp-image-11120\" title=\"MOULDKING KB800 VOLVO B8L BUS with RC with 3542 pieces\" src=\"http:\/\/mouldking.store\/wp-content\/uploads\/2021\/05\/mouldking-kb800-volvo-b8l-bus-with-rc-with-3542-pieces-10.jpg\" alt=\"MOULDKING KB800 VOLVO B8L BUS with RC with 3542 pieces\" width=\"800\" height=\"800\" srcset=\"https:\/\/mouldking.store\/wp-content\/uploads\/2021\/05\/mouldking-kb800-volvo-b8l-bus-with-rc-with-3542-pieces-10.jpg 800w, https:\/\/mouldking.store\/wp-content\/uploads\/2021\/05\/mouldking-kb800-volvo-b8l-bus-with-rc-with-3542-pieces-10-300x300.jpg 300w, https:\/\/mouldking.store\/wp-content\/uploads\/2021\/05\/mouldking-kb800-volvo-b8l-bus-with-rc-with-3542-pieces-10-768x768.jpg 768w, https:\/\/mouldking.store\/wp-content\/uploads\/2021\/05\/mouldking-kb800-volvo-b8l-bus-with-rc-with-3542-pieces-10-600x600.jpg 600w, https:\/\/mouldking.store\/wp-content\/uploads\/2021\/05\/mouldking-kb800-volvo-b8l-bus-with-rc-with-3542-pieces-10-150x150.jpg 150w\" sizes=\"(max-width: 800px) 100vw, 800px\" \/><figcaption id=\"caption-attachment-11120\" class=\"wp-caption-text\">MOULDKING KB800 VOLVO B8L BUS with RC with 3542 pieces<\/figcaption><\/figure>\n<figure id=\"attachment_11121\" aria-describedby=\"caption-attachment-11121\" style=\"width: 800px\" class=\"wp-caption aligncenter\"><img loading=\"lazy\" decoding=\"async\" class=\"size-full wp-image-11121\" title=\"MOULDKING KB800 VOLVO B8L BUS with RC with 3542 pieces\" src=\"http:\/\/mouldking.store\/wp-content\/uploads\/2021\/05\/mouldking-kb800-volvo-b8l-bus-with-rc-with-3542-pieces-11.jpg\" alt=\"MOULDKING KB800 VOLVO B8L BUS with RC with 3542 pieces\" width=\"800\" height=\"800\" srcset=\"https:\/\/mouldking.store\/wp-content\/uploads\/2021\/05\/mouldking-kb800-volvo-b8l-bus-with-rc-with-3542-pieces-11.jpg 800w, https:\/\/mouldking.store\/wp-content\/uploads\/2021\/05\/mouldking-kb800-volvo-b8l-bus-with-rc-with-3542-pieces-11-300x300.jpg 300w, https:\/\/mouldking.store\/wp-content\/uploads\/2021\/05\/mouldking-kb800-volvo-b8l-bus-with-rc-with-3542-pieces-11-768x768.jpg 768w, https:\/\/mouldking.store\/wp-content\/uploads\/2021\/05\/mouldking-kb800-volvo-b8l-bus-with-rc-with-3542-pieces-11-600x600.jpg 600w, https:\/\/mouldking.store\/wp-content\/uploads\/2021\/05\/mouldking-kb800-volvo-b8l-bus-with-rc-with-3542-pieces-11-150x150.jpg 150w\" sizes=\"(max-width: 800px) 100vw, 800px\" \/><figcaption id=\"caption-attachment-11121\" class=\"wp-caption-text\">MOULDKING KB800 VOLVO B8L BUS with RC with 3542 pieces<\/figcaption><\/figure>","protected":false},"excerpt":{"rendered":"<p>Product information: Type: Blocks Gender: Unisex Warning: can not eat Age Range: &gt; 8 years old Model Number: KB800 Classification: Assemblage Plastic Block Shape: Self-Locking Bricks Material: Plastic Plastic Type: ABS Bricks Blocks: 3542 PCS Contains detailed assembly instructions. Notice: 1. Without an original box, but we guarantee our products have quality assurance and nice [&hellip;]<\/p>","protected":false},"featured_media":11110,"comment_status":"open","ping_status":"closed","template":"","meta":{"_acf_changed":false},"product_cat":[364],"product_tag":[1278,1277,1279],"class_list":["product","first","instock","sale","shipping-taxable","purchasable","product-type-simple"],"acf":[],"_links":{"self":[{"href":"https:\/\/mouldking.store\/nb\/wp-json\/wp\/v2\/product\/11109","targetHints":{"allow":["GET"]}}],"collection":[{"href":"https:\/\/mouldking.store\/nb\/wp-json\/wp\/v2\/product"}],"about":[{"href":"https:\/\/mouldking.store\/nb\/wp-json\/wp\/v2\/types\/product"}],"replies":[{"embeddable":true,"href":"https:\/\/mouldking.store\/nb\/wp-json\/wp\/v2\/comments?post=11109"}],"wp:featuredmedia":[{"embeddable":true,"href":"https:\/\/mouldking.store\/nb\/wp-json\/wp\/v2\/media\/11110"}],"wp:attachment":[{"href":"https:\/\/mouldking.store\/nb\/wp-json\/wp\/v2\/media?parent=11109"}],"wp:term":[{"taxonomy":"product_cat","embeddable":true,"href":"https:\/\/mouldking.store\/nb\/wp-json\/wp\/v2\/product_cat?post=11109"},{"taxonomy":"product_tag","embeddable":true,"href":"https:\/\/mouldking.store\/nb\/wp-json\/wp\/v2\/product_tag?post=11109"}],"curies":[{"name":"wp","href":"https:\/\/api.w.org\/{rel}","templated":true}]}}